{"id":3,"date":"2025-01-21T12:56:32","date_gmt":"2025-01-21T12:56:32","guid":{"rendered":"https:\/\/getsolbio.com\/?page_id=3"},"modified":"2025-02-04T10:32:38","modified_gmt":"2025-02-04T09:32:38","slug":"privacy-policy","status":"publish","type":"page","link":"http:\/\/getsolbio.com\/de\/privacy-policy\/","title":{"rendered":"Datenschutzbestimmungen"},"content":{"rendered":"<p><a href=\"https:\/\/getsolbio.com\/de\/\">https:\/\/getsolbio.com\/<\/a><\/p>\n\n\n\n<h2 class=\"wp-block-heading\">Zu unserer Datenschutzpolitik<\/h2>\n\n\n\n<p>Vielen Dank f\u00fcr Ihr Interesse an unserem Online Shop. Der Schutz Ihrer Privatsph\u00e4re ist f\u00fcr uns sehr wichtig. Nachstehend informieren wir Sie ausf\u00fchrlich \u00fcber den Umgang mit Ihren Daten.<\/p>\n\n\n\n<p>Solbio BVBA legt gro\u00dfen Wert auf den Schutz Ihrer Privatsph\u00e4re. Wir verarbeiten daher nur Daten, die wir zur Verbesserung unserer Dienstleistungen ben\u00f6tigen, und gehen mit den Informationen, die wir \u00fcber Sie und Ihre Nutzung unserer Dienstleistungen gesammelt haben, sorgf\u00e4ltig um. Wir geben Ihre Daten niemals zu kommerziellen Zwecken an Dritte weiter. Diese Datenschutzerkl\u00e4rung gilt f\u00fcr die Nutzung der Website und der von Solbio BVBA angebotenen Dienste. Das Datum der G\u00fcltigkeit dieser Bedingungen ist der 01.02.2025, mit der Ver\u00f6ffentlichung einer neuen Version erlischt die G\u00fcltigkeit aller vorherigen Versionen. Diese Datenschutzerkl\u00e4rung beschreibt, welche Daten \u00fcber Sie von uns erhoben werden, wof\u00fcr diese Daten verwendet werden und mit wem und unter welchen Bedingungen diese Daten an Dritte weitergegeben werden k\u00f6nnen. Wir erl\u00e4utern Ihnen auch, wie wir Ihre Daten speichern und wie wir sie vor Missbrauch sch\u00fctzen und welche Rechte Sie in Bezug auf die Informationen haben, die Sie uns zur Verf\u00fcgung stellen. Wenn Sie Fragen zu unserer Datenschutzpolitik haben, wenden Sie sich bitte an unseren Ansprechpartner f\u00fcr Datenschutz, dessen Kontaktdaten Sie am Ende unserer Datenschutzpolitik finden.<\/p>\n\n\n\n<h2 class=\"wp-block-heading\">\u00dcber die Datenverarbeitung<\/h2>\n\n\n\n<p>Nachfolgend k\u00f6nnen Sie nachlesen, wie wir Ihre Daten verarbeiten, wo wir diese speichern ( lassen ), welche Sicherheitstechniken wir einsetzen und f\u00fcr wen die Daten transparent sind.<\/p>\n\n\n\n<h2 class=\"wp-block-heading\">Webshop Software<\/h2>\n\n\n\n<p><em>WooCommerce<\/em><\/p>\n\n\n\n<p>Unser Webshop ist mit der Software WooCommerce entwickelt worden. Pers\u00f6nliche Daten, die Sie uns f\u00fcr die Zwecke unserer Dienstleistungen zur Verf\u00fcgung stellen, werden mit dieser Partei geteilt. WooCommerce hat Zugang zu Ihren Daten, um uns (technische) Unterst\u00fctzung zu leisten, und wird Ihre Daten niemals f\u00fcr andere Zwecke verwenden. WooCommerce ist verpflichtet, auf der Grundlage der mit uns geschlossenen Vereinbarung angemessene Sicherheitsma\u00dfnahmen zu ergreifen. WooCommerce verwendet Cookies, um technische Informationen \u00fcber Ihre Nutzung der Software zu sammeln, es werden keine personenbezogenen Daten erhoben und\/oder gespeichert.<\/p>\n\n\n\n<h2 class=\"wp-block-heading\">Webhosting<\/h2>\n\n\n\n<p><em>JustHost<\/em><\/p>\n\n\n\n<p>Wir kaufen Webhosting- und E-Mail-Dienste von JustHost. JustHost verarbeitet personenbezogene Daten in unserem Auftrag und verwendet Ihre Daten nicht f\u00fcr eigene Zwecke. Allerdings kann diese Partei Metadaten \u00fcber die Nutzung der Dienste sammeln. Dabei handelt es sich nicht um personenbezogene Daten. JustHost hat angemessene technische und organisatorische Ma\u00dfnahmen ergriffen, um den Verlust und die unbefugte Nutzung Ihrer personenbezogenen Daten zu verhindern. JustHost ist durch den Vertrag zur Geheimhaltung verpflichtet.<\/p>\n\n\n\n<h2 class=\"wp-block-heading\">Email uns Mailing Listen<\/h2>\n\n\n\n<p><em>Breevo<\/em><\/p>\n\n\n\n<p>Wir versenden unsere E-Mail-Newsletter mit Breevo. Breevo wird Ihren Namen und Ihre E-Mail-Adresse niemals f\u00fcr eigene Zwecke verwenden. Am Ende jeder E-Mail, die automatisch \u00fcber unsere Website verschickt wird, finden Sie den Link \u201eAbmelden\u201c. Sie werden unseren Newsletter dann nicht mehr erhalten. Ihre pers\u00f6nlichen Daten werden von Breevo sicher gespeichert. Breevo verwendet Cookies und andere Internettechnologien, die Aufschluss dar\u00fcber geben, ob E-Mails ge\u00f6ffnet und gelesen werden. Breevo beh\u00e4lt sich das Recht vor, Ihre Daten zur weiteren Verbesserung des Dienstes zu verwenden und in diesem Zusammenhang Informationen mit Dritten zu teilen.<\/p>\n\n\n\n<p><em>Office365<\/em><\/p>\n\n\n\n<p>Wir nutzen die Dienste von Office365 f\u00fcr unseren regelm\u00e4\u00dfigen gesch\u00e4ftlichen E-Mail-Verkehr. Dieser hat geeignete technische und organisatorische Ma\u00dfnahmen ergriffen, um Missbrauch, Verlust und Verf\u00e4lschung Ihrer und unserer Daten so weit wie m\u00f6glich zu verhindern. Office365 hat keinen Zugriff auf unsere Mailbox und wir behandeln unseren gesamten E-Mail-Verkehr vertraulich.<\/p>\n\n\n\n<h2 class=\"wp-block-heading\">Zahlungsdienstleister<\/h2>\n\n\n\n<p><em>Mollie<\/em><\/p>\n\n\n\n<p>Wir verwenden die Mollie-Plattform, um einen (Teil) der Zahlungen in unserem Webshop abzuwickeln. Mollie verarbeitet Ihren Namen, Ihre Adresse und Ihre Wohnsitzdaten sowie Ihre Zahlungsdaten wie Ihre Bankverbindung oder Kreditkartennummer. Mollie hat geeignete technische und organisatorische Ma\u00dfnahmen ergriffen, um Ihre pers\u00f6nlichen Daten zu sch\u00fctzen. Mollie beh\u00e4lt sich das Recht vor, Ihre Daten zur weiteren Verbesserung des Dienstes zu nutzen und (anonymisierte) Daten mit Dritten zu teilen. Alle oben genannten Garantien zum Schutz Ihrer pers\u00f6nlichen Daten gelten auch f\u00fcr die Teile der Dienstleistungen von Mollie, f\u00fcr die sie Dritte beauftragt. Mollie speichert Ihre Daten nicht l\u00e4nger, als es die gesetzlichen Bestimmungen erlauben.<\/p>\n\n\n\n<h2 class=\"wp-block-heading\">Reviews<br><\/h2>\n\n\n\n<h2 class=\"wp-block-heading\">Versand und Logistik<\/h2>\n\n\n\n<p><em>Shop We Do e-fullfilment<\/em><\/p>\n\n\n\n<p>Wenn Sie eine Bestellung bei uns aufgeben, ist es unsere Aufgabe, Ihr Paket an Sie zu liefern. Wir nehmen die Dienste von Shop We Do e-fullfilment in Anspruch, um die Lieferungen auszuf\u00fchren. Daher ist es notwendig, dass wir Ihren Namen, Ihre Adresse und Ihre Wohnsitzdaten an Shop We Do e-fullfilment weitergeben. Shop We Do e-fullfilment verwendet diese Daten nur zum Zweck der Vertragserf\u00fcllung. F\u00fcr den Fall, dass Shop We Do e-fullfilment Subunternehmer einsetzt, stellt Shop We Do e-fullfilment Ihre Daten auch diesen Parteien zur Verf\u00fcgung.<\/p>\n\n\n\n<h2 class=\"wp-block-heading\">Rechnungsstellung und Buchhaltung<\/h2>\n\n\n\n<p><em>Exact Online and Afosto<\/em><\/p>\n\n\n\n<p>Wir nutzen die Dienste von Exact Online und Afosto, um unsere Verwaltung und Buchhaltung zu verwalten. Wir geben Ihren Namen, Ihre Adresse und Ihren Wohnort sowie Angaben zu Ihrer Bestellung weiter. Diese Daten werden f\u00fcr die Verwaltung der Verkaufsrechnungen verwendet. Ihre pers\u00f6nlichen Daten werden gesch\u00fctzt \u00fcbermittelt und gespeichert. Exact Online und Afosto haben die notwendigen technischen und organisatorischen Ma\u00dfnahmen getroffen, um Ihre Daten vor Verlust und unberechtigter Nutzung zu sch\u00fctzen. Exact Online und Afosto sind zur Verschwiegenheit verpflichtet und werden Ihre Daten vertraulich behandeln. Exact Online und Afosto verwenden Ihre pers\u00f6nlichen Daten nicht f\u00fcr andere als die oben beschriebenen Zwecke.<\/p>\n\n\n\n<p><em>Exact Online<\/em><\/p>\n\n\n\n<p>Wir nutzen die Dienste von Exact Online und Afosto, um unsere Verwaltung und Buchhaltung zu verwalten. Wir geben Ihren Namen, Ihre Adresse und Ihren Wohnort sowie Angaben zu Ihrer Bestellung weiter. Diese Daten werden f\u00fcr die Verwaltung der Verkaufsrechnungen verwendet. Ihre pers\u00f6nlichen Daten werden gesch\u00fctzt \u00fcbermittelt und gespeichert. Exact Online und Afosto haben die notwendigen technischen und organisatorischen Ma\u00dfnahmen getroffen, um Ihre Daten vor Verlust und unberechtigter Nutzung zu sch\u00fctzen. Exact Online und Afosto sind zur Verschwiegenheit verpflichtet und werden Ihre Daten vertraulich behandeln. Exact Online und Afosto verwenden Ihre pers\u00f6nlichen Daten nicht f\u00fcr andere als die oben beschriebenen Zwecke.<\/p>\n\n\n\n<h2 class=\"wp-block-heading\">Externe Verkaufskan\u00e4le<\/h2>\n\n\n\n<p><em>Bol.com<\/em><\/p>\n\n\n\n<p>Wir verkaufen (einen Teil) unserer Artikel \u00fcber die Plattform Bol.com. Wenn Sie eine Bestellung \u00fcber diese Plattform aufgeben, gibt Bol.com Ihre Bestellung und Ihre pers\u00f6nlichen Daten an uns weiter. Wir verwenden diese Informationen, um Ihre Bestellung zu bearbeiten. Wir behandeln Ihre Daten vertraulich und haben geeignete technische und organisatorische Ma\u00dfnahmen ergriffen, um Ihre Daten vor Verlust und unbefugter Nutzung zu sch\u00fctzen.<\/p>\n\n\n\n<h2 class=\"wp-block-heading\">Zweck der Datenverarbeitung<\/h2>\n\n\n\n<p><em>Genereller Zweck der Datenverarbeitung<\/em><\/p>\n\n\n\n<p>Wir verwenden Ihre Daten nur zur Erbringung unserer Dienstleistungen. Das bedeutet, dass der Zweck der Verarbeitung immer in direktem Zusammenhang mit dem von Ihnen erteilten Auftrag steht. Wir verwenden Ihre Daten nicht f\u00fcr (gezieltes) Marketing. Wenn Sie uns Daten zur Verf\u00fcgung stellen und wir diese Daten verwenden, um Sie zu einem sp\u00e4teren Zeitpunkt zu kontaktieren, ohne dass Sie uns darum gebeten haben, bitten wir Sie um Ihre ausdr\u00fcckliche Erlaubnis, dies zu tun. Ihre Daten werden nicht an Dritte weitergegeben, es sei denn, um buchhalterischen und anderen administrativen Verpflichtungen nachzukommen. Diese Dritten sind durch die Vereinbarung zwischen ihnen und uns oder durch einen Eid oder eine gesetzliche Verpflichtung zur Geheimhaltung verpflichtet.<\/p>\n\n\n\n<p><strong><em>Automatisch erfasste Daten<\/em><\/strong><\/p>\n\n\n\n<p>Daten, die von unserer Website automatisch erfasst werden, werden mit dem Ziel verarbeitet, unsere Dienstleistungen weiter zu verbessern. Diese Daten (z. B. Ihre IP-Adresse, Ihr Webbrowser und Ihr Betriebssystem) sind keine personenbezogenen Daten.<\/p>\n\n\n\n<p><em>Zusammenarbeit bei Steuer- und Strafermittlungen<\/em><\/p>\n\n\n\n<p>Gegebenenfalls kann Solbio BVBA aufgrund einer gesetzlichen Verpflichtung zur Weitergabe Ihrer Daten im Zusammenhang mit staatlichen Steuer- oder Strafermittlungen verpflichtet sein. In einem solchen Fall sind wir gezwungen, Ihre Daten weiterzugeben, aber wir werden uns im Rahmen der uns gesetzlich zustehenden M\u00f6glichkeiten dagegen wehren.<\/p>\n\n\n\n<p><em>Aufbewahrungsfristen<\/em><\/p>\n\n\n\n<p>Wir speichern Ihre Daten, solange Sie Kunde bei uns sind. Das bedeutet, dass wir Ihr Kundenprofil so lange aufbewahren, bis Sie angeben, dass Sie unsere Dienste nicht mehr in Anspruch nehmen m\u00f6chten. Wenn Sie uns dies mitteilen, betrachten wir dies auch als einen Antrag auf Vergessen. Aufgrund der geltenden Verwaltungsvorschriften m\u00fcssen wir Rechnungen mit Ihren (personenbezogenen) Daten aufbewahren, so dass wir diese Daten so lange aufbewahren, wie die entsprechende Frist l\u00e4uft. Die Mitarbeiter haben jedoch keinen Zugriff mehr auf Ihr Kundenprofil und die Dokumente, die wir im Rahmen Ihres Auftrags erstellt haben.<\/p>\n\n\n\n<h2 class=\"wp-block-heading\">Ihre Rechte<\/h2>\n\n\n\n<p>Gem\u00e4\u00df den geltenden niederl\u00e4ndischen und europ\u00e4ischen Rechtsvorschriften haben Sie als betroffene Person bestimmte Rechte in Bezug auf die von uns oder in unserem Auftrag verarbeiteten personenbezogenen Daten. Wir erl\u00e4utern im Folgenden, welche Rechte dies sind und wie Sie diese Rechte geltend machen k\u00f6nnen. Um Missbrauch zu vermeiden, senden wir grunds\u00e4tzlich nur Kopien und Abschriften Ihrer Daten an Ihre uns bereits bekannte E-Mail-Adresse. Falls Sie die Daten an eine andere E-Mail-Adresse oder z. B. per Post erhalten m\u00f6chten, werden wir Sie bitten, sich auszuweisen. Wir f\u00fchren Aufzeichnungen \u00fcber erledigte Anfragen, im Falle einer vergessenen Anfrage verwalten wir anonymisierte Daten. Sie erhalten alle Kopien und Abschriften der Daten in dem maschinenlesbaren Datenformat, das wir innerhalb unserer Systeme verwenden. Sie haben das Recht, jederzeit eine Beschwerde bei der niederl\u00e4ndischen Datenschutzbeh\u00f6rde einzureichen, wenn Sie den Verdacht haben, dass wir Ihre personenbezogenen Daten nicht ordnungsgem\u00e4\u00df verwenden. Auskunftsrecht Sie haben jederzeit das Recht, die Daten einzusehen, die wir verarbeiten ( lassen ) und die sich auf Ihre Person beziehen oder auf diese zur\u00fcckgef\u00fchrt werden k\u00f6nnen. Eine entsprechende Anfrage k\u00f6nnen Sie an unsere Kontaktperson f\u00fcr Datenschutzfragen stellen. Sie werden dann innerhalb von 30 Tagen eine Antwort auf Ihre Anfrage erhalten. Wenn Ihrem Antrag stattgegeben wird, senden wir Ihnen eine Kopie aller Daten mit einer \u00dcbersicht der Verarbeiter, die \u00fcber diese Daten verf\u00fcgen, an die uns bekannte E-Mail-Adresse, unter Angabe der Kategorie, unter der wir diese Daten gespeichert haben.Gem\u00e4\u00df den geltenden niederl\u00e4ndischen und europ\u00e4ischen Rechtsvorschriften haben Sie als betroffene Person bestimmte Rechte in Bezug auf die von uns oder in unserem Auftrag verarbeiteten personenbezogenen Daten. Wir erl\u00e4utern im Folgenden, welche Rechte dies sind und wie Sie diese Rechte geltend machen k\u00f6nnen. Um Missbrauch zu vermeiden, senden wir grunds\u00e4tzlich nur Kopien und Abschriften Ihrer Daten an Ihre uns bereits bekannte E-Mail-Adresse. Falls Sie die Daten an eine andere E-Mail-Adresse oder z. B. per Post erhalten m\u00f6chten, werden wir Sie bitten, sich auszuweisen. Wir f\u00fchren Aufzeichnungen \u00fcber erledigte Anfragen, im Falle einer vergessenen Anfrage verwalten wir anonymisierte Daten. Sie erhalten alle Kopien und Abschriften von Daten in dem maschinenlesbaren Datenformat, das wir innerhalb unserer Systeme verwenden. Sie haben jederzeit das Recht, eine Beschwerde bei der niederl\u00e4ndischen Datenschutzbeh\u00f6rde einzureichen, wenn Sie den Verdacht haben, dass wir Ihre personenbezogenen Daten nicht korrekt verwenden. Auskunftsrecht Sie haben jederzeit das Recht, die Daten einzusehen, die wir verarbeiten ( lassen ) und die sich auf Ihre Person beziehen oder auf diese zur\u00fcckgef\u00fchrt werden k\u00f6nnen. Eine entsprechende Anfrage k\u00f6nnen Sie an unsere Kontaktperson f\u00fcr Datenschutzfragen stellen. Sie erhalten dann innerhalb von 30 Tagen eine Antwort auf Ihren Antrag.   Wenn Ihrem Antrag stattgegeben wird, senden wir Ihnen eine Kopie aller Daten mit einer \u00dcbersicht der Verarbeiter, die \u00fcber diese Daten verf\u00fcgen, an die uns bekannte E-Mail-Adresse, unter Angabe der Kategorie, unter der wir diese Daten gespeichert haben.<\/p>\n\n\n\n<p><em>Richtigstellung<\/em><\/p>\n\n\n\n<p>Sie haben jederzeit das Recht auf Auskunft \u00fcber die Daten, die wir verarbeiten (lassen) und die sich auf Ihre Person beziehen oder die sich auf diese zur\u00fcckf\u00fchren lassen. Sie k\u00f6nnen einen entsprechenden Antrag an unsere Kontaktperson f\u00fcr Datenschutzfragen stellen. Sie erhalten dann innerhalb von 30 Tagen eine Antwort auf Ihren Antrag. Wenn Ihrem Antrag stattgegeben wird, senden wir Ihnen an die uns bekannte E-Mail-Adresse eine Best\u00e4tigung, dass die Daten angepasst wurden.<\/p>\n\n\n\n<p><em>Recht auf Einschr\u00e4nkung der Verarbeitung<\/em><\/p>\n\n\n\n<p>Sie haben jederzeit das Recht auf Auskunft \u00fcber die Daten, die wir verarbeiten (lassen) und die sich auf Ihre Person beziehen oder die sich auf diese zur\u00fcckf\u00fchren lassen. Sie k\u00f6nnen einen entsprechenden Antrag an unsere Kontaktperson f\u00fcr Datenschutzfragen stellen. Sie erhalten dann innerhalb von 30 Tagen eine Antwort auf Ihren Antrag. Wenn Ihrem Antrag stattgegeben wird, senden wir Ihnen an die uns bekannte E-Mail-Adresse eine Best\u00e4tigung, dass die Daten angepasst wurden.<\/p>\n\n\n\n<p><em>Recht auf Daten\u00fcbertragbarkeit<\/em><\/p>\n\n\n\n<p>Sie haben jederzeit das Recht auf Auskunft \u00fcber die Daten, die wir verarbeiten (lassen) und die sich auf Ihre Person beziehen oder die sich auf diese zur\u00fcckf\u00fchren lassen. Sie k\u00f6nnen einen entsprechenden Antrag an unsere Kontaktperson f\u00fcr Datenschutzfragen stellen. Sie erhalten dann innerhalb von 30 Tagen eine Antwort auf Ihren Antrag. Wenn Ihrem Antrag stattgegeben wird, senden wir Ihnen an die uns bekannte E-Mail-Adresse eine Best\u00e4tigung, dass die Daten angepasst wurden.<\/p>\n\n\n\n<p><em>Widerspruchsrecht und andere Rechte<\/em><\/p>\n\n\n\n<p>Sie haben gegebenenfalls das Recht, der Verarbeitung Ihrer personenbezogenen Daten durch oder im Namen von Solbio BVBA zu widersprechen. Wenn Sie Widerspruch einlegen, werden wir die Datenverarbeitung bis zur Erledigung Ihres Widerspruchs unverz\u00fcglich einstellen. Wenn Ihr Widerspruch begr\u00fcndet ist, werden wir Ihnen Kopien und\/oder Abschriften der von uns verarbeiteten Daten ( ) zur Verf\u00fcgung stellen und dann die Verarbeitung endg\u00fcltig einstellen. Sie haben auch das Recht, nicht einer automatisierten individuellen Entscheidungsfindung oder einem Profiling unterworfen zu werden. Wir verarbeiten Ihre Daten nicht in der Weise, dass dieses Recht Anwendung findet. Wenn Sie der Meinung sind, dass dies der Fall ist, wenden Sie sich bitte an unsere Kontaktperson f\u00fcr Datenschutzfragen.<\/p>\n\n\n\n<h2 class=\"wp-block-heading\">Cookies<\/h2>\n\n\n\n<p><em>Google Analytics<\/em><\/p>\n\n\n\n<p>\u00dcber unsere Website werden Cookies von der amerikanischen Firma Google im Rahmen des Dienstes \u201eAnalytics\u201c gesetzt. Wir nutzen diesen Dienst, um zu verfolgen und Berichte dar\u00fcber zu erhalten, wie Besucher die Website nutzen. Dieser Verarbeiter kann aufgrund der geltenden Gesetze und Vorschriften verpflichtet sein, Zugang zu diesen Daten zu gew\u00e4hren. Wir sammeln Informationen \u00fcber Ihr Surfverhalten und teilen diese Daten mit Google. Google kann diese Informationen in Verbindung mit anderen Datens\u00e4tzen auswerten und so Ihre Bewegungen im Internet verfolgen. Google nutzt diese Informationen, um gezielte Werbung ( Adwords ) und andere Google-Dienste und -Produkte anzubieten.<\/p>\n\n\n\n<p><em>Third-party cookies<\/em><\/p>\n\n\n\n<p>F\u00fcr den Fall, dass Softwarel\u00f6sungen von Dritten Cookies verwenden, wird dies in dieser Datenschutzerkl\u00e4rung angegeben.<\/p>\n\n\n\n<h2 class=\"wp-block-heading\">\u00c4nderungen der Datenschutzrichtlinie<\/h2>\n\n\n\n<p>Wir behalten uns das Recht vor, unsere Datenschutzpolitik jederzeit zu \u00e4ndern. Sie finden jedoch immer die aktuellste Version auf dieser Seite. Sollte die neue Datenschutzrichtlinie Auswirkungen auf die Art und Weise haben, wie wir bereits \u00fcber Sie erhobene Daten verarbeiten, werden wir Sie per E-Mail benachrichtigen.<\/p>\n\n\n\n<h2 class=\"wp-block-heading\">Contact details<\/h2>\n\n\n\n<p>Solbio BVBA<br>Oud Gooreind 31<br>2990 Wuustwezel<br>Belgium<br>E contact(@)solbio.be<br>Contact person for privacy matters<br>Carlo Debaeke<\/p>","protected":false},"excerpt":{"rendered":"<p>https:\/\/getsolbio.com\/ Regarding our privacy policy Thank you for your interest in our online store. Protecting your privacy is very important to us. Below we inform you in detail about the handling of your data. Solbio BVBA cares a lot about your privacy. We therefore only process data that we need to improve ( our services [&hellip;]<\/p>\n","protected":false},"author":1,"featured_media":0,"parent":0,"menu_order":0,"comment_status":"closed","ping_status":"open","template":"","meta":{"inline_featured_image":false,"_genesis_hide_title":false,"_genesis_hide_breadcrumbs":false,"_genesis_hide_singular_image":false,"_genesis_hide_footer_widgets":false,"_genesis_custom_body_class":"","_genesis_custom_post_class":"","_genesis_layout":"","footnotes":""},"class_list":{"0":"post-3","1":"page","2":"type-page","3":"status-publish","5":"entry"},"yoast_head":"<!-- This site is optimized with the Yoast SEO plugin v27.4 - https:\/\/yoast.com\/product\/yoast-seo-wordpress\/ -->\n<title>Privacy Policy - Solbio<\/title>\n<meta name=\"robots\" content=\"index, follow, max-snippet:-1, max-image-preview:large, max-video-preview:-1\" \/>\n<link rel=\"canonical\" href=\"https:\/\/getsolbio.com\/de\/privacy-policy\/\" \/>\n<meta property=\"og:locale\" content=\"de_DE\" \/>\n<meta property=\"og:type\" content=\"article\" \/>\n<meta property=\"og:title\" content=\"Privacy Policy - Solbio\" \/>\n<meta property=\"og:description\" content=\"https:\/\/getsolbio.com\/ Regarding our privacy policy Thank you for your interest in our online store. Protecting your privacy is very important to us. Below we inform you in detail about the handling of your data. Solbio BVBA cares a lot about your privacy. We therefore only process data that we need to improve ( our services [&hellip;]\" \/>\n<meta property=\"og:url\" content=\"https:\/\/getsolbio.com\/de\/privacy-policy\/\" \/>\n<meta property=\"og:site_name\" content=\"Solbio\" \/>\n<meta property=\"article:publisher\" content=\"https:\/\/www.facebook.com\/getsolbio\/\" \/>\n<meta property=\"article:modified_time\" content=\"2025-02-04T09:32:38+00:00\" \/>\n<meta name=\"twitter:card\" content=\"summary_large_image\" \/>\n<script type=\"application\/ld+json\" class=\"yoast-schema-graph\">{\"@context\":\"https:\\\/\\\/schema.org\",\"@graph\":[{\"@type\":\"WebPage\",\"@id\":\"https:\\\/\\\/getsolbio.com\\\/privacy-policy\\\/\",\"url\":\"https:\\\/\\\/getsolbio.com\\\/privacy-policy\\\/\",\"name\":\"Privacy Policy - Solbio\",\"isPartOf\":{\"@id\":\"https:\\\/\\\/getsolbio.com\\\/#website\"},\"datePublished\":\"2025-01-21T12:56:32+00:00\",\"dateModified\":\"2025-02-04T09:32:38+00:00\",\"breadcrumb\":{\"@id\":\"https:\\\/\\\/getsolbio.com\\\/privacy-policy\\\/#breadcrumb\"},\"inLanguage\":\"de\",\"potentialAction\":[{\"@type\":\"ReadAction\",\"target\":[\"https:\\\/\\\/getsolbio.com\\\/privacy-policy\\\/\"]}]},{\"@type\":\"BreadcrumbList\",\"@id\":\"https:\\\/\\\/getsolbio.com\\\/privacy-policy\\\/#breadcrumb\",\"itemListElement\":[{\"@type\":\"ListItem\",\"position\":1,\"name\":\"Home\",\"item\":\"https:\\\/\\\/getsolbio.com\\\/\"},{\"@type\":\"ListItem\",\"position\":2,\"name\":\"Privacy Policy\"}]},{\"@type\":\"WebSite\",\"@id\":\"https:\\\/\\\/getsolbio.com\\\/#website\",\"url\":\"https:\\\/\\\/getsolbio.com\\\/\",\"name\":\"Getsolbio\",\"description\":\"Take the green road\",\"publisher\":{\"@id\":\"https:\\\/\\\/getsolbio.com\\\/#organization\"},\"potentialAction\":[{\"@type\":\"SearchAction\",\"target\":{\"@type\":\"EntryPoint\",\"urlTemplate\":\"https:\\\/\\\/getsolbio.com\\\/?s={search_term_string}\"},\"query-input\":{\"@type\":\"PropertyValueSpecification\",\"valueRequired\":true,\"valueName\":\"search_term_string\"}}],\"inLanguage\":\"de\"},{\"@type\":\"Organization\",\"@id\":\"https:\\\/\\\/getsolbio.com\\\/#organization\",\"name\":\"Getsolbio\",\"url\":\"https:\\\/\\\/getsolbio.com\\\/\",\"logo\":{\"@type\":\"ImageObject\",\"inLanguage\":\"de\",\"@id\":\"https:\\\/\\\/getsolbio.com\\\/#\\\/schema\\\/logo\\\/image\\\/\",\"url\":\"https:\\\/\\\/getsolbio.com\\\/wp-content\\\/uploads\\\/2025\\\/02\\\/solbio-logo-website.png\",\"contentUrl\":\"https:\\\/\\\/getsolbio.com\\\/wp-content\\\/uploads\\\/2025\\\/02\\\/solbio-logo-website.png\",\"width\":110,\"height\":111,\"caption\":\"Getsolbio\"},\"image\":{\"@id\":\"https:\\\/\\\/getsolbio.com\\\/#\\\/schema\\\/logo\\\/image\\\/\"},\"sameAs\":[\"https:\\\/\\\/www.facebook.com\\\/getsolbio\\\/\",\"https:\\\/\\\/www.instagram.com\\\/solbio\\\/\",\"https:\\\/\\\/www.linkedin.com\\\/company\\\/solbio\\\/\"]}]}<\/script>\n<!-- \/ Yoast SEO plugin. -->","yoast_head_json":{"title":"Privacy Policy - Solbio","robots":{"index":"index","follow":"follow","max-snippet":"max-snippet:-1","max-image-preview":"max-image-preview:large","max-video-preview":"max-video-preview:-1"},"canonical":"https:\/\/getsolbio.com\/de\/privacy-policy\/","og_locale":"de_DE","og_type":"article","og_title":"Privacy Policy - Solbio","og_description":"https:\/\/getsolbio.com\/ Regarding our privacy policy Thank you for your interest in our online store. Protecting your privacy is very important to us. Below we inform you in detail about the handling of your data. Solbio BVBA cares a lot about your privacy. We therefore only process data that we need to improve ( our services [&hellip;]","og_url":"https:\/\/getsolbio.com\/de\/privacy-policy\/","og_site_name":"Solbio","article_publisher":"https:\/\/www.facebook.com\/getsolbio\/","article_modified_time":"2025-02-04T09:32:38+00:00","twitter_card":"summary_large_image","schema":{"@context":"https:\/\/schema.org","@graph":[{"@type":"WebPage","@id":"https:\/\/getsolbio.com\/privacy-policy\/","url":"https:\/\/getsolbio.com\/privacy-policy\/","name":"Privacy Policy - Solbio","isPartOf":{"@id":"https:\/\/getsolbio.com\/#website"},"datePublished":"2025-01-21T12:56:32+00:00","dateModified":"2025-02-04T09:32:38+00:00","breadcrumb":{"@id":"https:\/\/getsolbio.com\/privacy-policy\/#breadcrumb"},"inLanguage":"de","potentialAction":[{"@type":"ReadAction","target":["https:\/\/getsolbio.com\/privacy-policy\/"]}]},{"@type":"BreadcrumbList","@id":"https:\/\/getsolbio.com\/privacy-policy\/#breadcrumb","itemListElement":[{"@type":"ListItem","position":1,"name":"Home","item":"https:\/\/getsolbio.com\/"},{"@type":"ListItem","position":2,"name":"Privacy Policy"}]},{"@type":"WebSite","@id":"https:\/\/getsolbio.com\/#website","url":"https:\/\/getsolbio.com\/","name":"Getsolbio","description":"Take the green road","publisher":{"@id":"https:\/\/getsolbio.com\/#organization"},"potentialAction":[{"@type":"SearchAction","target":{"@type":"EntryPoint","urlTemplate":"https:\/\/getsolbio.com\/?s={search_term_string}"},"query-input":{"@type":"PropertyValueSpecification","valueRequired":true,"valueName":"search_term_string"}}],"inLanguage":"de"},{"@type":"Organization","@id":"https:\/\/getsolbio.com\/#organization","name":"Getsolbio","url":"https:\/\/getsolbio.com\/","logo":{"@type":"ImageObject","inLanguage":"de","@id":"https:\/\/getsolbio.com\/#\/schema\/logo\/image\/","url":"https:\/\/getsolbio.com\/wp-content\/uploads\/2025\/02\/solbio-logo-website.png","contentUrl":"https:\/\/getsolbio.com\/wp-content\/uploads\/2025\/02\/solbio-logo-website.png","width":110,"height":111,"caption":"Getsolbio"},"image":{"@id":"https:\/\/getsolbio.com\/#\/schema\/logo\/image\/"},"sameAs":["https:\/\/www.facebook.com\/getsolbio\/","https:\/\/www.instagram.com\/solbio\/","https:\/\/www.linkedin.com\/company\/solbio\/"]}]}},"_links":{"self":[{"href":"http:\/\/getsolbio.com\/de\/wp-json\/wp\/v2\/pages\/3","targetHints":{"allow":["GET"]}}],"collection":[{"href":"http:\/\/getsolbio.com\/de\/wp-json\/wp\/v2\/pages"}],"about":[{"href":"http:\/\/getsolbio.com\/de\/wp-json\/wp\/v2\/types\/page"}],"author":[{"embeddable":true,"href":"http:\/\/getsolbio.com\/de\/wp-json\/wp\/v2\/users\/1"}],"replies":[{"embeddable":true,"href":"http:\/\/getsolbio.com\/de\/wp-json\/wp\/v2\/comments?post=3"}],"version-history":[{"count":3,"href":"http:\/\/getsolbio.com\/de\/wp-json\/wp\/v2\/pages\/3\/revisions"}],"predecessor-version":[{"id":735,"href":"http:\/\/getsolbio.com\/de\/wp-json\/wp\/v2\/pages\/3\/revisions\/735"}],"wp:attachment":[{"href":"http:\/\/getsolbio.com\/de\/wp-json\/wp\/v2\/media?parent=3"}],"curies":[{"name":"wp","href":"https:\/\/api.w.org\/{rel}","templated":true}]}}