{"id":431,"date":"2025-01-22T13:27:13","date_gmt":"2025-01-22T12:27:13","guid":{"rendered":"https:\/\/getsolbio.com\/?page_id=431"},"modified":"2025-04-15T08:04:49","modified_gmt":"2025-04-15T06:04:49","slug":"cookiebeleid","status":"publish","type":"page","link":"https:\/\/getsolbio.com\/de\/cookiebeleid\/","title":{"rendered":"Cookie-Richtlinie"},"content":{"rendered":"<p>Diese Website verwendet Cookies. Wir verwenden Cookies, um Inhalte und Anzeigen zu personalisieren, um Funktionen f\u00fcr soziale Medien bereitzustellen und um unseren Datenverkehr zu analysieren. Wir geben auch Informationen \u00fcber Ihre Nutzung unserer Website an unsere Partner f\u00fcr soziale Medien, Werbung und Analysen weiter, die diese mit anderen Informationen kombinieren k\u00f6nnen, die Sie ihnen zur Verf\u00fcgung gestellt haben oder die sie aus Ihrer Nutzung ihrer Dienste gesammelt haben.<\/p>\n\n\n\n<p>Cookies sind kleine Textdateien, die von Websites verwendet werden k\u00f6nnen, um die Erfahrung des Nutzers effizienter zu gestalten.<\/p>\n\n\n\n<p>Das Gesetz besagt, dass wir Cookies auf Ihrem Ger\u00e4t speichern d\u00fcrfen, wenn sie f\u00fcr den Betrieb dieser Website unbedingt erforderlich sind. F\u00fcr alle anderen Arten von Cookies ben\u00f6tigen wir Ihre Zustimmung. Dies bedeutet, dass Cookies, die als notwendig eingestuft werden, auf der Grundlage von GDPR Art. 6 (1) (f). Alle anderen Cookies, d.h. diejenigen aus den Kategorien Pr\u00e4ferenzen und Marketing, werden auf der Grundlage von GDPR Art. 6 (1) (a) GDPR.<\/p>\n\n\n\n<p>Diese Website verwendet verschiedene Arten von Cookies. Einige Cookies werden von Diensten Dritter gesetzt, die auf unseren Seiten erscheinen.<\/p>\n\n\n\n<p class=\"translation-block\">Sie k\u00f6nnen Ihre Einwilligung zur <strong><a href=\"https:\/\/conceptwp.nl\/cookie-policy\" target=\"_self\">Cookie-Erkl\u00e4rung<\/a><\/strong> auf unserer Website jederzeit \u00e4ndern oder widerrufen.<\/p>\n\n\n\n<p class=\"translation-block\">Erfahren Sie mehr dar\u00fcber, wer wir sind, wie Sie uns kontaktieren k\u00f6nnen und wie wir personenbezogene Daten verarbeiten, in unserer <strong> <a href=\"https:\/\/conceptwp.nl\/privacy-policy\/\" target=\"_self\">Datenschutzrichtlinie<\/a><\/strong>.<\/p>\n\n\n\n<p>Bitte geben Sie Ihre Einwilligungs-ID und das Datum an, wenn Sie uns bez\u00fcglich Ihrer Einwilligung kontaktieren.<\/p>\n\n\n\n<p class=\"translation-block\">Ihre Einwilligung trifft auf die folgenden Dom\u00e4nen zu:<strong> getsolbio.com, www.getsolbio.com<\/strong><\/p>\n\n\n\n<h2 class=\"wp-block-heading\"><strong>Notwendig (1)<\/strong><\/h2>\n\n\n\n<p>Notwendige Cookies helfen dabei, eine Webseite nutzbar zu machen, indem sie Grundfunktionen wie Seitennavigation und Zugriff auf sichere Bereiche der Webseite erm\u00f6glichen. Ohne diese Cookies kann die Webseite nicht richtig funktionieren.<\/p>\n\n\n\n<figure class=\"wp-block-table\"><table class=\"has-fixed-layout\"><thead><tr><th><strong>Cookie Name<\/strong><\/th><th><strong>Provider<\/strong><\/th><th><strong>Type<\/strong><\/th><th><strong>Expiry<\/strong><\/th><th><strong>First Found URL<\/strong><\/th><th><strong>Cookie Purpose Description<\/strong><\/th><th><strong>Initiator<\/strong><\/th><th><strong>Source<\/strong><\/th><th><strong>Data Sent To<\/strong><\/th><th><strong>Blocked Until Accepted by User<\/strong><\/th><\/tr><\/thead><tbody><tr><td>CookieConsent<\/td><td>getsolbio.com<\/td><td>HTTP<\/td><td>1 year<\/td><td>https:\/\/getsolbio.com\/<\/td><td>Stores the user\u2019s cookie consent state for the current domain<\/td><td>Script tag<\/td><td>Inline script<\/td><td>Netherlands (adequate)<\/td><td>No<\/td><\/tr><\/tbody><\/table><\/figure>\n\n\n\n<h2 class=\"wp-block-heading\"><strong>Marketing (6)<\/strong><\/h2>\n\n\n\n<p>Marketing-Cookies werden verwendet, um Besuchern auf Webseiten zu folgen. Die Absicht ist, Anzeigen zu zeigen, die relevant und ansprechend f\u00fcr den einzelnen Benutzer sind und daher wertvoller f\u00fcr Publisher und werbetreibende Drittparteien sind.<\/p>\n\n\n\n<figure class=\"wp-block-table\"><table class=\"has-fixed-layout\"><thead><tr><th><strong>Cookie Name<\/strong><\/th><th><strong>Provider<\/strong><\/th><th><strong>Type<\/strong><\/th><th><strong>Expiry<\/strong><\/th><th><strong>First Found URL<\/strong><\/th><th><strong>Cookie Purpose Description<\/strong><\/th><th><strong>Initiator<\/strong><\/th><th><strong>Source<\/strong><\/th><th><strong>Data Sent To<\/strong><\/th><th><strong>Blocked Until Accepted by User<\/strong><\/th><\/tr><\/thead><tbody><tr><td>_fbp<\/td><td>getsolbio.com<\/td><td>HTTP<\/td><td>3 months<\/td><td>https:\/\/getsolbio.com\/<\/td><td>Used by Facebook to deliver a series of advertisement products such as real-time bidding<\/td><td>Script tag<\/td><td>https:\/\/connect.facebook.net\/en_US\/fbevents.js<\/td><td>Netherlands (adequate)<\/td><td>No<\/td><\/tr><tr><td>_ga<\/td><td>getsolbio.com<\/td><td>HTTP<\/td><td>2 years<\/td><td>https:\/\/getsolbio.com\/<\/td><td>Used to send data to Google Analytics about the visitor\u2019s device and behavior.<\/td><td>Script tag<\/td><td>https:\/\/www.googletagmanager.com\/gtag\/js?id=G-1ENWZ3K5TFl=dataLayercx=c<\/td><td>United States (adequate)<\/td><td>No<\/td><\/tr><tr><td><em>ga<\/em>#<\/td><td>getsolbio.com<\/td><td>HTTP<\/td><td>2 years<\/td><td>https:\/\/getsolbio.com\/<\/td><td>Used to send data to Google Analytics about the visitor\u2019s device and behavior.<\/td><td>Script tag<\/td><td>https:\/\/www.googletagmanager.com\/gtag\/js?id=G-1ENWZ3K5TFl=dataLayercx=c<\/td><td>United States (adequate)<\/td><td>No<\/td><\/tr><tr><td><em>gcl<\/em>au<\/td><td>getsolbio.com<\/td><td>HTTP<\/td><td>3 months<\/td><td>https:\/\/getsolbio.com\/<\/td><td>Used by Google AdSense for experimenting with advertisement efficiency across websites.<\/td><td>Script tag<\/td><td>https:\/\/www.googletagmanager.com\/gtm.js?id=GTM-PXN8RCV<\/td><td>United States (adequate)<\/td><td>No<\/td><\/tr><tr><td>lastExternalReferrer<\/td><td>connect.facebook.net<\/td><td>HTML<\/td><td>Persistent<\/td><td>https:\/\/getsolbio.com\/<\/td><td>Detects how the user reached the website by registering their last URL-address.<\/td><td>Page source line 95<\/td><td>Inline script<\/td><td>Netherlands (adequate)<\/td><td>No<\/td><\/tr><tr><td>lastExternalReferrerTime<\/td><td>connect.facebook.net<\/td><td>HTML<\/td><td>Persistent<\/td><td>https:\/\/getsolbio.com\/<\/td><td>Detects how the user reached the website by registering their last URL-address.<\/td><td>Page source line 95<\/td><td>Inline script<\/td><td>Netherlands (adequate)<\/td><td>No<\/td><\/tr><\/tbody><\/table><\/figure>","protected":false},"excerpt":{"rendered":"<p>This website uses cookies. We use cookies to personalise content and ads, to provide social media features and to analyse our traffic. We also share information about your use of our site with our social media, advertising and analytics partners who may combine it with other information that you\u2019ve provided to them or that they\u2019ve [&hellip;]<\/p>\n","protected":false},"author":1,"featured_media":0,"parent":0,"menu_order":0,"comment_status":"closed","ping_status":"closed","template":"","meta":{"inline_featured_image":false,"_genesis_hide_title":false,"_genesis_hide_breadcrumbs":false,"_genesis_hide_singular_image":false,"_genesis_hide_footer_widgets":false,"_genesis_custom_body_class":"","_genesis_custom_post_class":"","_genesis_layout":"","footnotes":""},"class_list":{"0":"post-431","1":"page","2":"type-page","3":"status-publish","5":"entry"},"yoast_head":"<!-- This site is optimized with the Yoast SEO plugin v27.5 - https:\/\/yoast.com\/product\/yoast-seo-wordpress\/ -->\n<title>Cookiebeleid - Solbio<\/title>\n<meta name=\"robots\" content=\"index, follow, max-snippet:-1, max-image-preview:large, max-video-preview:-1\" \/>\n<link rel=\"canonical\" href=\"https:\/\/getsolbio.com\/de\/cookiebeleid\/\" \/>\n<meta property=\"og:locale\" content=\"de_DE\" \/>\n<meta property=\"og:type\" content=\"article\" \/>\n<meta property=\"og:title\" content=\"Cookiebeleid - Solbio\" \/>\n<meta property=\"og:description\" content=\"This website uses cookies. We use cookies to personalise content and ads, to provide social media features and to analyse our traffic. We also share information about your use of our site with our social media, advertising and analytics partners who may combine it with other information that you\u2019ve provided to them or that they\u2019ve [&hellip;]\" \/>\n<meta property=\"og:url\" content=\"https:\/\/getsolbio.com\/de\/cookiebeleid\/\" \/>\n<meta property=\"og:site_name\" content=\"Solbio\" \/>\n<meta property=\"article:publisher\" content=\"https:\/\/www.facebook.com\/getsolbio\/\" \/>\n<meta property=\"article:modified_time\" content=\"2025-04-15T06:04:49+00:00\" \/>\n<meta name=\"twitter:card\" content=\"summary_large_image\" \/>\n<script type=\"application\/ld+json\" class=\"yoast-schema-graph\">{\"@context\":\"https:\\\/\\\/schema.org\",\"@graph\":[{\"@type\":\"WebPage\",\"@id\":\"https:\\\/\\\/getsolbio.com\\\/cookiebeleid\\\/\",\"url\":\"https:\\\/\\\/getsolbio.com\\\/cookiebeleid\\\/\",\"name\":\"Cookiebeleid - Solbio\",\"isPartOf\":{\"@id\":\"https:\\\/\\\/getsolbio.com\\\/#website\"},\"datePublished\":\"2025-01-22T12:27:13+00:00\",\"dateModified\":\"2025-04-15T06:04:49+00:00\",\"breadcrumb\":{\"@id\":\"https:\\\/\\\/getsolbio.com\\\/cookiebeleid\\\/#breadcrumb\"},\"inLanguage\":\"de\",\"potentialAction\":[{\"@type\":\"ReadAction\",\"target\":[\"https:\\\/\\\/getsolbio.com\\\/cookiebeleid\\\/\"]}]},{\"@type\":\"BreadcrumbList\",\"@id\":\"https:\\\/\\\/getsolbio.com\\\/cookiebeleid\\\/#breadcrumb\",\"itemListElement\":[{\"@type\":\"ListItem\",\"position\":1,\"name\":\"Home\",\"item\":\"https:\\\/\\\/getsolbio.com\\\/\"},{\"@type\":\"ListItem\",\"position\":2,\"name\":\"Cookiebeleid\"}]},{\"@type\":\"WebSite\",\"@id\":\"https:\\\/\\\/getsolbio.com\\\/#website\",\"url\":\"https:\\\/\\\/getsolbio.com\\\/\",\"name\":\"Getsolbio\",\"description\":\"Take the green road\",\"publisher\":{\"@id\":\"https:\\\/\\\/getsolbio.com\\\/#organization\"},\"potentialAction\":[{\"@type\":\"SearchAction\",\"target\":{\"@type\":\"EntryPoint\",\"urlTemplate\":\"https:\\\/\\\/getsolbio.com\\\/?s={search_term_string}\"},\"query-input\":{\"@type\":\"PropertyValueSpecification\",\"valueRequired\":true,\"valueName\":\"search_term_string\"}}],\"inLanguage\":\"de\"},{\"@type\":\"Organization\",\"@id\":\"https:\\\/\\\/getsolbio.com\\\/#organization\",\"name\":\"Getsolbio\",\"url\":\"https:\\\/\\\/getsolbio.com\\\/\",\"logo\":{\"@type\":\"ImageObject\",\"inLanguage\":\"de\",\"@id\":\"https:\\\/\\\/getsolbio.com\\\/#\\\/schema\\\/logo\\\/image\\\/\",\"url\":\"https:\\\/\\\/getsolbio.com\\\/wp-content\\\/uploads\\\/2025\\\/02\\\/solbio-logo-website.png\",\"contentUrl\":\"https:\\\/\\\/getsolbio.com\\\/wp-content\\\/uploads\\\/2025\\\/02\\\/solbio-logo-website.png\",\"width\":110,\"height\":111,\"caption\":\"Getsolbio\"},\"image\":{\"@id\":\"https:\\\/\\\/getsolbio.com\\\/#\\\/schema\\\/logo\\\/image\\\/\"},\"sameAs\":[\"https:\\\/\\\/www.facebook.com\\\/getsolbio\\\/\",\"https:\\\/\\\/www.instagram.com\\\/solbio\\\/\",\"https:\\\/\\\/www.linkedin.com\\\/company\\\/solbio\\\/\"]}]}<\/script>\n<!-- \/ Yoast SEO plugin. -->","yoast_head_json":{"title":"Cookiebeleid - Solbio","robots":{"index":"index","follow":"follow","max-snippet":"max-snippet:-1","max-image-preview":"max-image-preview:large","max-video-preview":"max-video-preview:-1"},"canonical":"https:\/\/getsolbio.com\/de\/cookiebeleid\/","og_locale":"de_DE","og_type":"article","og_title":"Cookiebeleid - Solbio","og_description":"This website uses cookies. We use cookies to personalise content and ads, to provide social media features and to analyse our traffic. We also share information about your use of our site with our social media, advertising and analytics partners who may combine it with other information that you\u2019ve provided to them or that they\u2019ve [&hellip;]","og_url":"https:\/\/getsolbio.com\/de\/cookiebeleid\/","og_site_name":"Solbio","article_publisher":"https:\/\/www.facebook.com\/getsolbio\/","article_modified_time":"2025-04-15T06:04:49+00:00","twitter_card":"summary_large_image","schema":{"@context":"https:\/\/schema.org","@graph":[{"@type":"WebPage","@id":"https:\/\/getsolbio.com\/cookiebeleid\/","url":"https:\/\/getsolbio.com\/cookiebeleid\/","name":"Cookiebeleid - Solbio","isPartOf":{"@id":"https:\/\/getsolbio.com\/#website"},"datePublished":"2025-01-22T12:27:13+00:00","dateModified":"2025-04-15T06:04:49+00:00","breadcrumb":{"@id":"https:\/\/getsolbio.com\/cookiebeleid\/#breadcrumb"},"inLanguage":"de","potentialAction":[{"@type":"ReadAction","target":["https:\/\/getsolbio.com\/cookiebeleid\/"]}]},{"@type":"BreadcrumbList","@id":"https:\/\/getsolbio.com\/cookiebeleid\/#breadcrumb","itemListElement":[{"@type":"ListItem","position":1,"name":"Home","item":"https:\/\/getsolbio.com\/"},{"@type":"ListItem","position":2,"name":"Cookiebeleid"}]},{"@type":"WebSite","@id":"https:\/\/getsolbio.com\/#website","url":"https:\/\/getsolbio.com\/","name":"Getsolbio","description":"Take the green road","publisher":{"@id":"https:\/\/getsolbio.com\/#organization"},"potentialAction":[{"@type":"SearchAction","target":{"@type":"EntryPoint","urlTemplate":"https:\/\/getsolbio.com\/?s={search_term_string}"},"query-input":{"@type":"PropertyValueSpecification","valueRequired":true,"valueName":"search_term_string"}}],"inLanguage":"de"},{"@type":"Organization","@id":"https:\/\/getsolbio.com\/#organization","name":"Getsolbio","url":"https:\/\/getsolbio.com\/","logo":{"@type":"ImageObject","inLanguage":"de","@id":"https:\/\/getsolbio.com\/#\/schema\/logo\/image\/","url":"https:\/\/getsolbio.com\/wp-content\/uploads\/2025\/02\/solbio-logo-website.png","contentUrl":"https:\/\/getsolbio.com\/wp-content\/uploads\/2025\/02\/solbio-logo-website.png","width":110,"height":111,"caption":"Getsolbio"},"image":{"@id":"https:\/\/getsolbio.com\/#\/schema\/logo\/image\/"},"sameAs":["https:\/\/www.facebook.com\/getsolbio\/","https:\/\/www.instagram.com\/solbio\/","https:\/\/www.linkedin.com\/company\/solbio\/"]}]}},"_links":{"self":[{"href":"https:\/\/getsolbio.com\/de\/wp-json\/wp\/v2\/pages\/431","targetHints":{"allow":["GET"]}}],"collection":[{"href":"https:\/\/getsolbio.com\/de\/wp-json\/wp\/v2\/pages"}],"about":[{"href":"https:\/\/getsolbio.com\/de\/wp-json\/wp\/v2\/types\/page"}],"author":[{"embeddable":true,"href":"https:\/\/getsolbio.com\/de\/wp-json\/wp\/v2\/users\/1"}],"replies":[{"embeddable":true,"href":"https:\/\/getsolbio.com\/de\/wp-json\/wp\/v2\/comments?post=431"}],"version-history":[{"count":4,"href":"https:\/\/getsolbio.com\/de\/wp-json\/wp\/v2\/pages\/431\/revisions"}],"predecessor-version":[{"id":15726,"href":"https:\/\/getsolbio.com\/de\/wp-json\/wp\/v2\/pages\/431\/revisions\/15726"}],"wp:attachment":[{"href":"https:\/\/getsolbio.com\/de\/wp-json\/wp\/v2\/media?parent=431"}],"curies":[{"name":"wp","href":"https:\/\/api.w.org\/{rel}","templated":true}]}}