{"id":97,"date":"2025-01-21T14:45:14","date_gmt":"2025-01-21T13:45:14","guid":{"rendered":"https:\/\/getsolbio.com\/?page_id=97"},"modified":"2025-01-22T08:07:08","modified_gmt":"2025-01-22T07:07:08","slug":"faq","status":"publish","type":"page","link":"https:\/\/getsolbio.com\/de\/faq\/","title":{"rendered":"FAQ"},"content":{"rendered":"<div class=\"faqs\"><div class=\"wrap\"><div class=\"faq\"><h2 class=\"faq-title\"><span>?<\/span>Ist Solbio auch in Tablettenform erh\u00e4ltlich?<\/h2><div class=\"faq-content\">Leider nicht. Wir suchen st\u00e4ndig nach M\u00f6glichkeiten, Solbio noch benutzerfreundlicher zu gestalten. Diese Alternativen m\u00fcssen in erster Linie gut f\u00fcr die Natur sein. Tabletten sind fast immer einzeln in Plastik verpackt, oft in der Art, die sich \u201ein Wasser aufl\u00f6st\u201c. Eilmeldung: Das ist nicht m\u00f6glich. Plastik wird durch Wasser in Mikroplastik umgewandelt, das \u00fcber unsere Abfl\u00fcsse in die Natur gelangt. Bisher haben wir noch keine Tablettenform gefunden, die auch umweltfreundlich ist.<\/div><\/div><div class=\"faq\"><h2 class=\"faq-title\"><span>?<\/span>Ist Solbio in einer Flasche erh\u00e4ltlich?<\/h2><div class=\"faq-content\">Zurzeit verwenden wir nur Beutel. Diese T\u00fcten sind umweltfreundlich, flexibel und verl\u00e4ngern die Haltbarkeit. Die Verpackung ist in Belgien zu 100 % recycelbar. Sie k\u00f6nnen sie also einfach in die Recycling-Tonne werfen. Vermutlich ist das auch in Ihrem Land der Fall, aber erkundigen Sie unbedingt nach den \u00f6rtlichen Vorschriften. Die Flexibilit\u00e4t des Beutels hat bei der Aufbewahrung einen Vorteil: Je mehr Sie benutzen, desto kleiner wird er.<\/div><\/div><div class=\"faq\"><h2 class=\"faq-title\"><span>?<\/span>Kann Solbio gefrieren?<\/h2><div class=\"faq-content\">Stellen Sie sich vor, wir w\u00fcrden Ihnen jetzt beil\u00e4ufig sagen, dass es Frostschutzmittel enth\u00e4lt? (Nur um das klarzustellen: nein!) Solbio kann ab 0 \u00b0C gefrieren, aber das ist nicht sch\u00e4dlich. Damit der Beutel bei einer Ausdehnung der Fl\u00fcssigkeit nicht rei\u00dft, ist in der Verpackung sogar extra Platz vorgesehen. Nach dem Auftauen vor Gebrauch gut sch\u00fctteln.<\/div><\/div><div class=\"faq\"><h2 class=\"faq-title\"><span>?<\/span>Funktioniert Solbio bei extremer Hitze?<\/h2><div class=\"faq-content\">Ja, auf jeden Fall. Geben Sie einfach etwas mehr in Ihren Tank, wenn es richtig hei\u00df wird, und leeren Sie Ihren Tank alle zwei Tage. Das sollte gen\u00fcgen.\r\n\r\n<\/div><\/div><div class=\"faq\"><h2 class=\"faq-title\"><span>?<\/span>Wie kann ich mich mit Solbio in Verbindung setzen?<\/h2><div class=\"faq-content\">Haben Sie eine Frage zu unserem Produkt oder Ihrer Bestellung? Scrollen Sie bis nach unten, klicken Sie auf \u201eKontakt\u201c und f\u00fcllen Sie das Formular aus. Sie k\u00f6nnen uns auch eine E-Mail an<\/div><\/div><div class=\"faq\"><h2 class=\"faq-title\"><span>?<\/span>Wo ist Solbio erh\u00e4ltlich?<\/h2><div class=\"faq-content\"><a href=\"https:\/\/getsolbio.com\/de\/winkel\/\">Hier!<\/a> Oder klicken Sie oben auf dieser Seite auf \"Shop\". Keine Versandkosten und innerhalb von drei Werktagen zu Ihnen nach Hause geliefert. Ein gutes Angebot, oder? Sie finden Solbio auch in vielen Gesch\u00e4ften, die oft auf Outdoor und Camping spezialisiert sind, aber auch in einigen Baum\u00e4rkten. Eine \u00dcbersicht der Verkaufsstellen finden Sie <a href=\"https:\/\/getsolbio.com\/de\/onze-top-dealers\/\">hier<\/a>.<\/div><\/div><div class=\"faq\"><h2 class=\"faq-title\"><span>?<\/span>Ist Solbio gut f\u00fcr die Umwelt?<\/h2><div class=\"faq-content\">Solbio ist zu 100 % aus nat\u00fcrlichen Inhaltsstoffen hergestellt: Pflanzenextrakt, Zitronens\u00e4ure, Naturseife und \u00e4therisches \u00d6l. Wir sind unglaublich stolz auf unser \u00d6kogarantie-Label. Diese mit dem \u00d6kolabel versehenen Produkte sind zu 100 % biologisch und frei von Petrochemikalien und GVOs (gentechnischen ver\u00e4nderten Organismen). Dies ist das strengste unabh\u00e4ngige G\u00fctezeichen auf dem europ\u00e4ischen Markt.<\/div><\/div><div class=\"faq\"><h2 class=\"faq-title\"><span>?<\/span>Ich habe etwas Solbio in mein Auge bekommen, was soll ich tun?<\/h2><div class=\"faq-content\">Achtung! Haben Sie etwas Solbio ins Auge bekommen, w\u00e4hrend Sie Ihren Tank geleert haben? Dann war der Inhalt Ihrer Kassette nicht nur Solbio, sondern auch F\u00e4kalien. Diese Mischung k\u00f6nnte Bakterien enthalten, die Ihrer Gesundheit schaden k\u00f6nnten. Konsultieren Sie im Zweifelsfall oder bei anhaltenden Beschwerden immer Ihren Arzt.<\/div><\/div><div class=\"faq\"><h2 class=\"faq-title\"><span>?<\/span>Ich habe etwas Solbio in meinen Mund bekommen, was soll ich tun?<\/h2><div class=\"faq-content\">Achtung! Haben Sie etwas Solbio in den Mund  bekommen, w\u00e4hrend Sie Ihren Tank geleert haben? Dann war der Inhalt Ihrer Kassette nicht nur Solbio, sondern auch F\u00e4kalien. Diese Mischung k\u00f6nnte Bakterien enthalten, die Ihrer Gesundheit schaden k\u00f6nnten. Konsultieren Sie im Zweifelsfall oder bei anhaltenden Beschwerden immer Ihren Arzt.<\/div><\/div><div class=\"faq\"><h2 class=\"faq-title\"><span>?<\/span>Was ist Solbio?<\/h2><div class=\"faq-content\">Solbio ist die erste zu 100 % biologische Sanit\u00e4rfl\u00fcssigkeit der Welt. Es ist eine vollkommen nat\u00fcrliche Alternative f\u00fcr eine chemische Sanit\u00e4rfl\u00fcssigkeit. Unsere einzigartige Formel beruht auf vier Inhaltsstoffen: Pflanzenextrakt, Zitronens\u00e4ure, Naturseife und \u00e4therisches \u00d6l. Solbio sorgt f\u00fcr die n\u00f6tige Hygiene und verbreitet einen frischen Eukalyptusduft. Es handelt sich um ein 4-in-1-System, das hei\u00dft, Sie verwenden es haupts\u00e4chlich in Ihrer Toilette und Ihrem Schwarzwassertank, aber auch in Ihrem Grau- und S\u00fc\u00dfwassertank. Im Gegensatz zu einer chemischen Fl\u00fcssigkeit k\u00f6nnen Sie Ihre Kassette \u00fcberall entleeren, selbst in einer Toilette.<\/div><\/div><div class=\"faq\"><h2 class=\"faq-title\"><span>?<\/span>F\u00fcr welche Art von Toilette ist Solbio vorgesehen?<\/h2><div class=\"faq-content\">Solbio eignet sich f\u00fcr jede mobile Toilette. Die in Ihrem Wohnwagen, Wohnmobil, Bus, Zug, Boot oder Flugzeug. Es eignet sich auch hervorragend f\u00fcr Ihr Dixie-Klo.<\/div><\/div><div class=\"faq\"><h2 class=\"faq-title\"><span>?<\/span>Ist Solbio genauso wirkungsvoll wie eine chemische Sanit\u00e4rfl\u00fcssigkeit?<\/h2><div class=\"faq-content\">Wir kennen das Vorurteil, wonach nat\u00fcrliche Alternativen tendenziell weniger wirksam seien als chemische Alternativen. Wir haben unsere Formel umfassend getestet, verfeinert und mit den weltweit meistverkauften Sanit\u00e4rfl\u00fcssigkeiten verglichen. Wir k\u00f6nnen mit voller \u00dcberzeugung behaupten: Solbio ist genauso wirkungsvoll. Untersch\u00e4tzen Sie Mutter Natur nicht, das bringt sie auf die Palme.<\/div><\/div><div class=\"faq\"><h2 class=\"faq-title\"><span>?<\/span>Worin besteht der Unterschied zwischen Solbio Original und Solbio Marine?<\/h2><div class=\"faq-content\">Solbio Marine ist eine extra starke Version unseres Solbio Original. Solbio Marine wurde speziell f\u00fcr ihre mobile Toilette an Bord von Booten entwickelt, die oft einen besonders gro\u00dfen Tank an Bord haben und manchmal Salzwasser zum Sp\u00fclen verwenden. Solbio Marine ist deshalb extra stark und funktioniert sowohl in S\u00fc\u00df- als auch in Salzwasser. Dar\u00fcber hinaus riecht Solbio Marine nach Orange. Solbio Marine ist jedoch f\u00fcr jede mobile Toilette geeignet, auch f\u00fcr Ihr Porta Potti in Ihrem Wohnwagen oder Wohnmobil. Sogar in Ihrem Zug oder Flugzeug.<\/div><\/div><div class=\"faq\"><h2 class=\"faq-title\"><span>?<\/span>Ist Solbio ungef\u00e4hrlich?<\/h2><div class=\"faq-content\">Ganz genau! Die Idee f\u00fcr Solbio wurde aus der Sorge um die Natur und uns selber geboren. Eine chemische Toilette ist ein kleiner Raum voller k\u00fcnstlicher und oft sch\u00e4dlicher Substanzen. Unsere Haut kommt unweigerlich damit in Ber\u00fchrung und wir atmen sie sogar ein. Was sind die langfristigen Auswirkungen davon? Das m\u00f6chten wir lieber nicht selbst herausfinden. Der Natur ist damit nat\u00fcrlich auch nicht gedient. Sie entleeren Ihre Kassette mit dem blauen (oder gr\u00fcnen) Zeug in eine Entsorgungsstation- aber was passiert dann damit? Wir k\u00f6nnen Ihnen das in einer PowerPoint ausf\u00fchrlich erkl\u00e4ren, aber es l\u00e4uft darauf hinaus, dass die Chemikalien nicht vollst\u00e4ndig abgebaut werden k\u00f6nnen und in der Natur landen. Solbio ist ein 100%-iges Naturprodukt und enth\u00e4lt keine sch\u00e4dlichen Stoffe. Das macht es zu 100% sicher f\u00fcr Ihre Gesundheit, Ihre Toilette, die Natur und unsere Nachwelt.<\/div><\/div><div class=\"faq\"><h2 class=\"faq-title\"><span>?<\/span>In welchem Bereich meiner Sanit\u00e4ranlagen kann ich Solbio verwenden?<\/h2><div class=\"faq-content\">Solbio ist eine Sanit\u00e4rfl\u00fcssigkeit, sicher, aber es umfasst auch drei andere Produkte. Sie k\u00f6nnen es sicher in Ihrem Grau-, Schwarz- und Sp\u00fclwassertank verwenden, es \u00fcbernimmt aber auch die Selbstreinigung Ihrer Toilette, damit sie frisch und gl\u00e4nzend bleibt.\r\n\r\n<img decoding=\"async\" class=\"alignnone size-medium wp-image-192\" src=\"https:\/\/getsolbio.com\/wp-content\/uploads\/2025\/01\/2018-09-05-15_39_29-FAQs-Solbio-all-natural-sanitary-additive-300x92.png\" alt=\"\" width=\"300\" height=\"92\" srcset=\"https:\/\/getsolbio.com\/wp-content\/uploads\/2025\/01\/2018-09-05-15_39_29-FAQs-Solbio-all-natural-sanitary-additive-300x92.png 300w, https:\/\/getsolbio.com\/wp-content\/uploads\/2025\/01\/2018-09-05-15_39_29-FAQs-Solbio-all-natural-sanitary-additive-600x184.png 600w, https:\/\/getsolbio.com\/wp-content\/uploads\/2025\/01\/2018-09-05-15_39_29-FAQs-Solbio-all-natural-sanitary-additive-1024x315.png 1024w, https:\/\/getsolbio.com\/wp-content\/uploads\/2025\/01\/2018-09-05-15_39_29-FAQs-Solbio-all-natural-sanitary-additive-768x236.png 768w, https:\/\/getsolbio.com\/wp-content\/uploads\/2025\/01\/2018-09-05-15_39_29-FAQs-Solbio-all-natural-sanitary-additive-1536x472.png 1536w, https:\/\/getsolbio.com\/wp-content\/uploads\/2025\/01\/2018-09-05-15_39_29-FAQs-Solbio-all-natural-sanitary-additive.png 1543w\" sizes=\"(max-width: 300px) 100vw, 300px\" \/><\/div><\/div><div class=\"faq\"><h2 class=\"faq-title\"><span>?<\/span>Wo kann ich meine mobile Toilette entleeren, wenn ich Solbio benutze?<\/h2><div class=\"faq-content\">Solbio ist zu 100 % biologisch, also vollst\u00e4ndig biologisch abbaubar. Vergessen Sie aber nicht, dass Sie eine Mischung aus Sanit\u00e4rfl\u00fcssigkeit, Toilettenpapier und menschlichen F\u00e4kalien entsorgen werden. Als Faustregel gilt also: Entleeren Sie Ihre Toilette nur dort, wo Sie auch Ihre Hose herunterlassen w\u00fcrden. Im Idealfall in einer Toilettenkabine.<\/div><\/div><div class=\"faq\"><h2 class=\"faq-title\"><span>?<\/span>Wie funktioniert die Verpackung?<\/h2><div class=\"faq-content\">Die T\u00fcte ist umweltfreundlich, flexibel und verl\u00e4ngert die Haltbarkeit. Die Verpackung ist in Belgien zu 100 % recycelbar. Sie k\u00f6nnen sie also einfach in die Recycling-Tonne werfen. Vermutlich ist das auch in Ihrem Land der Fall, aber erkundigen Sie unbedingt nach den \u00f6rtlichen Vorschriften. Die Flexibilit\u00e4t des Beutels hat bei der Aufbewahrung einen Vorteil: Je mehr Sie benutzen, desto kleiner wird er.<\/div><\/div><div class=\"faq\"><h2 class=\"faq-title\"><span>?<\/span>Wenn ich online bestelle, wie hoch sind dann die Versandkosten?<\/h2><div class=\"faq-content\">Suchen Sie nach einer L\u00f6sung, um das zu umgehen? Wenn Ihr Bestellwert mehr als 50 \u20ac betr\u00e4gt, ist der Versand kostenlos. Egal wohin.<\/div><\/div><div class=\"faq\"><h2 class=\"faq-title\"><span>?<\/span>Wie schnell erhalte ich meine Bestellung?<\/h2><div class=\"faq-content\">Wenn Sie vor 18:00 Uhr bestellen, versenden wir Ihr Paket noch am selben Tag. Sie erhalten dann einen Code, mit dem Sie die Sendung verfolgen k\u00f6nnen<\/div><\/div><div class=\"faq\"><h2 class=\"faq-title\"><span>?<\/span>Kann ich Solbio an meinen Campingplatz liefern lassen?<\/h2><div class=\"faq-content\">Ber\u00fccksichtigen Sie bitte, dass die Dauer der Lieferung von Ihrem Standort abh\u00e4ngt. Planen Sie ein wenig mehr Zeit ein, wenn Sie im Ausland campen. Nur f\u00fcr den Fall. Hauptsache, Sie sind noch da, wenn es ankommt.<\/div><\/div><div class=\"faq\"><h2 class=\"faq-title\"><span>?<\/span>Was ist, wenn ich nicht zu Hause bin, um mein Paket in Empfang zu nehmen?<\/h2><div class=\"faq-content\">Das kann passieren. Kein Problem. Der Postbote versucht\r\n<ul>\r\n \t<li>Ihr Paket am n\u00e4chsten Tag erneut zuzustellen;<\/li>\r\n \t<li>Ihr Paket bei einer anderen Adresse abgeben (z. B. bei Ihren Nachbarn);<\/li>\r\n \t<li>Ihnen eine Notiz hinterlassen mit der Adresse des Postamtes und Anweisungen, wie Sie es abholen k\u00f6nnen.<\/li>\r\n<\/ul><\/div><\/div><div class=\"faq\"><h2 class=\"faq-title\"><span>?<\/span>Kann ich mein Paket zur\u00fcckgeben, wenn ich mit meinem Kauf nicht zufrieden bin?<\/h2><div class=\"faq-content\">Wenn Sie nicht mit Solbio zufrieden sind, k\u00f6nnen Sie Ihre Bestellung einfach zur\u00fcckschicken, vorausgesetzt, der Beutel ist noch zu 3\/4 gef\u00fcllt. Sobald Ihr Paket bei uns eingegangen ist, erstatten wir Ihnen den vollst\u00e4ndigen Betrag zur\u00fcck.\u00a0<a href=\"mailto:service@getsolbio.com\">service@getsolbio.com senden<\/a>Wir bem\u00fchen uns, Ihnen innerhalb von 24 Stunden zu antworten.<\/div><\/div><div class=\"faq\"><h2 class=\"faq-title\"><span>?<\/span>Ist die Online-Bestellung und \u2011Zahlung sicher?<\/h2><div class=\"faq-content\">Diese Website verf\u00fcgt \u00fcber eine integrierte, gesicherte Internetverbindung w\u00e4hrend des Online-Zahlungsvorgangs. Ihre Daten werden \u00fcber eine SSL-Verbindung verschl\u00fcsselt, so dass sie nicht abgefangen werden k\u00f6nnen. Das alles geschieht automatisch, Sie brauchen also nichts zu unternehmen. W\u00e4hrend der Zahlung k\u00f6nnen Sie anhand des gr\u00fcnen Vorh\u00e4ngeschlosses in der Suchleiste Ihres Browsers eine sichere Verbindung erkennen.<\/div><\/div><div class=\"faq\"><h2 class=\"faq-title\"><span>?<\/span>Entstehen bei einer Online-Bestellung zus\u00e4tzliche oder versteckte Kosten?<\/h2><div class=\"faq-content\">Die Online-Bestellung von Solbio erfolgt kostenlos \u00fcber eine Reihe von Zahlungsm\u00f6glichkeiten, unter anderem PayPal.<\/div><\/div><div class=\"faq\"><h2 class=\"faq-title\"><span>?<\/span>Ich befinde mich auf einem Boot.<\/h2><div class=\"faq-content\">Das ist doch eine gute Nachricht!\r\n\r\n<iframe loading=\"lazy\" title=\"Gebroeders Ko - Boten Anna (Official Video Clip)\" src=\"https:\/\/www.youtube.com\/embed\/bmelDt0A4B0?start=3&amp;feature=oembed\" width=\"500\" height=\"375\" frameborder=\"0\" allowfullscreen=\"allowfullscreen\" data-mce-fragment=\"1\"><\/iframe>\r\n\r\nSorry. Aber so: gute Nachrichten! Solbio Marine wurde speziell f\u00fcr ihre mobile Toilette an Bord von Booten entwickelt, die oft einen besonders gro\u00dfen Tank an Bord haben und manchmal Salzwasser zum Sp\u00fclen verwenden. Solbio Marine ist deshalb extra stark und funktioniert sowohl in S\u00fc\u00df- als auch in Salzwasser. Dar\u00fcber hinaus riecht Solbio Marine nach Orange. Solbio Marine ist jedoch f\u00fcr jede mobile Toilette geeignet, auch f\u00fcr Ihr Porta Potti in Ihrem Wohnwagen oder Wohnmobil. Sogar in Ihrem Zug oder Flugzeug.<\/div><\/div><div class=\"faq\"><h2 class=\"faq-title\"><span>?<\/span>Woher wei\u00df ich mit Sicherheit, ob Solbio recycelbar ist?<\/h2><div class=\"faq-content\">Wir haben es uns zur Aufgabe gemacht, unseren Fu\u00dfabdruck so klein wie m\u00f6glich zu halten. Selbstverst\u00e4ndlich brauchen wir Verpackungen, aber unsere Beutel sind in Belgien zu 100 % recycelbar. Vermutlich ist das auch in Ihrem Land der Fall, aber Sie sollten sich vorher \u00fcber die \u00f6rtlichen Richtlinien erkundigen.\u00a0<a href=\"https:\/\/www.gruener-punkt.de\/de\/\" target=\"_blank\" rel=\"noopener\">Gr\u00fcne Punkt<\/a>\u00a0Der Gr\u00fcne Punkt (Registrierungsnummer 5611897), in Belgien mit\u00a0<a href=\"https:\/\/www.fostplus.be\/nl\" target=\"_blank\" rel=\"noopener\">Fost Plus<\/a>\u00a0(Registrierungsnummer 011253) und in Frankreich mit\u00a0<a href=\"https:\/\/www.citeo.com\/\" target=\"_blank\" rel=\"noopener\">Citeo<\/a>\u00a0Wenn Sie gr\u00fcndlich sortieren, k\u00f6nnen Sie aus Ihren gebrauchten Taschen vielleicht eine neue Gartenbank machen. Danke!<\/div><\/div><div class=\"faq\"><h2 class=\"faq-title\"><span>?<\/span>Wie viel entspricht einer Dosis?<\/h2><div class=\"faq-content\">1 Dosis = 40 ml \nKeine Sorge, Sie ben\u00f6tigen keinen Messbecher. Wenn Sie den Druckknopf Ihres Solbio-Beutels zwei Sekunden lang eindr\u00fccken, entspricht\u00a0<strong>dies ebenfalls einer Portion.<\/strong>\u00a0Einundzwanzig, zweiundzwanzig.<\/div><\/div><div class=\"faq\"><h2 class=\"faq-title\"><span>?<\/span>Sind die \u00e4therischen \u00d6le in Solbio sch\u00e4dlich f\u00fcr Tiere?<\/h2><div class=\"faq-content\">\u00c4therische \u00d6le sind grunds\u00e4tzlich nicht sch\u00e4dlich f\u00fcr Tiere. Achten Sie darauf, gut zu l\u00fcften, wenn Sie mit Katzen reisen. Sie vertragen weniger \u00e4therische \u00d6le wie Eukalyptus.<\/div><\/div><div class=\"faq\"><h2 class=\"faq-title\"><span>?<\/span>Ich habe etwas Solbio auf meine Haut bekommen, was soll ich tun?<\/h2><div class=\"faq-content\">Leiden Sie unter einer Kontaktallergie? Oder sind Sie \u00fcberempfindlich gegen\u00fcber gewissen Duftstoffen oder \u00e4therischen \u00d6len? Machen Sie zun\u00e4chst einen Allergietest. Mischen Sie einen Tropfen Solbio mit etwas pflanzlichem \u00d6l und tragen Sie die Mischung auf eine Hautstelle auf, vorzugsweise auf die Innenseite Ihres Ellenbogens. Falls Sie allergisch gegen Solbio sind, werden Sie innerhalb von 24 Stunden eine Reizung feststellen.<\/div><\/div><\/div><\/div>\n\n\n\n<div class=\"wp-block-group is-style-with-bg-pattern has-theme-primary-background-color has-background\"><div class=\"wp-block-group__inner-container is-layout-constrained wp-block-group-is-layout-constrained\">\n<h2 class=\"wp-block-heading\">Haben Sie noch eine weitere Frage an uns?<\/h2>\n\n\n\n<div class=\"wp-block-buttons is-layout-flex wp-block-buttons-is-layout-flex\">\n<div class=\"wp-block-button\"><a class=\"wp-block-button__link wp-element-button\">Fragen Sie uns hier<\/a><\/div>\n<\/div>\n<\/div><\/div>","protected":false},"excerpt":{"rendered":"<p>Haben Sie noch eine weitere Frage an uns?<\/p>","protected":false},"author":1,"featured_media":0,"parent":0,"menu_order":0,"comment_status":"closed","ping_status":"closed","template":"","meta":{"inline_featured_image":false,"_genesis_hide_title":false,"_genesis_hide_breadcrumbs":false,"_genesis_hide_singular_image":false,"_genesis_hide_footer_widgets":false,"_genesis_custom_body_class":"","_genesis_custom_post_class":"","_genesis_layout":"","footnotes":""},"class_list":{"0":"post-97","1":"page","2":"type-page","3":"status-publish","5":"entry"},"yoast_head":"<!-- This site is optimized with the Yoast SEO plugin v27.4 - https:\/\/yoast.com\/product\/yoast-seo-wordpress\/ -->\n<title>FAQ - Solbio<\/title>\n<meta name=\"robots\" content=\"index, follow, max-snippet:-1, max-image-preview:large, max-video-preview:-1\" \/>\n<link rel=\"canonical\" href=\"https:\/\/getsolbio.com\/de\/faq\/\" \/>\n<meta property=\"og:locale\" content=\"de_DE\" \/>\n<meta property=\"og:type\" content=\"article\" \/>\n<meta property=\"og:title\" content=\"FAQ - Solbio\" \/>\n<meta property=\"og:description\" content=\"Heb je nog een andere vraag?\" \/>\n<meta property=\"og:url\" content=\"https:\/\/getsolbio.com\/de\/faq\/\" \/>\n<meta property=\"og:site_name\" content=\"Solbio\" \/>\n<meta property=\"article:publisher\" content=\"https:\/\/www.facebook.com\/getsolbio\/\" \/>\n<meta property=\"article:modified_time\" content=\"2025-01-22T07:07:08+00:00\" \/>\n<meta name=\"twitter:card\" content=\"summary_large_image\" \/>\n<script type=\"application\/ld+json\" class=\"yoast-schema-graph\">{\"@context\":\"https:\\\/\\\/schema.org\",\"@graph\":[{\"@type\":\"WebPage\",\"@id\":\"https:\\\/\\\/getsolbio.com\\\/faq\\\/\",\"url\":\"https:\\\/\\\/getsolbio.com\\\/faq\\\/\",\"name\":\"FAQ - Solbio\",\"isPartOf\":{\"@id\":\"https:\\\/\\\/getsolbio.com\\\/#website\"},\"datePublished\":\"2025-01-21T13:45:14+00:00\",\"dateModified\":\"2025-01-22T07:07:08+00:00\",\"breadcrumb\":{\"@id\":\"https:\\\/\\\/getsolbio.com\\\/faq\\\/#breadcrumb\"},\"inLanguage\":\"de\",\"potentialAction\":[{\"@type\":\"ReadAction\",\"target\":[\"https:\\\/\\\/getsolbio.com\\\/faq\\\/\"]}]},{\"@type\":\"BreadcrumbList\",\"@id\":\"https:\\\/\\\/getsolbio.com\\\/faq\\\/#breadcrumb\",\"itemListElement\":[{\"@type\":\"ListItem\",\"position\":1,\"name\":\"Home\",\"item\":\"https:\\\/\\\/getsolbio.com\\\/\"},{\"@type\":\"ListItem\",\"position\":2,\"name\":\"FAQ\"}]},{\"@type\":\"WebSite\",\"@id\":\"https:\\\/\\\/getsolbio.com\\\/#website\",\"url\":\"https:\\\/\\\/getsolbio.com\\\/\",\"name\":\"Getsolbio\",\"description\":\"Take the green road\",\"publisher\":{\"@id\":\"https:\\\/\\\/getsolbio.com\\\/#organization\"},\"potentialAction\":[{\"@type\":\"SearchAction\",\"target\":{\"@type\":\"EntryPoint\",\"urlTemplate\":\"https:\\\/\\\/getsolbio.com\\\/?s={search_term_string}\"},\"query-input\":{\"@type\":\"PropertyValueSpecification\",\"valueRequired\":true,\"valueName\":\"search_term_string\"}}],\"inLanguage\":\"de\"},{\"@type\":\"Organization\",\"@id\":\"https:\\\/\\\/getsolbio.com\\\/#organization\",\"name\":\"Getsolbio\",\"url\":\"https:\\\/\\\/getsolbio.com\\\/\",\"logo\":{\"@type\":\"ImageObject\",\"inLanguage\":\"de\",\"@id\":\"https:\\\/\\\/getsolbio.com\\\/#\\\/schema\\\/logo\\\/image\\\/\",\"url\":\"https:\\\/\\\/getsolbio.com\\\/wp-content\\\/uploads\\\/2025\\\/02\\\/solbio-logo-website.png\",\"contentUrl\":\"https:\\\/\\\/getsolbio.com\\\/wp-content\\\/uploads\\\/2025\\\/02\\\/solbio-logo-website.png\",\"width\":110,\"height\":111,\"caption\":\"Getsolbio\"},\"image\":{\"@id\":\"https:\\\/\\\/getsolbio.com\\\/#\\\/schema\\\/logo\\\/image\\\/\"},\"sameAs\":[\"https:\\\/\\\/www.facebook.com\\\/getsolbio\\\/\",\"https:\\\/\\\/www.instagram.com\\\/solbio\\\/\",\"https:\\\/\\\/www.linkedin.com\\\/company\\\/solbio\\\/\"]}]}<\/script>\n<!-- \/ Yoast SEO plugin. -->","yoast_head_json":{"title":"FAQ - Solbio","robots":{"index":"index","follow":"follow","max-snippet":"max-snippet:-1","max-image-preview":"max-image-preview:large","max-video-preview":"max-video-preview:-1"},"canonical":"https:\/\/getsolbio.com\/de\/faq\/","og_locale":"de_DE","og_type":"article","og_title":"FAQ - Solbio","og_description":"Heb je nog een andere vraag?","og_url":"https:\/\/getsolbio.com\/de\/faq\/","og_site_name":"Solbio","article_publisher":"https:\/\/www.facebook.com\/getsolbio\/","article_modified_time":"2025-01-22T07:07:08+00:00","twitter_card":"summary_large_image","schema":{"@context":"https:\/\/schema.org","@graph":[{"@type":"WebPage","@id":"https:\/\/getsolbio.com\/faq\/","url":"https:\/\/getsolbio.com\/faq\/","name":"FAQ - Solbio","isPartOf":{"@id":"https:\/\/getsolbio.com\/#website"},"datePublished":"2025-01-21T13:45:14+00:00","dateModified":"2025-01-22T07:07:08+00:00","breadcrumb":{"@id":"https:\/\/getsolbio.com\/faq\/#breadcrumb"},"inLanguage":"de","potentialAction":[{"@type":"ReadAction","target":["https:\/\/getsolbio.com\/faq\/"]}]},{"@type":"BreadcrumbList","@id":"https:\/\/getsolbio.com\/faq\/#breadcrumb","itemListElement":[{"@type":"ListItem","position":1,"name":"Home","item":"https:\/\/getsolbio.com\/"},{"@type":"ListItem","position":2,"name":"FAQ"}]},{"@type":"WebSite","@id":"https:\/\/getsolbio.com\/#website","url":"https:\/\/getsolbio.com\/","name":"Getsolbio","description":"Take the green road","publisher":{"@id":"https:\/\/getsolbio.com\/#organization"},"potentialAction":[{"@type":"SearchAction","target":{"@type":"EntryPoint","urlTemplate":"https:\/\/getsolbio.com\/?s={search_term_string}"},"query-input":{"@type":"PropertyValueSpecification","valueRequired":true,"valueName":"search_term_string"}}],"inLanguage":"de"},{"@type":"Organization","@id":"https:\/\/getsolbio.com\/#organization","name":"Getsolbio","url":"https:\/\/getsolbio.com\/","logo":{"@type":"ImageObject","inLanguage":"de","@id":"https:\/\/getsolbio.com\/#\/schema\/logo\/image\/","url":"https:\/\/getsolbio.com\/wp-content\/uploads\/2025\/02\/solbio-logo-website.png","contentUrl":"https:\/\/getsolbio.com\/wp-content\/uploads\/2025\/02\/solbio-logo-website.png","width":110,"height":111,"caption":"Getsolbio"},"image":{"@id":"https:\/\/getsolbio.com\/#\/schema\/logo\/image\/"},"sameAs":["https:\/\/www.facebook.com\/getsolbio\/","https:\/\/www.instagram.com\/solbio\/","https:\/\/www.linkedin.com\/company\/solbio\/"]}]}},"_links":{"self":[{"href":"https:\/\/getsolbio.com\/de\/wp-json\/wp\/v2\/pages\/97","targetHints":{"allow":["GET"]}}],"collection":[{"href":"https:\/\/getsolbio.com\/de\/wp-json\/wp\/v2\/pages"}],"about":[{"href":"https:\/\/getsolbio.com\/de\/wp-json\/wp\/v2\/types\/page"}],"author":[{"embeddable":true,"href":"https:\/\/getsolbio.com\/de\/wp-json\/wp\/v2\/users\/1"}],"replies":[{"embeddable":true,"href":"https:\/\/getsolbio.com\/de\/wp-json\/wp\/v2\/comments?post=97"}],"version-history":[{"count":1,"href":"https:\/\/getsolbio.com\/de\/wp-json\/wp\/v2\/pages\/97\/revisions"}],"predecessor-version":[{"id":99,"href":"https:\/\/getsolbio.com\/de\/wp-json\/wp\/v2\/pages\/97\/revisions\/99"}],"wp:attachment":[{"href":"https:\/\/getsolbio.com\/de\/wp-json\/wp\/v2\/media?parent=97"}],"curies":[{"name":"wp","href":"https:\/\/api.w.org\/{rel}","templated":true}]}}