{"id":15704,"date":"2025-04-11T10:55:48","date_gmt":"2025-04-11T08:55:48","guid":{"rendered":"https:\/\/getsolbio.com\/?post_type=product&#038;p=15704"},"modified":"2026-04-22T04:05:36","modified_gmt":"2026-04-22T02:05:36","slug":"entkalker","status":"publish","type":"product","link":"https:\/\/getsolbio.com\/de\/product\/descaler\/","title":{"rendered":"Entkalker"},"content":{"rendered":"<p data-prosemirror-content-type=\"node\" data-prosemirror-node-name=\"paragraph\" data-prosemirror-node-block=\"true\" data-pm-slice=\"1 1 []\" class=\"translation-block\"><strong data-prosemirror-content-type=\"mark\" data-prosemirror-mark-name=\"strong\">Entkalker:<\/strong> Verabschieden Sie sich von Kalkablagerungen!<\/p>\n<p data-prosemirror-content-type=\"node\" data-prosemirror-node-name=\"paragraph\" data-prosemirror-node-block=\"true\">Leiden Sie unter Kalkablagerungen in Ihrem Wassertank, Boiler, Ihren Rohren oder Ihrer Kassettentoilette? Der Entkalker von Solbio entfernt hartn\u00e4ckige Kalkablagerungen im Handumdrehen!<\/p>\n<p data-prosemirror-content-type=\"node\" data-prosemirror-node-name=\"paragraph\" data-prosemirror-node-block=\"true\">Hergestellt aus Zitronen- und Apfels\u00e4ure.<\/p>\n<p data-prosemirror-content-type=\"node\" data-prosemirror-node-name=\"paragraph\" data-prosemirror-node-block=\"true\" class=\"translation-block\"><strong>Wie zu verwenden?<\/strong><br>\nGie\u00dfen Sie den gesamten Inhalt der Flasche in den Tank. (F\u00fcr eine Kapazit\u00e4t von 200L)<br>\nF\u00fcllen Sie den Tank mit Wasser, drehen sie die H\u00e4hne solange auf bis Wasser kommt, dann schlie\u00dfen. Nun sind auch die Leitungen und der Boiler gef\u00fcllt. Lassen Sie den Entkalker 1 Stunde lang einwirken.<br>\nEntleeren Sie den Tank und sp\u00fclen Sie kurz nach. <br> Hinweis: Sie k\u00f6nnen unseren Entkalker auch zusammen mit unserem Frischwassertankreiniger verwenden, insofern alle Silberprodukte aus dem Tank entfernt werden und keine Chlor Produkte beigef\u00fcgt werden. Dies w\u00fcrde zu einer ungewollten chemischen Reaktion f\u00fchren.<\/p>\n<p data-prosemirror-content-type=\"node\" data-prosemirror-node-name=\"paragraph\" data-prosemirror-node-block=\"true\">","protected":false},"excerpt":{"rendered":"<p>Ontkalker: Zeg vaarwel tegen kalkaanslag! Last van kalkaanslag in je watertank, boiler, leidingen of cassette-toilet? Solbio&#8217;s ontkalker verwijdert hardnekkige kalkaanslag in een handomdraai! Gemaakt van citroenzuur en appelzuur. Hoe te gebruiken? Giet de volledige inhoud van de fles in de tank. (Voor een inhoud van 200L) Vul de tank met water en laat de ontkalker [&hellip;]<\/p>\n","protected":false},"featured_media":15802,"comment_status":"open","ping_status":"closed","template":"","meta":{"inline_featured_image":false,"_genesis_hide_title":false,"_genesis_hide_breadcrumbs":false,"_genesis_hide_singular_image":false,"_genesis_hide_footer_widgets":false,"_genesis_custom_body_class":"","_genesis_custom_post_class":"","_genesis_layout":""},"product_brand":[],"product_cat":[33],"product_tag":[],"class_list":{"0":"post-15704","1":"product","2":"type-product","3":"status-publish","4":"has-post-thumbnail","6":"product_cat-care-cleaning","7":"entry","9":"first","10":"instock","11":"taxable","12":"shipping-taxable","13":"purchasable","14":"product-type-simple"},"yoast_head":"<!-- This site is optimized with the Yoast SEO plugin v27.4 - https:\/\/yoast.com\/product\/yoast-seo-wordpress\/ -->\n<title>Ontkalker - Solbio<\/title>\n<meta name=\"description\" content=\"Last van kalkaanslag in je watertank, boiler, leidingen of cassette-toilet? Solbio&#039;s ontkalker verwijdert hardnekkige kalkaanslag in een handomdraai!\" \/>\n<meta name=\"robots\" content=\"index, follow, max-snippet:-1, max-image-preview:large, max-video-preview:-1\" \/>\n<link rel=\"canonical\" href=\"https:\/\/getsolbio.com\/de\/produkt\/entkalker\/\" \/>\n<meta property=\"og:locale\" content=\"de_DE\" \/>\n<meta property=\"og:type\" content=\"article\" \/>\n<meta property=\"og:title\" content=\"Ontkalker - Solbio\" \/>\n<meta property=\"og:description\" content=\"Last van kalkaanslag in je watertank, boiler, leidingen of cassette-toilet? Solbio&#039;s ontkalker verwijdert hardnekkige kalkaanslag in een handomdraai!\" \/>\n<meta property=\"og:url\" content=\"https:\/\/getsolbio.com\/de\/produkt\/entkalker\/\" \/>\n<meta property=\"og:site_name\" content=\"Solbio\" \/>\n<meta property=\"article:publisher\" content=\"https:\/\/www.facebook.com\/getsolbio\/\" \/>\n<meta property=\"article:modified_time\" content=\"2026-04-22T02:05:36+00:00\" \/>\n<meta property=\"og:image\" content=\"https:\/\/getsolbio.com\/wp-content\/uploads\/2025\/04\/Descaler_large-scaled.png\" \/>\n\t<meta property=\"og:image:width\" content=\"1580\" \/>\n\t<meta property=\"og:image:height\" content=\"2560\" \/>\n\t<meta property=\"og:image:type\" content=\"image\/png\" \/>\n<meta name=\"twitter:card\" content=\"summary_large_image\" \/>\n<script type=\"application\/ld+json\" class=\"yoast-schema-graph\">{\"@context\":\"https:\\\/\\\/schema.org\",\"@graph\":[{\"@type\":\"WebPage\",\"@id\":\"https:\\\/\\\/getsolbio.com\\\/product\\\/descaler\\\/\",\"url\":\"https:\\\/\\\/getsolbio.com\\\/product\\\/descaler\\\/\",\"name\":\"Ontkalker - Solbio\",\"isPartOf\":{\"@id\":\"https:\\\/\\\/getsolbio.com\\\/#website\"},\"primaryImageOfPage\":{\"@id\":\"https:\\\/\\\/getsolbio.com\\\/product\\\/descaler\\\/#primaryimage\"},\"image\":{\"@id\":\"https:\\\/\\\/getsolbio.com\\\/product\\\/descaler\\\/#primaryimage\"},\"thumbnailUrl\":\"https:\\\/\\\/getsolbio.com\\\/wp-content\\\/uploads\\\/2025\\\/04\\\/Descaler_large-scaled.png\",\"datePublished\":\"2025-04-11T08:55:48+00:00\",\"dateModified\":\"2026-04-22T02:05:36+00:00\",\"description\":\"Last van kalkaanslag in je watertank, boiler, leidingen of cassette-toilet? Solbio's ontkalker verwijdert hardnekkige kalkaanslag in een handomdraai!\",\"breadcrumb\":{\"@id\":\"https:\\\/\\\/getsolbio.com\\\/product\\\/descaler\\\/#breadcrumb\"},\"inLanguage\":\"de\",\"potentialAction\":[{\"@type\":\"ReadAction\",\"target\":[\"https:\\\/\\\/getsolbio.com\\\/product\\\/descaler\\\/\"]}]},{\"@type\":\"ImageObject\",\"inLanguage\":\"de\",\"@id\":\"https:\\\/\\\/getsolbio.com\\\/product\\\/descaler\\\/#primaryimage\",\"url\":\"https:\\\/\\\/getsolbio.com\\\/wp-content\\\/uploads\\\/2025\\\/04\\\/Descaler_large-scaled.png\",\"contentUrl\":\"https:\\\/\\\/getsolbio.com\\\/wp-content\\\/uploads\\\/2025\\\/04\\\/Descaler_large-scaled.png\",\"width\":1580,\"height\":2560},{\"@type\":\"BreadcrumbList\",\"@id\":\"https:\\\/\\\/getsolbio.com\\\/product\\\/descaler\\\/#breadcrumb\",\"itemListElement\":[{\"@type\":\"ListItem\",\"position\":1,\"name\":\"Home\",\"item\":\"https:\\\/\\\/getsolbio.com\\\/\"},{\"@type\":\"ListItem\",\"position\":2,\"name\":\"Winkel\",\"item\":\"https:\\\/\\\/getsolbio.com\\\/winkel\\\/\"},{\"@type\":\"ListItem\",\"position\":3,\"name\":\"Care &amp; Cleaning\",\"item\":\"https:\\\/\\\/getsolbio.com\\\/es\\\/categoria-producto\\\/care-cleaning\\\/\"},{\"@type\":\"ListItem\",\"position\":4,\"name\":\"Ontkalker\"}]},{\"@type\":\"WebSite\",\"@id\":\"https:\\\/\\\/getsolbio.com\\\/#website\",\"url\":\"https:\\\/\\\/getsolbio.com\\\/\",\"name\":\"Getsolbio\",\"description\":\"Take the green road\",\"publisher\":{\"@id\":\"https:\\\/\\\/getsolbio.com\\\/#organization\"},\"potentialAction\":[{\"@type\":\"SearchAction\",\"target\":{\"@type\":\"EntryPoint\",\"urlTemplate\":\"https:\\\/\\\/getsolbio.com\\\/?s={search_term_string}\"},\"query-input\":{\"@type\":\"PropertyValueSpecification\",\"valueRequired\":true,\"valueName\":\"search_term_string\"}}],\"inLanguage\":\"de\"},{\"@type\":\"Organization\",\"@id\":\"https:\\\/\\\/getsolbio.com\\\/#organization\",\"name\":\"Getsolbio\",\"url\":\"https:\\\/\\\/getsolbio.com\\\/\",\"logo\":{\"@type\":\"ImageObject\",\"inLanguage\":\"de\",\"@id\":\"https:\\\/\\\/getsolbio.com\\\/#\\\/schema\\\/logo\\\/image\\\/\",\"url\":\"https:\\\/\\\/getsolbio.com\\\/wp-content\\\/uploads\\\/2025\\\/02\\\/solbio-logo-website.png\",\"contentUrl\":\"https:\\\/\\\/getsolbio.com\\\/wp-content\\\/uploads\\\/2025\\\/02\\\/solbio-logo-website.png\",\"width\":110,\"height\":111,\"caption\":\"Getsolbio\"},\"image\":{\"@id\":\"https:\\\/\\\/getsolbio.com\\\/#\\\/schema\\\/logo\\\/image\\\/\"},\"sameAs\":[\"https:\\\/\\\/www.facebook.com\\\/getsolbio\\\/\",\"https:\\\/\\\/www.instagram.com\\\/solbio\\\/\",\"https:\\\/\\\/www.linkedin.com\\\/company\\\/solbio\\\/\"]}]}<\/script>\n<!-- \/ Yoast SEO plugin. -->","yoast_head_json":{"title":"Entkalker - Solbio","description":"Leiden Sie unter Kalkablagerungen in Ihrem Wassertank, Boiler, Ihren Rohren oder Ihrer Kassettentoilette? Der Entkalker von Solbio entfernt hartn\u00e4ckige Kalkablagerungen im Handumdrehen!","robots":{"index":"index","follow":"follow","max-snippet":"max-snippet:-1","max-image-preview":"max-image-preview:large","max-video-preview":"max-video-preview:-1"},"canonical":"https:\/\/getsolbio.com\/de\/produkt\/entkalker\/","og_locale":"de_DE","og_type":"article","og_title":"Ontkalker - Solbio","og_description":"Last van kalkaanslag in je watertank, boiler, leidingen of cassette-toilet? Solbio's ontkalker verwijdert hardnekkige kalkaanslag in een handomdraai!","og_url":"https:\/\/getsolbio.com\/de\/produkt\/entkalker\/","og_site_name":"Solbio","article_publisher":"https:\/\/www.facebook.com\/getsolbio\/","article_modified_time":"2026-04-22T02:05:36+00:00","og_image":[{"width":1580,"height":2560,"url":"https:\/\/getsolbio.com\/wp-content\/uploads\/2025\/04\/Descaler_large-scaled.png","type":"image\/png"}],"twitter_card":"summary_large_image","schema":{"@context":"https:\/\/schema.org","@graph":[{"@type":"WebPage","@id":"https:\/\/getsolbio.com\/product\/descaler\/","url":"https:\/\/getsolbio.com\/product\/descaler\/","name":"Entkalker - Solbio","isPartOf":{"@id":"https:\/\/getsolbio.com\/#website"},"primaryImageOfPage":{"@id":"https:\/\/getsolbio.com\/product\/descaler\/#primaryimage"},"image":{"@id":"https:\/\/getsolbio.com\/product\/descaler\/#primaryimage"},"thumbnailUrl":"https:\/\/getsolbio.com\/wp-content\/uploads\/2025\/04\/Descaler_large-scaled.png","datePublished":"2025-04-11T08:55:48+00:00","dateModified":"2026-04-22T02:05:36+00:00","description":"Leiden Sie unter Kalkablagerungen in Ihrem Wassertank, Boiler, Ihren Rohren oder Ihrer Kassettentoilette? Der Entkalker von Solbio entfernt hartn\u00e4ckige Kalkablagerungen im Handumdrehen!","breadcrumb":{"@id":"https:\/\/getsolbio.com\/product\/descaler\/#breadcrumb"},"inLanguage":"de","potentialAction":[{"@type":"ReadAction","target":["https:\/\/getsolbio.com\/product\/descaler\/"]}]},{"@type":"ImageObject","inLanguage":"de","@id":"https:\/\/getsolbio.com\/product\/descaler\/#primaryimage","url":"https:\/\/getsolbio.com\/wp-content\/uploads\/2025\/04\/Descaler_large-scaled.png","contentUrl":"https:\/\/getsolbio.com\/wp-content\/uploads\/2025\/04\/Descaler_large-scaled.png","width":1580,"height":2560},{"@type":"BreadcrumbList","@id":"https:\/\/getsolbio.com\/product\/descaler\/#breadcrumb","itemListElement":[{"@type":"ListItem","position":1,"name":"Home","item":"https:\/\/getsolbio.com\/"},{"@type":"ListItem","position":2,"name":"Winkel","item":"https:\/\/getsolbio.com\/winkel\/"},{"@type":"ListItem","position":3,"name":"Care &amp; Cleaning","item":"https:\/\/getsolbio.com\/es\/categoria-producto\/care-cleaning\/"},{"@type":"ListItem","position":4,"name":"Ontkalker"}]},{"@type":"WebSite","@id":"https:\/\/getsolbio.com\/#website","url":"https:\/\/getsolbio.com\/","name":"Getsolbio","description":"Take the green road","publisher":{"@id":"https:\/\/getsolbio.com\/#organization"},"potentialAction":[{"@type":"SearchAction","target":{"@type":"EntryPoint","urlTemplate":"https:\/\/getsolbio.com\/?s={search_term_string}"},"query-input":{"@type":"PropertyValueSpecification","valueRequired":true,"valueName":"search_term_string"}}],"inLanguage":"de"},{"@type":"Organization","@id":"https:\/\/getsolbio.com\/#organization","name":"Getsolbio","url":"https:\/\/getsolbio.com\/","logo":{"@type":"ImageObject","inLanguage":"de","@id":"https:\/\/getsolbio.com\/#\/schema\/logo\/image\/","url":"https:\/\/getsolbio.com\/wp-content\/uploads\/2025\/02\/solbio-logo-website.png","contentUrl":"https:\/\/getsolbio.com\/wp-content\/uploads\/2025\/02\/solbio-logo-website.png","width":110,"height":111,"caption":"Getsolbio"},"image":{"@id":"https:\/\/getsolbio.com\/#\/schema\/logo\/image\/"},"sameAs":["https:\/\/www.facebook.com\/getsolbio\/","https:\/\/www.instagram.com\/solbio\/","https:\/\/www.linkedin.com\/company\/solbio\/"]}]}},"_links":{"self":[{"href":"https:\/\/getsolbio.com\/de\/wp-json\/wp\/v2\/product\/15704","targetHints":{"allow":["GET"]}}],"collection":[{"href":"https:\/\/getsolbio.com\/de\/wp-json\/wp\/v2\/product"}],"about":[{"href":"https:\/\/getsolbio.com\/de\/wp-json\/wp\/v2\/types\/product"}],"replies":[{"embeddable":true,"href":"https:\/\/getsolbio.com\/de\/wp-json\/wp\/v2\/comments?post=15704"}],"wp:featuredmedia":[{"embeddable":true,"href":"https:\/\/getsolbio.com\/de\/wp-json\/wp\/v2\/media\/15802"}],"wp:attachment":[{"href":"https:\/\/getsolbio.com\/de\/wp-json\/wp\/v2\/media?parent=15704"}],"wp:term":[{"taxonomy":"product_brand","embeddable":true,"href":"https:\/\/getsolbio.com\/de\/wp-json\/wp\/v2\/product_brand?post=15704"},{"taxonomy":"product_cat","embeddable":true,"href":"https:\/\/getsolbio.com\/de\/wp-json\/wp\/v2\/product_cat?post=15704"},{"taxonomy":"product_tag","embeddable":true,"href":"https:\/\/getsolbio.com\/de\/wp-json\/wp\/v2\/product_tag?post=15704"}],"curies":[{"name":"wp","href":"https:\/\/api.w.org\/{rel}","templated":true}]}}