{"id":358,"date":"2023-04-17T00:00:00","date_gmt":"2023-04-16T22:00:00","guid":{"rendered":"https:\/\/getsolbio.com\/product\/ecologisch-varen-solbio-marine-xl\/"},"modified":"2026-04-20T04:05:45","modified_gmt":"2026-04-20T02:05:45","slug":"marine-xl","status":"publish","type":"product","link":"https:\/\/getsolbio.com\/de\/product\/marine-xl\/","title":{"rendered":"Marine XL (120 Tage)"},"content":{"rendered":"<p><strong>Reisen Sie nachhaltig mit unserem fruchtigen Solbio Marine XL ab 0,29 \u20ac pro Tag.<\/strong><br><br \/>\nDiese funktioniert auch in Salzwasser, ideal f\u00fcr Ihren n\u00e4chsten Bootsausflug.<\/p>\n<ul>\n<li>1,6 Liter Sanit\u00e4rfl\u00fcssigkeit<\/li>\n<li>40 Portionen<\/li>\n<li>Ausreichend f\u00fcr vier Monate Camping (mit einem 20-Liter-Standardtank)<\/li>\n<li>Besonders wirkungsvoll \u2013 die beste Option f\u00fcr gr\u00f6\u00dfere Tanks<\/li>\n<li><strong>Funktioniert in S\u00fc\u00df- und Salzwasser<\/strong><\/li>\n<li>Zu 100 % nat\u00fcrliche Inhaltsstoffe<\/li>\n<li>Zu 100 % biologisch abbaubar<\/li>\n<li>Orangenduft<\/li>\n<li>Baut F\u00e4kalien und Toilettenpapier ab<\/li>\n<li>Hinterl\u00e4sst Ihre Toilette gl\u00e4nzend und sauber<\/li>\n<li>Alle drei Tage austauschen<\/li>\n<li>Kann sicher in einer Toilette entfernt werden<\/li>\n<li><strong>Dank der 4 in 1 Formel auch in Ihrem Grau- und Schwarzwassertank zu verwenden - als Grundreinigung oder Geruchsverhinderer<\/li>\n<\/ul>","protected":false},"excerpt":{"rendered":"<p><strong>Reisen Sie nachhaltig mit unserem fruchtigen Solbio Marine XL ab 0,29 \u20ac pro Tag.<\/strong><br><br \/>\nDiese funktioniert auch in Salzwasser, ideal f\u00fcr Ihren n\u00e4chsten Bootsausflug.<\/p>","protected":false},"featured_media":359,"comment_status":"closed","ping_status":"closed","template":"","meta":{"inline_featured_image":false,"_genesis_hide_title":false,"_genesis_hide_breadcrumbs":false,"_genesis_hide_singular_image":false,"_genesis_hide_footer_widgets":false,"_genesis_custom_body_class":"","_genesis_custom_post_class":"","_genesis_layout":""},"product_brand":[],"product_cat":[28],"product_tag":[77,31,32],"class_list":{"0":"post-358","1":"product","2":"type-product","3":"status-publish","4":"has-post-thumbnail","6":"product_cat-toiletfluid","7":"product_tag-orange","8":"product_tag-pouch","9":"product_tag-solbio","10":"entry","12":"first","13":"instock","14":"taxable","15":"shipping-taxable","16":"purchasable","17":"product-type-simple"},"yoast_head":"<!-- This site is optimized with the Yoast SEO plugin v27.4 - https:\/\/yoast.com\/product\/yoast-seo-wordpress\/ -->\n<title>Marine XL (120 dagen) - Solbio<\/title>\n<meta name=\"robots\" content=\"index, follow, max-snippet:-1, max-image-preview:large, max-video-preview:-1\" \/>\n<link rel=\"canonical\" href=\"https:\/\/getsolbio.com\/de\/produkt\/marine-xl\/\" \/>\n<meta property=\"og:locale\" content=\"de_DE\" \/>\n<meta property=\"og:type\" content=\"article\" \/>\n<meta property=\"og:title\" content=\"Marine XL (120 dagen) - Solbio\" \/>\n<meta property=\"og:description\" content=\"Reis ecologisch met onze fruitige Solbio Marine XL vanaf 0,25 euro\/dag. Deze citrusvariant werkt ook met zout water, ideaal voor je volgende boottrip.\" \/>\n<meta property=\"og:url\" content=\"https:\/\/getsolbio.com\/de\/produkt\/marine-xl\/\" \/>\n<meta property=\"og:site_name\" content=\"Solbio\" \/>\n<meta property=\"article:publisher\" content=\"https:\/\/www.facebook.com\/getsolbio\/\" \/>\n<meta property=\"article:modified_time\" content=\"2026-04-20T02:05:45+00:00\" \/>\n<meta property=\"og:image\" content=\"https:\/\/getsolbio.com\/wp-content\/uploads\/2025\/01\/542503372032-Marine-EN-DE-FR-NL-FRONT-min.png\" \/>\n\t<meta property=\"og:image:width\" content=\"1624\" \/>\n\t<meta property=\"og:image:height\" content=\"2631\" \/>\n\t<meta property=\"og:image:type\" content=\"image\/png\" \/>\n<meta name=\"twitter:card\" content=\"summary_large_image\" \/>\n<script type=\"application\/ld+json\" class=\"yoast-schema-graph\">{\"@context\":\"https:\\\/\\\/schema.org\",\"@graph\":[{\"@type\":\"WebPage\",\"@id\":\"https:\\\/\\\/getsolbio.com\\\/product\\\/marine-xl\\\/\",\"url\":\"https:\\\/\\\/getsolbio.com\\\/product\\\/marine-xl\\\/\",\"name\":\"Marine XL (120 dagen) - Solbio\",\"isPartOf\":{\"@id\":\"https:\\\/\\\/getsolbio.com\\\/#website\"},\"primaryImageOfPage\":{\"@id\":\"https:\\\/\\\/getsolbio.com\\\/product\\\/marine-xl\\\/#primaryimage\"},\"image\":{\"@id\":\"https:\\\/\\\/getsolbio.com\\\/product\\\/marine-xl\\\/#primaryimage\"},\"thumbnailUrl\":\"https:\\\/\\\/getsolbio.com\\\/wp-content\\\/uploads\\\/2025\\\/01\\\/542503372032-Marine-EN-DE-FR-NL-FRONT-min.png\",\"datePublished\":\"2023-04-16T22:00:00+00:00\",\"dateModified\":\"2026-04-20T02:05:45+00:00\",\"breadcrumb\":{\"@id\":\"https:\\\/\\\/getsolbio.com\\\/product\\\/marine-xl\\\/#breadcrumb\"},\"inLanguage\":\"de\",\"potentialAction\":[{\"@type\":\"ReadAction\",\"target\":[\"https:\\\/\\\/getsolbio.com\\\/product\\\/marine-xl\\\/\"]}]},{\"@type\":\"ImageObject\",\"inLanguage\":\"de\",\"@id\":\"https:\\\/\\\/getsolbio.com\\\/product\\\/marine-xl\\\/#primaryimage\",\"url\":\"https:\\\/\\\/getsolbio.com\\\/wp-content\\\/uploads\\\/2025\\\/01\\\/542503372032-Marine-EN-DE-FR-NL-FRONT-min.png\",\"contentUrl\":\"https:\\\/\\\/getsolbio.com\\\/wp-content\\\/uploads\\\/2025\\\/01\\\/542503372032-Marine-EN-DE-FR-NL-FRONT-min.png\",\"width\":1624,\"height\":2631},{\"@type\":\"BreadcrumbList\",\"@id\":\"https:\\\/\\\/getsolbio.com\\\/product\\\/marine-xl\\\/#breadcrumb\",\"itemListElement\":[{\"@type\":\"ListItem\",\"position\":1,\"name\":\"Home\",\"item\":\"https:\\\/\\\/getsolbio.com\\\/\"},{\"@type\":\"ListItem\",\"position\":2,\"name\":\"Winkel\",\"item\":\"https:\\\/\\\/getsolbio.com\\\/winkel\\\/\"},{\"@type\":\"ListItem\",\"position\":3,\"name\":\"Toiletfluid\",\"item\":\"https:\\\/\\\/getsolbio.com\\\/product-categorie\\\/toiletfluid\\\/\"},{\"@type\":\"ListItem\",\"position\":4,\"name\":\"Marine XL (120 dagen)\"}]},{\"@type\":\"WebSite\",\"@id\":\"https:\\\/\\\/getsolbio.com\\\/#website\",\"url\":\"https:\\\/\\\/getsolbio.com\\\/\",\"name\":\"Getsolbio\",\"description\":\"Take the green road\",\"publisher\":{\"@id\":\"https:\\\/\\\/getsolbio.com\\\/#organization\"},\"potentialAction\":[{\"@type\":\"SearchAction\",\"target\":{\"@type\":\"EntryPoint\",\"urlTemplate\":\"https:\\\/\\\/getsolbio.com\\\/?s={search_term_string}\"},\"query-input\":{\"@type\":\"PropertyValueSpecification\",\"valueRequired\":true,\"valueName\":\"search_term_string\"}}],\"inLanguage\":\"de\"},{\"@type\":\"Organization\",\"@id\":\"https:\\\/\\\/getsolbio.com\\\/#organization\",\"name\":\"Getsolbio\",\"url\":\"https:\\\/\\\/getsolbio.com\\\/\",\"logo\":{\"@type\":\"ImageObject\",\"inLanguage\":\"de\",\"@id\":\"https:\\\/\\\/getsolbio.com\\\/#\\\/schema\\\/logo\\\/image\\\/\",\"url\":\"https:\\\/\\\/getsolbio.com\\\/wp-content\\\/uploads\\\/2025\\\/02\\\/solbio-logo-website.png\",\"contentUrl\":\"https:\\\/\\\/getsolbio.com\\\/wp-content\\\/uploads\\\/2025\\\/02\\\/solbio-logo-website.png\",\"width\":110,\"height\":111,\"caption\":\"Getsolbio\"},\"image\":{\"@id\":\"https:\\\/\\\/getsolbio.com\\\/#\\\/schema\\\/logo\\\/image\\\/\"},\"sameAs\":[\"https:\\\/\\\/www.facebook.com\\\/getsolbio\\\/\",\"https:\\\/\\\/www.instagram.com\\\/solbio\\\/\",\"https:\\\/\\\/www.linkedin.com\\\/company\\\/solbio\\\/\"]}]}<\/script>\n<!-- \/ Yoast SEO plugin. -->","yoast_head_json":{"title":"Marine XL (120 dagen) - Solbio","robots":{"index":"index","follow":"follow","max-snippet":"max-snippet:-1","max-image-preview":"max-image-preview:large","max-video-preview":"max-video-preview:-1"},"canonical":"https:\/\/getsolbio.com\/de\/produkt\/marine-xl\/","og_locale":"de_DE","og_type":"article","og_title":"Marine XL (120 dagen) - Solbio","og_description":"Reis ecologisch met onze fruitige Solbio Marine XL vanaf 0,25 euro\/dag. Deze citrusvariant werkt ook met zout water, ideaal voor je volgende boottrip.","og_url":"https:\/\/getsolbio.com\/de\/produkt\/marine-xl\/","og_site_name":"Solbio","article_publisher":"https:\/\/www.facebook.com\/getsolbio\/","article_modified_time":"2026-04-20T02:05:45+00:00","og_image":[{"width":1624,"height":2631,"url":"https:\/\/getsolbio.com\/wp-content\/uploads\/2025\/01\/542503372032-Marine-EN-DE-FR-NL-FRONT-min.png","type":"image\/png"}],"twitter_card":"summary_large_image","schema":{"@context":"https:\/\/schema.org","@graph":[{"@type":"WebPage","@id":"https:\/\/getsolbio.com\/product\/marine-xl\/","url":"https:\/\/getsolbio.com\/product\/marine-xl\/","name":"Marine XL (120 dagen) - Solbio","isPartOf":{"@id":"https:\/\/getsolbio.com\/#website"},"primaryImageOfPage":{"@id":"https:\/\/getsolbio.com\/product\/marine-xl\/#primaryimage"},"image":{"@id":"https:\/\/getsolbio.com\/product\/marine-xl\/#primaryimage"},"thumbnailUrl":"https:\/\/getsolbio.com\/wp-content\/uploads\/2025\/01\/542503372032-Marine-EN-DE-FR-NL-FRONT-min.png","datePublished":"2023-04-16T22:00:00+00:00","dateModified":"2026-04-20T02:05:45+00:00","breadcrumb":{"@id":"https:\/\/getsolbio.com\/product\/marine-xl\/#breadcrumb"},"inLanguage":"de","potentialAction":[{"@type":"ReadAction","target":["https:\/\/getsolbio.com\/product\/marine-xl\/"]}]},{"@type":"ImageObject","inLanguage":"de","@id":"https:\/\/getsolbio.com\/product\/marine-xl\/#primaryimage","url":"https:\/\/getsolbio.com\/wp-content\/uploads\/2025\/01\/542503372032-Marine-EN-DE-FR-NL-FRONT-min.png","contentUrl":"https:\/\/getsolbio.com\/wp-content\/uploads\/2025\/01\/542503372032-Marine-EN-DE-FR-NL-FRONT-min.png","width":1624,"height":2631},{"@type":"BreadcrumbList","@id":"https:\/\/getsolbio.com\/product\/marine-xl\/#breadcrumb","itemListElement":[{"@type":"ListItem","position":1,"name":"Home","item":"https:\/\/getsolbio.com\/"},{"@type":"ListItem","position":2,"name":"Winkel","item":"https:\/\/getsolbio.com\/winkel\/"},{"@type":"ListItem","position":3,"name":"Toiletfluid","item":"https:\/\/getsolbio.com\/product-categorie\/toiletfluid\/"},{"@type":"ListItem","position":4,"name":"Marine XL (120 dagen)"}]},{"@type":"WebSite","@id":"https:\/\/getsolbio.com\/#website","url":"https:\/\/getsolbio.com\/","name":"Getsolbio","description":"Take the green road","publisher":{"@id":"https:\/\/getsolbio.com\/#organization"},"potentialAction":[{"@type":"SearchAction","target":{"@type":"EntryPoint","urlTemplate":"https:\/\/getsolbio.com\/?s={search_term_string}"},"query-input":{"@type":"PropertyValueSpecification","valueRequired":true,"valueName":"search_term_string"}}],"inLanguage":"de"},{"@type":"Organization","@id":"https:\/\/getsolbio.com\/#organization","name":"Getsolbio","url":"https:\/\/getsolbio.com\/","logo":{"@type":"ImageObject","inLanguage":"de","@id":"https:\/\/getsolbio.com\/#\/schema\/logo\/image\/","url":"https:\/\/getsolbio.com\/wp-content\/uploads\/2025\/02\/solbio-logo-website.png","contentUrl":"https:\/\/getsolbio.com\/wp-content\/uploads\/2025\/02\/solbio-logo-website.png","width":110,"height":111,"caption":"Getsolbio"},"image":{"@id":"https:\/\/getsolbio.com\/#\/schema\/logo\/image\/"},"sameAs":["https:\/\/www.facebook.com\/getsolbio\/","https:\/\/www.instagram.com\/solbio\/","https:\/\/www.linkedin.com\/company\/solbio\/"]}]}},"_links":{"self":[{"href":"https:\/\/getsolbio.com\/de\/wp-json\/wp\/v2\/product\/358","targetHints":{"allow":["GET"]}}],"collection":[{"href":"https:\/\/getsolbio.com\/de\/wp-json\/wp\/v2\/product"}],"about":[{"href":"https:\/\/getsolbio.com\/de\/wp-json\/wp\/v2\/types\/product"}],"replies":[{"embeddable":true,"href":"https:\/\/getsolbio.com\/de\/wp-json\/wp\/v2\/comments?post=358"}],"wp:featuredmedia":[{"embeddable":true,"href":"https:\/\/getsolbio.com\/de\/wp-json\/wp\/v2\/media\/359"}],"wp:attachment":[{"href":"https:\/\/getsolbio.com\/de\/wp-json\/wp\/v2\/media?parent=358"}],"wp:term":[{"taxonomy":"product_brand","embeddable":true,"href":"https:\/\/getsolbio.com\/de\/wp-json\/wp\/v2\/product_brand?post=358"},{"taxonomy":"product_cat","embeddable":true,"href":"https:\/\/getsolbio.com\/de\/wp-json\/wp\/v2\/product_cat?post=358"},{"taxonomy":"product_tag","embeddable":true,"href":"https:\/\/getsolbio.com\/de\/wp-json\/wp\/v2\/product_tag?post=358"}],"curies":[{"name":"wp","href":"https:\/\/api.w.org\/{rel}","templated":true}]}}