{"id":383,"date":"2025-01-07T00:00:00","date_gmt":"2025-01-06T23:00:00","guid":{"rendered":"https:\/\/getsolbio.com\/product\/streak-remover2\/"},"modified":"2026-04-21T04:07:49","modified_gmt":"2026-04-21T02:07:49","slug":"streak-remover","status":"publish","type":"product","link":"https:\/\/getsolbio.com\/de\/product\/streak-remover\/","title":{"rendered":"Regenstreifenentferner - Acryl proofed"},"content":{"rendered":"<ul>\n<li>Aufspr\u00fchen, mit einem Schwamm einreiben, abwischen und bewundern. (Bei hartn\u00e4ckigen Regenstreifen ca. 3 bis 5 min einwirken lassen)<\/li>\n<li>Zur Reinigung gr\u00f6\u00dferer Fl\u00e4chen k\u00f6nnen Sie es auch mit Wasser weiter verd\u00fcnnen<\/li>\n<li>Enth\u00e4lt keine Farbstoffe, Parabene, Phosphate, Chlor oder Ammoniak.<\/li>\n<li>Pflanzlich, stark und effektiv<br><\/li>\n<\/ul>\n<p><br>Schwarze Flecken auf der Au\u00dfenseite Ihres Wohnmobils, Wohnwagens oder Bootes sind unvermeidlich, wenn Sie auf Abenteuerreise gehen. Wahrscheinlich fluchen Sie manchmal innerlich, wenn Sie sie bemerken, oder laut, wenn Sie wissen, dass sie Sie dort sowieso nicht verstehen. Mit unserem Regenstreifenentferner werden Sie von nun an h\u00f6chstens einmal zusammenzucken. Die rein nat\u00fcrliche Formel beseitigt Schlieren schnell und effektiv, auch ohne zu schrubben. Nur gute Laune.<\/p>","protected":false},"excerpt":{"rendered":"<p>Sprayen, met een spons inwrijven, afnemen en bewonderen. Om grotere oppervlakten te reinigen kan je het ook verder verdunnen met water Bevat geen kleurstoffen, parabenen, fosfaten, chloor of ammoniak Plantaardig, Krachtig en Doeltreffend Zwarte strepen op de buitenkant van je motorhome, caravan of boot zijn onvermijdelijk als je op avontuur gaat. Je vloekt waarschijnlijk wel [&hellip;]<\/p>\n","protected":false},"featured_media":384,"comment_status":"closed","ping_status":"closed","template":"","meta":{"inline_featured_image":false,"_genesis_hide_title":false,"_genesis_hide_breadcrumbs":false,"_genesis_hide_singular_image":false,"_genesis_hide_footer_widgets":false,"_genesis_custom_body_class":"","_genesis_custom_post_class":"","_genesis_layout":""},"product_brand":[],"product_cat":[33],"product_tag":[],"class_list":{"0":"post-383","1":"product","2":"type-product","3":"status-publish","4":"has-post-thumbnail","6":"product_cat-care-cleaning","7":"entry","9":"first","10":"instock","11":"taxable","12":"shipping-taxable","13":"purchasable","14":"product-type-simple"},"yoast_head":"<!-- This site is optimized with the Yoast SEO plugin v27.4 - https:\/\/yoast.com\/product\/yoast-seo-wordpress\/ -->\n<title>Zwarte Streep Reiniger - Solbio<\/title>\n<meta name=\"robots\" content=\"index, follow, max-snippet:-1, max-image-preview:large, max-video-preview:-1\" \/>\n<link rel=\"canonical\" href=\"https:\/\/getsolbio.com\/de\/produkt\/streak-remover\/\" \/>\n<meta property=\"og:locale\" content=\"de_DE\" \/>\n<meta property=\"og:type\" content=\"article\" \/>\n<meta property=\"og:title\" content=\"Zwarte Streep Reiniger - Solbio\" \/>\n<meta property=\"og:description\" content=\"Sprayen, met een spons inwrijven, afnemen en bewonderen. Om grotere oppervlakten te reinigen kan je het ook verder verdunnen met water Bevat geen kleurstoffen, parabenen, fosfaten, chloor of ammoniak Plantaardig, Krachtig en Doeltreffend Zwarte strepen op de buitenkant van je motorhome, caravan of boot zijn onvermijdelijk als je op avontuur gaat. Je vloekt waarschijnlijk wel [&hellip;]\" \/>\n<meta property=\"og:url\" content=\"https:\/\/getsolbio.com\/de\/produkt\/streak-remover\/\" \/>\n<meta property=\"og:site_name\" content=\"Solbio\" \/>\n<meta property=\"article:publisher\" content=\"https:\/\/www.facebook.com\/getsolbio\/\" \/>\n<meta property=\"article:modified_time\" content=\"2026-04-21T02:07:49+00:00\" \/>\n<meta property=\"og:image\" content=\"https:\/\/getsolbio.com\/wp-content\/uploads\/2025\/01\/black-stripe-cleaner-EN-left-low-res.png\" \/>\n\t<meta property=\"og:image:width\" content=\"384\" \/>\n\t<meta property=\"og:image:height\" content=\"972\" \/>\n\t<meta property=\"og:image:type\" content=\"image\/png\" \/>\n<meta name=\"twitter:card\" content=\"summary_large_image\" \/>\n<script type=\"application\/ld+json\" class=\"yoast-schema-graph\">{\"@context\":\"https:\\\/\\\/schema.org\",\"@graph\":[{\"@type\":\"WebPage\",\"@id\":\"https:\\\/\\\/getsolbio.com\\\/product\\\/streak-remover\\\/\",\"url\":\"https:\\\/\\\/getsolbio.com\\\/product\\\/streak-remover\\\/\",\"name\":\"Zwarte Streep Reiniger - Solbio\",\"isPartOf\":{\"@id\":\"https:\\\/\\\/getsolbio.com\\\/#website\"},\"primaryImageOfPage\":{\"@id\":\"https:\\\/\\\/getsolbio.com\\\/product\\\/streak-remover\\\/#primaryimage\"},\"image\":{\"@id\":\"https:\\\/\\\/getsolbio.com\\\/product\\\/streak-remover\\\/#primaryimage\"},\"thumbnailUrl\":\"https:\\\/\\\/getsolbio.com\\\/wp-content\\\/uploads\\\/2025\\\/01\\\/black-stripe-cleaner-EN-left-low-res.png\",\"datePublished\":\"2025-01-06T23:00:00+00:00\",\"dateModified\":\"2026-04-21T02:07:49+00:00\",\"breadcrumb\":{\"@id\":\"https:\\\/\\\/getsolbio.com\\\/product\\\/streak-remover\\\/#breadcrumb\"},\"inLanguage\":\"de\",\"potentialAction\":[{\"@type\":\"ReadAction\",\"target\":[\"https:\\\/\\\/getsolbio.com\\\/product\\\/streak-remover\\\/\"]}]},{\"@type\":\"ImageObject\",\"inLanguage\":\"de\",\"@id\":\"https:\\\/\\\/getsolbio.com\\\/product\\\/streak-remover\\\/#primaryimage\",\"url\":\"https:\\\/\\\/getsolbio.com\\\/wp-content\\\/uploads\\\/2025\\\/01\\\/black-stripe-cleaner-EN-left-low-res.png\",\"contentUrl\":\"https:\\\/\\\/getsolbio.com\\\/wp-content\\\/uploads\\\/2025\\\/01\\\/black-stripe-cleaner-EN-left-low-res.png\",\"width\":384,\"height\":972},{\"@type\":\"BreadcrumbList\",\"@id\":\"https:\\\/\\\/getsolbio.com\\\/product\\\/streak-remover\\\/#breadcrumb\",\"itemListElement\":[{\"@type\":\"ListItem\",\"position\":1,\"name\":\"Home\",\"item\":\"https:\\\/\\\/getsolbio.com\\\/\"},{\"@type\":\"ListItem\",\"position\":2,\"name\":\"Winkel\",\"item\":\"https:\\\/\\\/getsolbio.com\\\/winkel\\\/\"},{\"@type\":\"ListItem\",\"position\":3,\"name\":\"Care &amp; Cleaning\",\"item\":\"https:\\\/\\\/getsolbio.com\\\/es\\\/categoria-producto\\\/care-cleaning\\\/\"},{\"@type\":\"ListItem\",\"position\":4,\"name\":\"Zwarte Streep Reiniger\"}]},{\"@type\":\"WebSite\",\"@id\":\"https:\\\/\\\/getsolbio.com\\\/#website\",\"url\":\"https:\\\/\\\/getsolbio.com\\\/\",\"name\":\"Getsolbio\",\"description\":\"Take the green road\",\"publisher\":{\"@id\":\"https:\\\/\\\/getsolbio.com\\\/#organization\"},\"potentialAction\":[{\"@type\":\"SearchAction\",\"target\":{\"@type\":\"EntryPoint\",\"urlTemplate\":\"https:\\\/\\\/getsolbio.com\\\/?s={search_term_string}\"},\"query-input\":{\"@type\":\"PropertyValueSpecification\",\"valueRequired\":true,\"valueName\":\"search_term_string\"}}],\"inLanguage\":\"de\"},{\"@type\":\"Organization\",\"@id\":\"https:\\\/\\\/getsolbio.com\\\/#organization\",\"name\":\"Getsolbio\",\"url\":\"https:\\\/\\\/getsolbio.com\\\/\",\"logo\":{\"@type\":\"ImageObject\",\"inLanguage\":\"de\",\"@id\":\"https:\\\/\\\/getsolbio.com\\\/#\\\/schema\\\/logo\\\/image\\\/\",\"url\":\"https:\\\/\\\/getsolbio.com\\\/wp-content\\\/uploads\\\/2025\\\/02\\\/solbio-logo-website.png\",\"contentUrl\":\"https:\\\/\\\/getsolbio.com\\\/wp-content\\\/uploads\\\/2025\\\/02\\\/solbio-logo-website.png\",\"width\":110,\"height\":111,\"caption\":\"Getsolbio\"},\"image\":{\"@id\":\"https:\\\/\\\/getsolbio.com\\\/#\\\/schema\\\/logo\\\/image\\\/\"},\"sameAs\":[\"https:\\\/\\\/www.facebook.com\\\/getsolbio\\\/\",\"https:\\\/\\\/www.instagram.com\\\/solbio\\\/\",\"https:\\\/\\\/www.linkedin.com\\\/company\\\/solbio\\\/\"]}]}<\/script>\n<!-- \/ Yoast SEO plugin. -->","yoast_head_json":{"title":"Zwarte Streep Reiniger - Solbio","robots":{"index":"index","follow":"follow","max-snippet":"max-snippet:-1","max-image-preview":"max-image-preview:large","max-video-preview":"max-video-preview:-1"},"canonical":"https:\/\/getsolbio.com\/de\/produkt\/streak-remover\/","og_locale":"de_DE","og_type":"article","og_title":"Zwarte Streep Reiniger - Solbio","og_description":"Sprayen, met een spons inwrijven, afnemen en bewonderen. Om grotere oppervlakten te reinigen kan je het ook verder verdunnen met water Bevat geen kleurstoffen, parabenen, fosfaten, chloor of ammoniak Plantaardig, Krachtig en Doeltreffend Zwarte strepen op de buitenkant van je motorhome, caravan of boot zijn onvermijdelijk als je op avontuur gaat. Je vloekt waarschijnlijk wel [&hellip;]","og_url":"https:\/\/getsolbio.com\/de\/produkt\/streak-remover\/","og_site_name":"Solbio","article_publisher":"https:\/\/www.facebook.com\/getsolbio\/","article_modified_time":"2026-04-21T02:07:49+00:00","og_image":[{"width":384,"height":972,"url":"https:\/\/getsolbio.com\/wp-content\/uploads\/2025\/01\/black-stripe-cleaner-EN-left-low-res.png","type":"image\/png"}],"twitter_card":"summary_large_image","schema":{"@context":"https:\/\/schema.org","@graph":[{"@type":"WebPage","@id":"https:\/\/getsolbio.com\/product\/streak-remover\/","url":"https:\/\/getsolbio.com\/product\/streak-remover\/","name":"Zwarte Streep Reiniger - Solbio","isPartOf":{"@id":"https:\/\/getsolbio.com\/#website"},"primaryImageOfPage":{"@id":"https:\/\/getsolbio.com\/product\/streak-remover\/#primaryimage"},"image":{"@id":"https:\/\/getsolbio.com\/product\/streak-remover\/#primaryimage"},"thumbnailUrl":"https:\/\/getsolbio.com\/wp-content\/uploads\/2025\/01\/black-stripe-cleaner-EN-left-low-res.png","datePublished":"2025-01-06T23:00:00+00:00","dateModified":"2026-04-21T02:07:49+00:00","breadcrumb":{"@id":"https:\/\/getsolbio.com\/product\/streak-remover\/#breadcrumb"},"inLanguage":"de","potentialAction":[{"@type":"ReadAction","target":["https:\/\/getsolbio.com\/product\/streak-remover\/"]}]},{"@type":"ImageObject","inLanguage":"de","@id":"https:\/\/getsolbio.com\/product\/streak-remover\/#primaryimage","url":"https:\/\/getsolbio.com\/wp-content\/uploads\/2025\/01\/black-stripe-cleaner-EN-left-low-res.png","contentUrl":"https:\/\/getsolbio.com\/wp-content\/uploads\/2025\/01\/black-stripe-cleaner-EN-left-low-res.png","width":384,"height":972},{"@type":"BreadcrumbList","@id":"https:\/\/getsolbio.com\/product\/streak-remover\/#breadcrumb","itemListElement":[{"@type":"ListItem","position":1,"name":"Home","item":"https:\/\/getsolbio.com\/"},{"@type":"ListItem","position":2,"name":"Winkel","item":"https:\/\/getsolbio.com\/winkel\/"},{"@type":"ListItem","position":3,"name":"Care &amp; Cleaning","item":"https:\/\/getsolbio.com\/es\/categoria-producto\/care-cleaning\/"},{"@type":"ListItem","position":4,"name":"Zwarte Streep Reiniger"}]},{"@type":"WebSite","@id":"https:\/\/getsolbio.com\/#website","url":"https:\/\/getsolbio.com\/","name":"Getsolbio","description":"Take the green road","publisher":{"@id":"https:\/\/getsolbio.com\/#organization"},"potentialAction":[{"@type":"SearchAction","target":{"@type":"EntryPoint","urlTemplate":"https:\/\/getsolbio.com\/?s={search_term_string}"},"query-input":{"@type":"PropertyValueSpecification","valueRequired":true,"valueName":"search_term_string"}}],"inLanguage":"de"},{"@type":"Organization","@id":"https:\/\/getsolbio.com\/#organization","name":"Getsolbio","url":"https:\/\/getsolbio.com\/","logo":{"@type":"ImageObject","inLanguage":"de","@id":"https:\/\/getsolbio.com\/#\/schema\/logo\/image\/","url":"https:\/\/getsolbio.com\/wp-content\/uploads\/2025\/02\/solbio-logo-website.png","contentUrl":"https:\/\/getsolbio.com\/wp-content\/uploads\/2025\/02\/solbio-logo-website.png","width":110,"height":111,"caption":"Getsolbio"},"image":{"@id":"https:\/\/getsolbio.com\/#\/schema\/logo\/image\/"},"sameAs":["https:\/\/www.facebook.com\/getsolbio\/","https:\/\/www.instagram.com\/solbio\/","https:\/\/www.linkedin.com\/company\/solbio\/"]}]}},"_links":{"self":[{"href":"https:\/\/getsolbio.com\/de\/wp-json\/wp\/v2\/product\/383","targetHints":{"allow":["GET"]}}],"collection":[{"href":"https:\/\/getsolbio.com\/de\/wp-json\/wp\/v2\/product"}],"about":[{"href":"https:\/\/getsolbio.com\/de\/wp-json\/wp\/v2\/types\/product"}],"replies":[{"embeddable":true,"href":"https:\/\/getsolbio.com\/de\/wp-json\/wp\/v2\/comments?post=383"}],"wp:featuredmedia":[{"embeddable":true,"href":"https:\/\/getsolbio.com\/de\/wp-json\/wp\/v2\/media\/384"}],"wp:attachment":[{"href":"https:\/\/getsolbio.com\/de\/wp-json\/wp\/v2\/media?parent=383"}],"wp:term":[{"taxonomy":"product_brand","embeddable":true,"href":"https:\/\/getsolbio.com\/de\/wp-json\/wp\/v2\/product_brand?post=383"},{"taxonomy":"product_cat","embeddable":true,"href":"https:\/\/getsolbio.com\/de\/wp-json\/wp\/v2\/product_cat?post=383"},{"taxonomy":"product_tag","embeddable":true,"href":"https:\/\/getsolbio.com\/de\/wp-json\/wp\/v2\/product_tag?post=383"}],"curies":[{"name":"wp","href":"https:\/\/api.w.org\/{rel}","templated":true}]}}