{"id":385,"date":"2025-01-07T00:00:00","date_gmt":"2025-01-06T23:00:00","guid":{"rendered":"https:\/\/getsolbio.com\/product\/15331\/"},"modified":"2026-05-04T03:59:17","modified_gmt":"2026-05-04T01:59:17","slug":"watertank","status":"publish","type":"product","link":"https:\/\/getsolbio.com\/de\/product\/watertank\/","title":{"rendered":"Wassertankreiniger"},"content":{"rendered":"<ul>\n<li>Entwickelt, um Ihren Frischwassertank und Ihre Leitungen gr\u00fcndlich zu reinigen. Ausreichend f\u00fcr Tankgr\u00f6\u00dfen bis 160L<\/li>\n<li>Das Produkt ist f\u00fcr den Einsatz in der Lebensmitteltechnik zugelassen<\/li>\n<li><strong>Enth\u00e4lt keine Silber- oder Chlorionen<\/strong><\/li>\n<li>100% nat\u00fcrlich - kraftvoll - sicher<\/li>\n<li>Es ist umweltfreundlich und leistungsstark, so dass Sie Ihre Reisen unbesorgt genie\u00dfen k\u00f6nnen.<\/li>\n<li>Enth\u00e4lt spezielles Wasserstoffperoxid<\/li>\n<\/ul>\n<p><br><strong>Wassertankreiniger: f\u00fcr reines Trinkwasser unterwegs<\/strong><\/p>\n<p>Wassertankreiniger: f\u00fcr sauberes Trinkwasser unterwegs.<br>\nTrinkwasser ist ein wunderbarer Luxus in Ihrem Wohnmobil. Es bietet ultimative Freiheit. Sie k\u00f6nnen Ihren Durst l\u00f6schen, Ihre Spaghetti kochen und Ihre Z\u00e4hne putzen, wo immer Sie m\u00f6chten. Daher ist es wichtig, dass Ihr Trinkwasser sauber und rein bleibt. Mit unserem Wassertankreiniger k\u00f6nnen Sie Ihren Wassertank und Ihr System ohne Chlor oder Silberionen pflegen. Wie Sie es von Solbio erwarten, machen wir das ganz nat\u00fcrlich. Von der reinigenden Kraft der Natur k\u00f6nnen wir viel lernen. Auf Ihr Wohl!<\/p>","protected":false},"excerpt":{"rendered":"<p>Reinigt schoonwatertank en leidingen. Neutraliseert geuren. Product is goedgekeurd voor gebruik levensmiddelentechnologie Bevat g\u00e9\u00e9n zilver noch chloor ionen 100% Natuurlijk &#8211; Krachtig &#8211; Veilig Het is milieuvriendelijk en krachtig, dus je kan met een gerust hart genieten van je reizen Op basis van waterstofperoxide Watertankreiniger: voor puur drinkwater onderweg Schoon drinkwater is een heerlijke luxe [&hellip;]<\/p>\n","protected":false},"featured_media":386,"comment_status":"closed","ping_status":"closed","template":"","meta":{"inline_featured_image":false,"_genesis_hide_title":false,"_genesis_hide_breadcrumbs":false,"_genesis_hide_singular_image":false,"_genesis_hide_footer_widgets":false,"_genesis_custom_body_class":"","_genesis_custom_post_class":"","_genesis_layout":""},"product_brand":[],"product_cat":[33],"product_tag":[],"class_list":{"0":"post-385","1":"product","2":"type-product","3":"status-publish","4":"has-post-thumbnail","6":"product_cat-care-cleaning","7":"entry","9":"first","10":"instock","11":"taxable","12":"shipping-taxable","13":"purchasable","14":"product-type-simple"},"yoast_head":"<!-- This site is optimized with the Yoast SEO plugin v27.5 - https:\/\/yoast.com\/product\/yoast-seo-wordpress\/ -->\n<title>Watertankreiniger - Solbio<\/title>\n<meta name=\"robots\" content=\"index, follow, max-snippet:-1, max-image-preview:large, max-video-preview:-1\" \/>\n<link rel=\"canonical\" href=\"https:\/\/getsolbio.com\/de\/produkt\/watertank\/\" \/>\n<meta property=\"og:locale\" content=\"de_DE\" \/>\n<meta property=\"og:type\" content=\"article\" \/>\n<meta property=\"og:title\" content=\"Watertankreiniger - Solbio\" \/>\n<meta property=\"og:description\" content=\"Reinigt schoonwatertank en leidingen. Neutraliseert geuren. Product is goedgekeurd voor gebruik levensmiddelentechnologie Bevat g\u00e9\u00e9n zilver noch chloor ionen 100% Natuurlijk &#8211; Krachtig &#8211; Veilig Het is milieuvriendelijk en krachtig, dus je kan met een gerust hart genieten van je reizen Op basis van waterstofperoxide Watertankreiniger: voor puur drinkwater onderweg Schoon drinkwater is een heerlijke luxe [&hellip;]\" \/>\n<meta property=\"og:url\" content=\"https:\/\/getsolbio.com\/de\/produkt\/watertank\/\" \/>\n<meta property=\"og:site_name\" content=\"Solbio\" \/>\n<meta property=\"article:publisher\" content=\"https:\/\/www.facebook.com\/getsolbio\/\" \/>\n<meta property=\"article:modified_time\" content=\"2026-05-04T01:59:17+00:00\" \/>\n<meta property=\"og:image\" content=\"https:\/\/getsolbio.com\/wp-content\/uploads\/2025\/01\/Watertank-cleaner-EN-center-low-res.png\" \/>\n\t<meta property=\"og:image:width\" content=\"412\" \/>\n\t<meta property=\"og:image:height\" content=\"972\" \/>\n\t<meta property=\"og:image:type\" content=\"image\/png\" \/>\n<meta name=\"twitter:card\" content=\"summary_large_image\" \/>\n<script type=\"application\/ld+json\" class=\"yoast-schema-graph\">{\"@context\":\"https:\\\/\\\/schema.org\",\"@graph\":[{\"@type\":\"WebPage\",\"@id\":\"https:\\\/\\\/getsolbio.com\\\/product\\\/watertank\\\/\",\"url\":\"https:\\\/\\\/getsolbio.com\\\/product\\\/watertank\\\/\",\"name\":\"Watertankreiniger - Solbio\",\"isPartOf\":{\"@id\":\"https:\\\/\\\/getsolbio.com\\\/#website\"},\"primaryImageOfPage\":{\"@id\":\"https:\\\/\\\/getsolbio.com\\\/product\\\/watertank\\\/#primaryimage\"},\"image\":{\"@id\":\"https:\\\/\\\/getsolbio.com\\\/product\\\/watertank\\\/#primaryimage\"},\"thumbnailUrl\":\"https:\\\/\\\/getsolbio.com\\\/wp-content\\\/uploads\\\/2025\\\/01\\\/Watertank-cleaner-EN-center-low-res.png\",\"datePublished\":\"2025-01-06T23:00:00+00:00\",\"dateModified\":\"2026-05-04T01:59:17+00:00\",\"breadcrumb\":{\"@id\":\"https:\\\/\\\/getsolbio.com\\\/product\\\/watertank\\\/#breadcrumb\"},\"inLanguage\":\"de\",\"potentialAction\":[{\"@type\":\"ReadAction\",\"target\":[\"https:\\\/\\\/getsolbio.com\\\/product\\\/watertank\\\/\"]}]},{\"@type\":\"ImageObject\",\"inLanguage\":\"de\",\"@id\":\"https:\\\/\\\/getsolbio.com\\\/product\\\/watertank\\\/#primaryimage\",\"url\":\"https:\\\/\\\/getsolbio.com\\\/wp-content\\\/uploads\\\/2025\\\/01\\\/Watertank-cleaner-EN-center-low-res.png\",\"contentUrl\":\"https:\\\/\\\/getsolbio.com\\\/wp-content\\\/uploads\\\/2025\\\/01\\\/Watertank-cleaner-EN-center-low-res.png\",\"width\":412,\"height\":972},{\"@type\":\"BreadcrumbList\",\"@id\":\"https:\\\/\\\/getsolbio.com\\\/product\\\/watertank\\\/#breadcrumb\",\"itemListElement\":[{\"@type\":\"ListItem\",\"position\":1,\"name\":\"Home\",\"item\":\"https:\\\/\\\/getsolbio.com\\\/\"},{\"@type\":\"ListItem\",\"position\":2,\"name\":\"Winkel\",\"item\":\"https:\\\/\\\/getsolbio.com\\\/winkel\\\/\"},{\"@type\":\"ListItem\",\"position\":3,\"name\":\"Care &amp; Cleaning\",\"item\":\"https:\\\/\\\/getsolbio.com\\\/es\\\/categoria-producto\\\/care-cleaning\\\/\"},{\"@type\":\"ListItem\",\"position\":4,\"name\":\"Watertankreiniger\"}]},{\"@type\":\"WebSite\",\"@id\":\"https:\\\/\\\/getsolbio.com\\\/#website\",\"url\":\"https:\\\/\\\/getsolbio.com\\\/\",\"name\":\"Getsolbio\",\"description\":\"Take the green road\",\"publisher\":{\"@id\":\"https:\\\/\\\/getsolbio.com\\\/#organization\"},\"potentialAction\":[{\"@type\":\"SearchAction\",\"target\":{\"@type\":\"EntryPoint\",\"urlTemplate\":\"https:\\\/\\\/getsolbio.com\\\/?s={search_term_string}\"},\"query-input\":{\"@type\":\"PropertyValueSpecification\",\"valueRequired\":true,\"valueName\":\"search_term_string\"}}],\"inLanguage\":\"de\"},{\"@type\":\"Organization\",\"@id\":\"https:\\\/\\\/getsolbio.com\\\/#organization\",\"name\":\"Getsolbio\",\"url\":\"https:\\\/\\\/getsolbio.com\\\/\",\"logo\":{\"@type\":\"ImageObject\",\"inLanguage\":\"de\",\"@id\":\"https:\\\/\\\/getsolbio.com\\\/#\\\/schema\\\/logo\\\/image\\\/\",\"url\":\"https:\\\/\\\/getsolbio.com\\\/wp-content\\\/uploads\\\/2025\\\/02\\\/solbio-logo-website.png\",\"contentUrl\":\"https:\\\/\\\/getsolbio.com\\\/wp-content\\\/uploads\\\/2025\\\/02\\\/solbio-logo-website.png\",\"width\":110,\"height\":111,\"caption\":\"Getsolbio\"},\"image\":{\"@id\":\"https:\\\/\\\/getsolbio.com\\\/#\\\/schema\\\/logo\\\/image\\\/\"},\"sameAs\":[\"https:\\\/\\\/www.facebook.com\\\/getsolbio\\\/\",\"https:\\\/\\\/www.instagram.com\\\/solbio\\\/\",\"https:\\\/\\\/www.linkedin.com\\\/company\\\/solbio\\\/\"]}]}<\/script>\n<!-- \/ Yoast SEO plugin. -->","yoast_head_json":{"title":"Wassertankreiniger - Solbio","robots":{"index":"index","follow":"follow","max-snippet":"max-snippet:-1","max-image-preview":"max-image-preview:large","max-video-preview":"max-video-preview:-1"},"canonical":"https:\/\/getsolbio.com\/de\/produkt\/watertank\/","og_locale":"de_DE","og_type":"article","og_title":"Watertankreiniger - Solbio","og_description":"Reinigt schoonwatertank en leidingen. Neutraliseert geuren. Product is goedgekeurd voor gebruik levensmiddelentechnologie Bevat g\u00e9\u00e9n zilver noch chloor ionen 100% Natuurlijk &#8211; Krachtig &#8211; Veilig Het is milieuvriendelijk en krachtig, dus je kan met een gerust hart genieten van je reizen Op basis van waterstofperoxide Watertankreiniger: voor puur drinkwater onderweg Schoon drinkwater is een heerlijke luxe [&hellip;]","og_url":"https:\/\/getsolbio.com\/de\/produkt\/watertank\/","og_site_name":"Solbio","article_publisher":"https:\/\/www.facebook.com\/getsolbio\/","article_modified_time":"2026-05-04T01:59:17+00:00","og_image":[{"width":412,"height":972,"url":"https:\/\/getsolbio.com\/wp-content\/uploads\/2025\/01\/Watertank-cleaner-EN-center-low-res.png","type":"image\/png"}],"twitter_card":"summary_large_image","schema":{"@context":"https:\/\/schema.org","@graph":[{"@type":"WebPage","@id":"https:\/\/getsolbio.com\/product\/watertank\/","url":"https:\/\/getsolbio.com\/product\/watertank\/","name":"Wassertankreiniger - Solbio","isPartOf":{"@id":"https:\/\/getsolbio.com\/#website"},"primaryImageOfPage":{"@id":"https:\/\/getsolbio.com\/product\/watertank\/#primaryimage"},"image":{"@id":"https:\/\/getsolbio.com\/product\/watertank\/#primaryimage"},"thumbnailUrl":"https:\/\/getsolbio.com\/wp-content\/uploads\/2025\/01\/Watertank-cleaner-EN-center-low-res.png","datePublished":"2025-01-06T23:00:00+00:00","dateModified":"2026-05-04T01:59:17+00:00","breadcrumb":{"@id":"https:\/\/getsolbio.com\/product\/watertank\/#breadcrumb"},"inLanguage":"de","potentialAction":[{"@type":"ReadAction","target":["https:\/\/getsolbio.com\/product\/watertank\/"]}]},{"@type":"ImageObject","inLanguage":"de","@id":"https:\/\/getsolbio.com\/product\/watertank\/#primaryimage","url":"https:\/\/getsolbio.com\/wp-content\/uploads\/2025\/01\/Watertank-cleaner-EN-center-low-res.png","contentUrl":"https:\/\/getsolbio.com\/wp-content\/uploads\/2025\/01\/Watertank-cleaner-EN-center-low-res.png","width":412,"height":972},{"@type":"BreadcrumbList","@id":"https:\/\/getsolbio.com\/product\/watertank\/#breadcrumb","itemListElement":[{"@type":"ListItem","position":1,"name":"Home","item":"https:\/\/getsolbio.com\/"},{"@type":"ListItem","position":2,"name":"Winkel","item":"https:\/\/getsolbio.com\/winkel\/"},{"@type":"ListItem","position":3,"name":"Care &amp; Cleaning","item":"https:\/\/getsolbio.com\/es\/categoria-producto\/care-cleaning\/"},{"@type":"ListItem","position":4,"name":"Watertankreiniger"}]},{"@type":"WebSite","@id":"https:\/\/getsolbio.com\/#website","url":"https:\/\/getsolbio.com\/","name":"Getsolbio","description":"Take the green road","publisher":{"@id":"https:\/\/getsolbio.com\/#organization"},"potentialAction":[{"@type":"SearchAction","target":{"@type":"EntryPoint","urlTemplate":"https:\/\/getsolbio.com\/?s={search_term_string}"},"query-input":{"@type":"PropertyValueSpecification","valueRequired":true,"valueName":"search_term_string"}}],"inLanguage":"de"},{"@type":"Organization","@id":"https:\/\/getsolbio.com\/#organization","name":"Getsolbio","url":"https:\/\/getsolbio.com\/","logo":{"@type":"ImageObject","inLanguage":"de","@id":"https:\/\/getsolbio.com\/#\/schema\/logo\/image\/","url":"https:\/\/getsolbio.com\/wp-content\/uploads\/2025\/02\/solbio-logo-website.png","contentUrl":"https:\/\/getsolbio.com\/wp-content\/uploads\/2025\/02\/solbio-logo-website.png","width":110,"height":111,"caption":"Getsolbio"},"image":{"@id":"https:\/\/getsolbio.com\/#\/schema\/logo\/image\/"},"sameAs":["https:\/\/www.facebook.com\/getsolbio\/","https:\/\/www.instagram.com\/solbio\/","https:\/\/www.linkedin.com\/company\/solbio\/"]}]}},"_links":{"self":[{"href":"https:\/\/getsolbio.com\/de\/wp-json\/wp\/v2\/product\/385","targetHints":{"allow":["GET"]}}],"collection":[{"href":"https:\/\/getsolbio.com\/de\/wp-json\/wp\/v2\/product"}],"about":[{"href":"https:\/\/getsolbio.com\/de\/wp-json\/wp\/v2\/types\/product"}],"replies":[{"embeddable":true,"href":"https:\/\/getsolbio.com\/de\/wp-json\/wp\/v2\/comments?post=385"}],"wp:featuredmedia":[{"embeddable":true,"href":"https:\/\/getsolbio.com\/de\/wp-json\/wp\/v2\/media\/386"}],"wp:attachment":[{"href":"https:\/\/getsolbio.com\/de\/wp-json\/wp\/v2\/media?parent=385"}],"wp:term":[{"taxonomy":"product_brand","embeddable":true,"href":"https:\/\/getsolbio.com\/de\/wp-json\/wp\/v2\/product_brand?post=385"},{"taxonomy":"product_cat","embeddable":true,"href":"https:\/\/getsolbio.com\/de\/wp-json\/wp\/v2\/product_cat?post=385"},{"taxonomy":"product_tag","embeddable":true,"href":"https:\/\/getsolbio.com\/de\/wp-json\/wp\/v2\/product_tag?post=385"}],"curies":[{"name":"wp","href":"https:\/\/api.w.org\/{rel}","templated":true}]}}