{"id":63,"date":"2025-01-21T14:42:47","date_gmt":"2025-01-21T13:42:47","guid":{"rendered":"https:\/\/getsolbio.com\/?page_id=63"},"modified":"2025-11-03T18:21:18","modified_gmt":"2025-11-03T17:21:18","slug":"onze-beurzen","status":"publish","type":"page","link":"https:\/\/getsolbio.com\/es\/onze-beurzen\/","title":{"rendered":"Nuestras ferias"},"content":{"rendered":"<div style=\"height:100px\" aria-hidden=\"true\" class=\"wp-block-spacer\"><\/div>\n\n\n\n<div class=\"wp-block-columns is-layout-flex wp-container-core-columns-is-layout-9d6595d7 wp-block-columns-is-layout-flex\">\n<div class=\"wp-block-column is-layout-flow wp-block-column-is-layout-flow\">\n<h1 class=\"wp-block-heading\">Nuestras ferias<\/h1>\n<\/div>\n\n\n\n<div class=\"wp-block-column is-layout-flow wp-block-column-is-layout-flow\">\n<p>Todos los a\u00f1os nos encontrar\u00e1 en ferias de toda Europa. As\u00ed que puede venir a charlar con nosotros y estaremos encantados de responder a todas sus preguntas. Le mostraremos c\u00f3mo funciona Solbio y qu\u00e9 producto se adapta mejor a su estilo de acampada.<br><br><br><\/p>\n<\/div>\n<\/div>\n\n\n\n<div class=\"wp-block-cover is-light\"><img decoding=\"async\" width=\"1400\" height=\"560\" class=\"wp-block-cover__image-background wp-image-645\" alt=\"\" src=\"https:\/\/getsolbio.com\/wp-content\/uploads\/2025\/01\/onze-beurzen-1.png\" data-object-fit=\"cover\" srcset=\"https:\/\/getsolbio.com\/wp-content\/uploads\/2025\/01\/onze-beurzen-1.png 1400w, https:\/\/getsolbio.com\/wp-content\/uploads\/2025\/01\/onze-beurzen-1-300x120.png 300w, https:\/\/getsolbio.com\/wp-content\/uploads\/2025\/01\/onze-beurzen-1-1024x410.png 1024w, https:\/\/getsolbio.com\/wp-content\/uploads\/2025\/01\/onze-beurzen-1-768x307.png 768w, https:\/\/getsolbio.com\/wp-content\/uploads\/2025\/01\/onze-beurzen-1-18x7.png 18w, https:\/\/getsolbio.com\/wp-content\/uploads\/2025\/01\/onze-beurzen-1-600x240.png 600w\" sizes=\"(max-width: 1400px) 100vw, 1400px\" \/><span aria-hidden=\"true\" class=\"wp-block-cover__background has-background-dim-0 has-background-dim\" style=\"background-color:#b49c95\"><\/span><div class=\"wp-block-cover__inner-container is-layout-constrained wp-block-cover-is-layout-constrained\">\n<p class=\"has-text-align-center has-large-font-size\"><\/p>\n<\/div><\/div>\n\n\n\n<div style=\"height:0px\" aria-hidden=\"true\" class=\"wp-block-spacer is-style-negative-offset\"><\/div>\n\n\n\n<div class=\"wp-block-group alignfull has-theme-background-background-color has-background\"><div class=\"wp-block-group__inner-container is-layout-constrained wp-block-group-is-layout-constrained\">\n<div class=\"wp-block-group alignwide\"><div class=\"wp-block-group__inner-container is-layout-constrained wp-block-group-is-layout-constrained\">\n<div style=\"height:200px\" aria-hidden=\"true\" class=\"wp-block-spacer\"><\/div>\n\n\n\n<h2 class=\"wp-block-heading\">Ven a charlar con nosotros a<\/h2>\n\n\n\n<figure class=\"wp-block-table alignwide\"><table class=\"has-fixed-layout\"><thead><tr><th>Feria<\/th><th>Lugar<\/th><th>Del<\/th><th>Al<\/th><\/tr><\/thead><tbody><tr><td>Caravan Salon<\/td><td>D\u00fcsseldorf<\/td><td>29\/08\/2025<\/td><td>07\/09\/2025<\/td><\/tr><tr><td>Salon VDL<\/td><td>Paris<\/td><td>27\/09\/2025<\/td><td>05\/10\/2025<\/td><\/tr><tr><td>Caravan Live<\/td><td>Freiburg<\/td><td>02\/10\/2025<\/td><td>05\/10\/2025<\/td><\/tr><tr><td>Swiss Caravan Salon<\/td><td>Bern<br><\/td><td>23\/10\/2025<br><br><\/td><td>27\/10\/2025<br><br><\/td><\/tr><\/tbody><\/table><\/figure>\n<\/div><\/div>\n\n\n\n<div class=\"wp-block-columns alignwide is-layout-flex wp-container-core-columns-is-layout-9d6595d7 wp-block-columns-is-layout-flex\">\n<div class=\"wp-block-column is-layout-flow wp-block-column-is-layout-flow\" style=\"flex-basis:33.34%\">\n<h2 class=\"wp-block-heading\">Foto&#8217;s<\/h2>\n\n\n\n<p>We worden vaak op straat herkend als \u2018die van Solbio\u2019. Dan willen mensen met ons op de foto uiteraard. Dat is wat vervelend, maar kijk, alles voor de planeet.<\/p>\n\n\n\n<div class=\"wp-block-buttons is-layout-flex wp-block-buttons-is-layout-flex\">\n<div class=\"wp-block-button\"><a class=\"wp-block-button__link wp-element-button\" href=\"https:\/\/tour.getsolbio.com\/\">Solbio On Tour<\/a><\/div>\n<\/div>\n<\/div>\n\n\n\n<div class=\"wp-block-column is-layout-flow wp-block-column-is-layout-flow\" style=\"flex-basis:33.34%\">\n<figure class=\"wp-block-image alignfull size-full\"><img decoding=\"async\" src=\"http:\/\/getsolbio.com\/wp-content\/uploads\/2025\/01\/solbio-exhibition-4.png\" alt=\"\" class=\"wp-image-143\"\/><\/figure>\n\n\n\n<figure class=\"wp-block-image alignfull size-full\"><img decoding=\"async\" src=\"http:\/\/getsolbio.com\/wp-content\/uploads\/2025\/01\/solbio-exhibition-2.png\" alt=\"\" class=\"wp-image-144\"\/><\/figure>\n<\/div>\n\n\n\n<div class=\"wp-block-column is-layout-flow wp-block-column-is-layout-flow\" style=\"flex-basis:33.33%\">\n<figure class=\"wp-block-image alignfull size-full\"><img decoding=\"async\" src=\"http:\/\/getsolbio.com\/wp-content\/uploads\/2025\/01\/solbio-exhibition-3.png\" alt=\"\" class=\"wp-image-145\"\/><\/figure>\n\n\n\n<figure class=\"wp-block-image alignfull size-large\"><img decoding=\"async\" src=\"http:\/\/getsolbio.com\/wp-content\/uploads\/2025\/01\/solbio-exhibition-1-968x1024.jpg\" alt=\"\" class=\"wp-image-146\"\/><\/figure>\n<\/div>\n<\/div>\n\n\n\n<div style=\"height:160px\" aria-hidden=\"true\" class=\"wp-block-spacer\"><\/div>\n\n\n\n<div style=\"height:0px\" aria-hidden=\"true\" class=\"wp-block-spacer is-style-negative-offset\"><\/div>\n<\/div><\/div>","protected":false},"excerpt":{"rendered":"<p>Onze beurzen Je vindt ons elk jaar op beurzen over heel Europa. Zo kun jij met ons komen kletsen en beantwoorden wij met plezier al je vragen. We tonen je hoe Solbio werkt en welk product het best past bij jouw kampeerstijl. Kom met ons kletsen in Beurs Locatie Startdatum Einddatum Caravan Salon D\u00fcsseldorf 29\/08\/2025 [&hellip;]<\/p>\n","protected":false},"author":1,"featured_media":0,"parent":0,"menu_order":0,"comment_status":"closed","ping_status":"closed","template":"","meta":{"inline_featured_image":false,"_genesis_hide_title":true,"_genesis_hide_breadcrumbs":false,"_genesis_hide_singular_image":false,"_genesis_hide_footer_widgets":false,"_genesis_custom_body_class":"","_genesis_custom_post_class":"","_genesis_layout":"","footnotes":""},"class_list":{"0":"post-63","1":"page","2":"type-page","3":"status-publish","5":"entry","6":"has-post-thumbnail"},"yoast_head":"<!-- This site is optimized with the Yoast SEO plugin v27.5 - https:\/\/yoast.com\/product\/yoast-seo-wordpress\/ -->\n<title>Onze beurzen - Solbio<\/title>\n<meta name=\"robots\" content=\"index, follow, max-snippet:-1, max-image-preview:large, max-video-preview:-1\" \/>\n<link rel=\"canonical\" href=\"https:\/\/getsolbio.com\/es\/onze-beurzen\/\" \/>\n<meta property=\"og:locale\" content=\"es_ES\" \/>\n<meta property=\"og:type\" content=\"article\" \/>\n<meta property=\"og:title\" content=\"Onze beurzen - Solbio\" \/>\n<meta property=\"og:description\" content=\"Onze beurzen Je vindt ons elk jaar op beurzen over heel Europa. Zo kun jij met ons komen kletsen en beantwoorden wij met plezier al je vragen. We tonen je hoe Solbio werkt en welk product het best past bij jouw kampeerstijl. Kom met ons kletsen in Beurs Locatie Startdatum Einddatum Caravan Salon D\u00fcsseldorf 29\/08\/2025 [&hellip;]\" \/>\n<meta property=\"og:url\" content=\"https:\/\/getsolbio.com\/es\/onze-beurzen\/\" \/>\n<meta property=\"og:site_name\" content=\"Solbio\" \/>\n<meta property=\"article:publisher\" content=\"https:\/\/www.facebook.com\/getsolbio\/\" \/>\n<meta property=\"article:modified_time\" content=\"2025-11-03T17:21:18+00:00\" \/>\n<meta property=\"og:image\" content=\"https:\/\/getsolbio.com\/wp-content\/uploads\/2025\/01\/onze-beurzen-1.png\" \/>\n\t<meta property=\"og:image:width\" content=\"1400\" \/>\n\t<meta property=\"og:image:height\" content=\"560\" \/>\n\t<meta property=\"og:image:type\" content=\"image\/png\" \/>\n<meta name=\"twitter:card\" content=\"summary_large_image\" \/>\n<script type=\"application\/ld+json\" class=\"yoast-schema-graph\">{\"@context\":\"https:\\\/\\\/schema.org\",\"@graph\":[{\"@type\":\"WebPage\",\"@id\":\"https:\\\/\\\/getsolbio.com\\\/onze-beurzen\\\/\",\"url\":\"https:\\\/\\\/getsolbio.com\\\/onze-beurzen\\\/\",\"name\":\"Onze beurzen - Solbio\",\"isPartOf\":{\"@id\":\"https:\\\/\\\/getsolbio.com\\\/#website\"},\"primaryImageOfPage\":{\"@id\":\"https:\\\/\\\/getsolbio.com\\\/onze-beurzen\\\/#primaryimage\"},\"image\":{\"@id\":\"https:\\\/\\\/getsolbio.com\\\/onze-beurzen\\\/#primaryimage\"},\"thumbnailUrl\":\"https:\\\/\\\/getsolbio.com\\\/wp-content\\\/uploads\\\/2025\\\/01\\\/onze-beurzen-1.png\",\"datePublished\":\"2025-01-21T13:42:47+00:00\",\"dateModified\":\"2025-11-03T17:21:18+00:00\",\"breadcrumb\":{\"@id\":\"https:\\\/\\\/getsolbio.com\\\/onze-beurzen\\\/#breadcrumb\"},\"inLanguage\":\"es\",\"potentialAction\":[{\"@type\":\"ReadAction\",\"target\":[\"https:\\\/\\\/getsolbio.com\\\/onze-beurzen\\\/\"]}]},{\"@type\":\"ImageObject\",\"inLanguage\":\"es\",\"@id\":\"https:\\\/\\\/getsolbio.com\\\/onze-beurzen\\\/#primaryimage\",\"url\":\"https:\\\/\\\/getsolbio.com\\\/wp-content\\\/uploads\\\/2025\\\/01\\\/onze-beurzen-1.png\",\"contentUrl\":\"https:\\\/\\\/getsolbio.com\\\/wp-content\\\/uploads\\\/2025\\\/01\\\/onze-beurzen-1.png\"},{\"@type\":\"BreadcrumbList\",\"@id\":\"https:\\\/\\\/getsolbio.com\\\/onze-beurzen\\\/#breadcrumb\",\"itemListElement\":[{\"@type\":\"ListItem\",\"position\":1,\"name\":\"Home\",\"item\":\"https:\\\/\\\/getsolbio.com\\\/\"},{\"@type\":\"ListItem\",\"position\":2,\"name\":\"Onze beurzen\"}]},{\"@type\":\"WebSite\",\"@id\":\"https:\\\/\\\/getsolbio.com\\\/#website\",\"url\":\"https:\\\/\\\/getsolbio.com\\\/\",\"name\":\"Getsolbio\",\"description\":\"Take the green road\",\"publisher\":{\"@id\":\"https:\\\/\\\/getsolbio.com\\\/#organization\"},\"potentialAction\":[{\"@type\":\"SearchAction\",\"target\":{\"@type\":\"EntryPoint\",\"urlTemplate\":\"https:\\\/\\\/getsolbio.com\\\/?s={search_term_string}\"},\"query-input\":{\"@type\":\"PropertyValueSpecification\",\"valueRequired\":true,\"valueName\":\"search_term_string\"}}],\"inLanguage\":\"es\"},{\"@type\":\"Organization\",\"@id\":\"https:\\\/\\\/getsolbio.com\\\/#organization\",\"name\":\"Getsolbio\",\"url\":\"https:\\\/\\\/getsolbio.com\\\/\",\"logo\":{\"@type\":\"ImageObject\",\"inLanguage\":\"es\",\"@id\":\"https:\\\/\\\/getsolbio.com\\\/#\\\/schema\\\/logo\\\/image\\\/\",\"url\":\"https:\\\/\\\/getsolbio.com\\\/wp-content\\\/uploads\\\/2025\\\/02\\\/solbio-logo-website.png\",\"contentUrl\":\"https:\\\/\\\/getsolbio.com\\\/wp-content\\\/uploads\\\/2025\\\/02\\\/solbio-logo-website.png\",\"width\":110,\"height\":111,\"caption\":\"Getsolbio\"},\"image\":{\"@id\":\"https:\\\/\\\/getsolbio.com\\\/#\\\/schema\\\/logo\\\/image\\\/\"},\"sameAs\":[\"https:\\\/\\\/www.facebook.com\\\/getsolbio\\\/\",\"https:\\\/\\\/www.instagram.com\\\/solbio\\\/\",\"https:\\\/\\\/www.linkedin.com\\\/company\\\/solbio\\\/\"]}]}<\/script>\n<!-- \/ Yoast SEO plugin. -->","yoast_head_json":{"title":"Onze beurzen - Solbio","robots":{"index":"index","follow":"follow","max-snippet":"max-snippet:-1","max-image-preview":"max-image-preview:large","max-video-preview":"max-video-preview:-1"},"canonical":"https:\/\/getsolbio.com\/es\/onze-beurzen\/","og_locale":"es_ES","og_type":"article","og_title":"Onze beurzen - Solbio","og_description":"Onze beurzen Je vindt ons elk jaar op beurzen over heel Europa. Zo kun jij met ons komen kletsen en beantwoorden wij met plezier al je vragen. We tonen je hoe Solbio werkt en welk product het best past bij jouw kampeerstijl. Kom met ons kletsen in Beurs Locatie Startdatum Einddatum Caravan Salon D\u00fcsseldorf 29\/08\/2025 [&hellip;]","og_url":"https:\/\/getsolbio.com\/es\/onze-beurzen\/","og_site_name":"Solbio","article_publisher":"https:\/\/www.facebook.com\/getsolbio\/","article_modified_time":"2025-11-03T17:21:18+00:00","og_image":[{"width":1400,"height":560,"url":"https:\/\/getsolbio.com\/wp-content\/uploads\/2025\/01\/onze-beurzen-1.png","type":"image\/png"}],"twitter_card":"summary_large_image","schema":{"@context":"https:\/\/schema.org","@graph":[{"@type":"WebPage","@id":"https:\/\/getsolbio.com\/onze-beurzen\/","url":"https:\/\/getsolbio.com\/onze-beurzen\/","name":"Onze beurzen - Solbio","isPartOf":{"@id":"https:\/\/getsolbio.com\/#website"},"primaryImageOfPage":{"@id":"https:\/\/getsolbio.com\/onze-beurzen\/#primaryimage"},"image":{"@id":"https:\/\/getsolbio.com\/onze-beurzen\/#primaryimage"},"thumbnailUrl":"https:\/\/getsolbio.com\/wp-content\/uploads\/2025\/01\/onze-beurzen-1.png","datePublished":"2025-01-21T13:42:47+00:00","dateModified":"2025-11-03T17:21:18+00:00","breadcrumb":{"@id":"https:\/\/getsolbio.com\/onze-beurzen\/#breadcrumb"},"inLanguage":"es","potentialAction":[{"@type":"ReadAction","target":["https:\/\/getsolbio.com\/onze-beurzen\/"]}]},{"@type":"ImageObject","inLanguage":"es","@id":"https:\/\/getsolbio.com\/onze-beurzen\/#primaryimage","url":"https:\/\/getsolbio.com\/wp-content\/uploads\/2025\/01\/onze-beurzen-1.png","contentUrl":"https:\/\/getsolbio.com\/wp-content\/uploads\/2025\/01\/onze-beurzen-1.png"},{"@type":"BreadcrumbList","@id":"https:\/\/getsolbio.com\/onze-beurzen\/#breadcrumb","itemListElement":[{"@type":"ListItem","position":1,"name":"Home","item":"https:\/\/getsolbio.com\/"},{"@type":"ListItem","position":2,"name":"Onze beurzen"}]},{"@type":"WebSite","@id":"https:\/\/getsolbio.com\/#website","url":"https:\/\/getsolbio.com\/","name":"Getsolbio","description":"Take the green road","publisher":{"@id":"https:\/\/getsolbio.com\/#organization"},"potentialAction":[{"@type":"SearchAction","target":{"@type":"EntryPoint","urlTemplate":"https:\/\/getsolbio.com\/?s={search_term_string}"},"query-input":{"@type":"PropertyValueSpecification","valueRequired":true,"valueName":"search_term_string"}}],"inLanguage":"es"},{"@type":"Organization","@id":"https:\/\/getsolbio.com\/#organization","name":"Getsolbio","url":"https:\/\/getsolbio.com\/","logo":{"@type":"ImageObject","inLanguage":"es","@id":"https:\/\/getsolbio.com\/#\/schema\/logo\/image\/","url":"https:\/\/getsolbio.com\/wp-content\/uploads\/2025\/02\/solbio-logo-website.png","contentUrl":"https:\/\/getsolbio.com\/wp-content\/uploads\/2025\/02\/solbio-logo-website.png","width":110,"height":111,"caption":"Getsolbio"},"image":{"@id":"https:\/\/getsolbio.com\/#\/schema\/logo\/image\/"},"sameAs":["https:\/\/www.facebook.com\/getsolbio\/","https:\/\/www.instagram.com\/solbio\/","https:\/\/www.linkedin.com\/company\/solbio\/"]}]}},"_links":{"self":[{"href":"https:\/\/getsolbio.com\/es\/wp-json\/wp\/v2\/pages\/63","targetHints":{"allow":["GET"]}}],"collection":[{"href":"https:\/\/getsolbio.com\/es\/wp-json\/wp\/v2\/pages"}],"about":[{"href":"https:\/\/getsolbio.com\/es\/wp-json\/wp\/v2\/types\/page"}],"author":[{"embeddable":true,"href":"https:\/\/getsolbio.com\/es\/wp-json\/wp\/v2\/users\/1"}],"replies":[{"embeddable":true,"href":"https:\/\/getsolbio.com\/es\/wp-json\/wp\/v2\/comments?post=63"}],"version-history":[{"count":5,"href":"https:\/\/getsolbio.com\/es\/wp-json\/wp\/v2\/pages\/63\/revisions"}],"predecessor-version":[{"id":17980,"href":"https:\/\/getsolbio.com\/es\/wp-json\/wp\/v2\/pages\/63\/revisions\/17980"}],"wp:attachment":[{"href":"https:\/\/getsolbio.com\/es\/wp-json\/wp\/v2\/media?parent=63"}],"curies":[{"name":"wp","href":"https:\/\/api.w.org\/{rel}","templated":true}]}}