{"id":369,"date":"2023-06-12T00:00:00","date_gmt":"2023-06-11T22:00:00","guid":{"rendered":"https:\/\/getsolbio.com\/product\/waterfles-dopper\/"},"modified":"2026-05-08T04:05:36","modified_gmt":"2026-05-08T02:05:36","slug":"dopper","status":"publish","type":"product","link":"https:\/\/getsolbio.com\/es\/product\/dopper\/","title":{"rendered":"Dopper Original"},"content":{"rendered":"<p><strong>Es la botella de agua reutilizable n\u00famero 1 del mundo.<\/strong><br \/>\nCambi\u00e1ndose a este Dopper Original reducir\u00e1 dr\u00e1sticamente su consumo de pl\u00e1stico de un solo uso.<\/p>\n<p>Viva de forma m\u00e1s sostenible introduciendo peque\u00f1os cambios en su vida cotidiana.<\/p>\n<ul>\n<li><strong>La primera botella de agua reutilizable del mundo con certificaci\u00f3n Cradle to Cradle Certified\u00ae Gold<\/strong><\/li>\n<li><strong>Huella de carbono cero<\/strong><\/li>\n<li>Fabricado con un 85% de materiales reciclados<\/li>\n<li>Producido en una f\u00e1brica holandesa que funciona completamente con energ\u00eda renovable<\/li>\n<li>Cero desperdicio de agua durante la producci\u00f3n<\/li>\n<li>Dise\u00f1o en tres partes que facilita el llenado y la limpieza. Convierte la mitad superior de la botella en una taza.<\/li>\n<li>100% reciclable al final de la vida \u00fatil (de la botella, no de la humanidad, disculpen el drama)<\/li>\n<li>Sin BPA ni otros productos qu\u00edmicos nocivos<\/li>\n<li>Apto para lavavajillas (hasta 65 \u00b0C)<\/li>\n<li>Ideal para mantenerse hidratado en la carretera<\/li>\n<\/ul>\n<p><strong><br>Dimensiones y peso<\/strong><\/p>\n<ul>\n<li>Contenido: 450 ml<\/li>\n<li>Di\u00e1metro: 6 cm<\/li>\n<li>Altura: 24 cm<\/li>\n<li>Peso: 100 gramos<\/li>\n<\/ul>","protected":false},"excerpt":{"rendered":"<p>Dit is de nummer 1 herbruikbare waterfles ter wereld. Met deze Dopper Original bespaar je elke trip een berg wegwerpbaar plastiek. Duurzaamheid zit soms in kleine dingen. &#8217;s Werelds eerste Cradle to Cradle Certified\u00ae Gold hervulbare waterfles Geen CO2-voetafdruk Gemaakt met 85% ge\u00fcpcyclede materialen Geproduceerd in Nederland met 100% hernieuwbare energie Geproduceerd met water uit [&hellip;]<\/p>\n","protected":false},"featured_media":370,"comment_status":"closed","ping_status":"closed","template":"","meta":{"inline_featured_image":false,"_genesis_hide_title":false,"_genesis_hide_breadcrumbs":false,"_genesis_hide_singular_image":false,"_genesis_hide_footer_widgets":false,"_genesis_custom_body_class":"","_genesis_custom_post_class":"","_genesis_layout":""},"product_brand":[],"product_cat":[15],"product_tag":[],"class_list":{"0":"post-369","1":"product","2":"type-product","3":"status-publish","4":"has-post-thumbnail","6":"product_cat-other","7":"entry","9":"first","10":"instock","11":"taxable","12":"shipping-taxable","13":"purchasable","14":"product-type-simple"},"yoast_head":"<!-- This site is optimized with the Yoast SEO plugin v27.5 - https:\/\/yoast.com\/product\/yoast-seo-wordpress\/ -->\n<title>Dopper Original - Solbio<\/title>\n<meta name=\"robots\" content=\"index, follow, max-snippet:-1, max-image-preview:large, max-video-preview:-1\" \/>\n<link rel=\"canonical\" href=\"https:\/\/getsolbio.com\/es\/producto\/dopper\/\" \/>\n<meta property=\"og:locale\" content=\"es_ES\" \/>\n<meta property=\"og:type\" content=\"article\" \/>\n<meta property=\"og:title\" content=\"Dopper Original - Solbio\" \/>\n<meta property=\"og:description\" content=\"Dit is de nummer 1 herbruikbare waterfles ter wereld. Met deze Dopper Original bespaar je elke trip een berg wegwerpbaar plastiek. Duurzaamheid zit soms in kleine dingen. &#8217;s Werelds eerste Cradle to Cradle Certified\u00ae Gold hervulbare waterfles Geen CO2-voetafdruk Gemaakt met 85% ge\u00fcpcyclede materialen Geproduceerd in Nederland met 100% hernieuwbare energie Geproduceerd met water uit [&hellip;]\" \/>\n<meta property=\"og:url\" content=\"https:\/\/getsolbio.com\/es\/producto\/dopper\/\" \/>\n<meta property=\"og:site_name\" content=\"Solbio\" \/>\n<meta property=\"article:publisher\" content=\"https:\/\/www.facebook.com\/getsolbio\/\" \/>\n<meta property=\"article:modified_time\" content=\"2026-05-08T02:05:36+00:00\" \/>\n<meta property=\"og:image\" content=\"https:\/\/getsolbio.com\/wp-content\/uploads\/2025\/01\/dopper_bottle_closed-1.png\" \/>\n\t<meta property=\"og:image:width\" content=\"1000\" \/>\n\t<meta property=\"og:image:height\" content=\"1000\" \/>\n\t<meta property=\"og:image:type\" content=\"image\/png\" \/>\n<meta name=\"twitter:card\" content=\"summary_large_image\" \/>\n<script type=\"application\/ld+json\" class=\"yoast-schema-graph\">{\"@context\":\"https:\\\/\\\/schema.org\",\"@graph\":[{\"@type\":\"WebPage\",\"@id\":\"https:\\\/\\\/getsolbio.com\\\/product\\\/dopper\\\/\",\"url\":\"https:\\\/\\\/getsolbio.com\\\/product\\\/dopper\\\/\",\"name\":\"Dopper Original - Solbio\",\"isPartOf\":{\"@id\":\"https:\\\/\\\/getsolbio.com\\\/#website\"},\"primaryImageOfPage\":{\"@id\":\"https:\\\/\\\/getsolbio.com\\\/product\\\/dopper\\\/#primaryimage\"},\"image\":{\"@id\":\"https:\\\/\\\/getsolbio.com\\\/product\\\/dopper\\\/#primaryimage\"},\"thumbnailUrl\":\"https:\\\/\\\/getsolbio.com\\\/wp-content\\\/uploads\\\/2025\\\/01\\\/dopper_bottle_closed-1.png\",\"datePublished\":\"2023-06-11T22:00:00+00:00\",\"dateModified\":\"2026-05-08T02:05:36+00:00\",\"breadcrumb\":{\"@id\":\"https:\\\/\\\/getsolbio.com\\\/product\\\/dopper\\\/#breadcrumb\"},\"inLanguage\":\"es\",\"potentialAction\":[{\"@type\":\"ReadAction\",\"target\":[\"https:\\\/\\\/getsolbio.com\\\/product\\\/dopper\\\/\"]}]},{\"@type\":\"ImageObject\",\"inLanguage\":\"es\",\"@id\":\"https:\\\/\\\/getsolbio.com\\\/product\\\/dopper\\\/#primaryimage\",\"url\":\"https:\\\/\\\/getsolbio.com\\\/wp-content\\\/uploads\\\/2025\\\/01\\\/dopper_bottle_closed-1.png\",\"contentUrl\":\"https:\\\/\\\/getsolbio.com\\\/wp-content\\\/uploads\\\/2025\\\/01\\\/dopper_bottle_closed-1.png\",\"width\":1000,\"height\":1000},{\"@type\":\"BreadcrumbList\",\"@id\":\"https:\\\/\\\/getsolbio.com\\\/product\\\/dopper\\\/#breadcrumb\",\"itemListElement\":[{\"@type\":\"ListItem\",\"position\":1,\"name\":\"Home\",\"item\":\"https:\\\/\\\/getsolbio.com\\\/\"},{\"@type\":\"ListItem\",\"position\":2,\"name\":\"Winkel\",\"item\":\"https:\\\/\\\/getsolbio.com\\\/winkel\\\/\"},{\"@type\":\"ListItem\",\"position\":3,\"name\":\"Other\",\"item\":\"https:\\\/\\\/getsolbio.com\\\/product-categorie\\\/other\\\/\"},{\"@type\":\"ListItem\",\"position\":4,\"name\":\"Dopper Original\"}]},{\"@type\":\"WebSite\",\"@id\":\"https:\\\/\\\/getsolbio.com\\\/#website\",\"url\":\"https:\\\/\\\/getsolbio.com\\\/\",\"name\":\"Getsolbio\",\"description\":\"Take the green road\",\"publisher\":{\"@id\":\"https:\\\/\\\/getsolbio.com\\\/#organization\"},\"potentialAction\":[{\"@type\":\"SearchAction\",\"target\":{\"@type\":\"EntryPoint\",\"urlTemplate\":\"https:\\\/\\\/getsolbio.com\\\/?s={search_term_string}\"},\"query-input\":{\"@type\":\"PropertyValueSpecification\",\"valueRequired\":true,\"valueName\":\"search_term_string\"}}],\"inLanguage\":\"es\"},{\"@type\":\"Organization\",\"@id\":\"https:\\\/\\\/getsolbio.com\\\/#organization\",\"name\":\"Getsolbio\",\"url\":\"https:\\\/\\\/getsolbio.com\\\/\",\"logo\":{\"@type\":\"ImageObject\",\"inLanguage\":\"es\",\"@id\":\"https:\\\/\\\/getsolbio.com\\\/#\\\/schema\\\/logo\\\/image\\\/\",\"url\":\"https:\\\/\\\/getsolbio.com\\\/wp-content\\\/uploads\\\/2025\\\/02\\\/solbio-logo-website.png\",\"contentUrl\":\"https:\\\/\\\/getsolbio.com\\\/wp-content\\\/uploads\\\/2025\\\/02\\\/solbio-logo-website.png\",\"width\":110,\"height\":111,\"caption\":\"Getsolbio\"},\"image\":{\"@id\":\"https:\\\/\\\/getsolbio.com\\\/#\\\/schema\\\/logo\\\/image\\\/\"},\"sameAs\":[\"https:\\\/\\\/www.facebook.com\\\/getsolbio\\\/\",\"https:\\\/\\\/www.instagram.com\\\/solbio\\\/\",\"https:\\\/\\\/www.linkedin.com\\\/company\\\/solbio\\\/\"]}]}<\/script>\n<!-- \/ Yoast SEO plugin. -->","yoast_head_json":{"title":"Dopper Original - Solbio","robots":{"index":"index","follow":"follow","max-snippet":"max-snippet:-1","max-image-preview":"max-image-preview:large","max-video-preview":"max-video-preview:-1"},"canonical":"https:\/\/getsolbio.com\/es\/producto\/dopper\/","og_locale":"es_ES","og_type":"article","og_title":"Dopper Original - Solbio","og_description":"Dit is de nummer 1 herbruikbare waterfles ter wereld. Met deze Dopper Original bespaar je elke trip een berg wegwerpbaar plastiek. Duurzaamheid zit soms in kleine dingen. &#8217;s Werelds eerste Cradle to Cradle Certified\u00ae Gold hervulbare waterfles Geen CO2-voetafdruk Gemaakt met 85% ge\u00fcpcyclede materialen Geproduceerd in Nederland met 100% hernieuwbare energie Geproduceerd met water uit [&hellip;]","og_url":"https:\/\/getsolbio.com\/es\/producto\/dopper\/","og_site_name":"Solbio","article_publisher":"https:\/\/www.facebook.com\/getsolbio\/","article_modified_time":"2026-05-08T02:05:36+00:00","og_image":[{"width":1000,"height":1000,"url":"https:\/\/getsolbio.com\/wp-content\/uploads\/2025\/01\/dopper_bottle_closed-1.png","type":"image\/png"}],"twitter_card":"summary_large_image","schema":{"@context":"https:\/\/schema.org","@graph":[{"@type":"WebPage","@id":"https:\/\/getsolbio.com\/product\/dopper\/","url":"https:\/\/getsolbio.com\/product\/dopper\/","name":"Dopper Original - Solbio","isPartOf":{"@id":"https:\/\/getsolbio.com\/#website"},"primaryImageOfPage":{"@id":"https:\/\/getsolbio.com\/product\/dopper\/#primaryimage"},"image":{"@id":"https:\/\/getsolbio.com\/product\/dopper\/#primaryimage"},"thumbnailUrl":"https:\/\/getsolbio.com\/wp-content\/uploads\/2025\/01\/dopper_bottle_closed-1.png","datePublished":"2023-06-11T22:00:00+00:00","dateModified":"2026-05-08T02:05:36+00:00","breadcrumb":{"@id":"https:\/\/getsolbio.com\/product\/dopper\/#breadcrumb"},"inLanguage":"es","potentialAction":[{"@type":"ReadAction","target":["https:\/\/getsolbio.com\/product\/dopper\/"]}]},{"@type":"ImageObject","inLanguage":"es","@id":"https:\/\/getsolbio.com\/product\/dopper\/#primaryimage","url":"https:\/\/getsolbio.com\/wp-content\/uploads\/2025\/01\/dopper_bottle_closed-1.png","contentUrl":"https:\/\/getsolbio.com\/wp-content\/uploads\/2025\/01\/dopper_bottle_closed-1.png","width":1000,"height":1000},{"@type":"BreadcrumbList","@id":"https:\/\/getsolbio.com\/product\/dopper\/#breadcrumb","itemListElement":[{"@type":"ListItem","position":1,"name":"Home","item":"https:\/\/getsolbio.com\/"},{"@type":"ListItem","position":2,"name":"Winkel","item":"https:\/\/getsolbio.com\/winkel\/"},{"@type":"ListItem","position":3,"name":"Other","item":"https:\/\/getsolbio.com\/product-categorie\/other\/"},{"@type":"ListItem","position":4,"name":"Dopper Original"}]},{"@type":"WebSite","@id":"https:\/\/getsolbio.com\/#website","url":"https:\/\/getsolbio.com\/","name":"Getsolbio","description":"Take the green road","publisher":{"@id":"https:\/\/getsolbio.com\/#organization"},"potentialAction":[{"@type":"SearchAction","target":{"@type":"EntryPoint","urlTemplate":"https:\/\/getsolbio.com\/?s={search_term_string}"},"query-input":{"@type":"PropertyValueSpecification","valueRequired":true,"valueName":"search_term_string"}}],"inLanguage":"es"},{"@type":"Organization","@id":"https:\/\/getsolbio.com\/#organization","name":"Getsolbio","url":"https:\/\/getsolbio.com\/","logo":{"@type":"ImageObject","inLanguage":"es","@id":"https:\/\/getsolbio.com\/#\/schema\/logo\/image\/","url":"https:\/\/getsolbio.com\/wp-content\/uploads\/2025\/02\/solbio-logo-website.png","contentUrl":"https:\/\/getsolbio.com\/wp-content\/uploads\/2025\/02\/solbio-logo-website.png","width":110,"height":111,"caption":"Getsolbio"},"image":{"@id":"https:\/\/getsolbio.com\/#\/schema\/logo\/image\/"},"sameAs":["https:\/\/www.facebook.com\/getsolbio\/","https:\/\/www.instagram.com\/solbio\/","https:\/\/www.linkedin.com\/company\/solbio\/"]}]}},"_links":{"self":[{"href":"https:\/\/getsolbio.com\/es\/wp-json\/wp\/v2\/product\/369","targetHints":{"allow":["GET"]}}],"collection":[{"href":"https:\/\/getsolbio.com\/es\/wp-json\/wp\/v2\/product"}],"about":[{"href":"https:\/\/getsolbio.com\/es\/wp-json\/wp\/v2\/types\/product"}],"replies":[{"embeddable":true,"href":"https:\/\/getsolbio.com\/es\/wp-json\/wp\/v2\/comments?post=369"}],"wp:featuredmedia":[{"embeddable":true,"href":"https:\/\/getsolbio.com\/es\/wp-json\/wp\/v2\/media\/370"}],"wp:attachment":[{"href":"https:\/\/getsolbio.com\/es\/wp-json\/wp\/v2\/media?parent=369"}],"wp:term":[{"taxonomy":"product_brand","embeddable":true,"href":"https:\/\/getsolbio.com\/es\/wp-json\/wp\/v2\/product_brand?post=369"},{"taxonomy":"product_cat","embeddable":true,"href":"https:\/\/getsolbio.com\/es\/wp-json\/wp\/v2\/product_cat?post=369"},{"taxonomy":"product_tag","embeddable":true,"href":"https:\/\/getsolbio.com\/es\/wp-json\/wp\/v2\/product_tag?post=369"}],"curies":[{"name":"wp","href":"https:\/\/api.w.org\/{rel}","templated":true}]}}