{"id":372,"date":"2024-07-31T00:00:00","date_gmt":"2024-07-30T22:00:00","guid":{"rendered":"https:\/\/getsolbio.com\/product\/original-3l\/"},"modified":"2026-04-19T11:26:52","modified_gmt":"2026-04-19T09:26:52","slug":"original-3l","status":"publish","type":"product","link":"https:\/\/getsolbio.com\/es\/product\/original-3l\/","title":{"rendered":"Original (225 d\u00edas)"},"content":{"rendered":"<p><strong>Viaja de forma ecol\u00f3gica con el l\u00edquido higi\u00e9nico fresco Solbio Original.<\/strong><br \/>\nTu experiencia de ba\u00f1o en la autocaravana o caravana nunca volver\u00e1 a ser la misma despu\u00e9s de Solbio.<br \/>\n\u00a1Con un maravilloso aroma fresco a eucalipto, los olores desagradables no tienen ninguna posibilidad!<\/p>\n<ul>\n<li>3 litros de l\u00edquido para inodoros<\/li>\n<li>75 dosis<\/li>\n<li>Adecuado para siete meses de acampada (con un dep\u00f3sito est\u00e1ndar de 20 litros)<\/li>\n<li>100% ingredientes naturales<\/li>\n<li>100% biodegradable<\/li>\n<li>Fragancia de eucalipto y menta<\/li>\n<li>Descompone residuos y papel higi\u00e9nico<\/li>\n<li>Autolimpiador para el tanque del inodoro<\/li>\n<li>Cambiar cada  tres d\u00edas<\/li>\n<li>Desechable de forma segura en un retrete<\/li>\n<li><strong>Gracias a la f\u00f3rmula 4 en 1, tambi\u00e9n se puede utilizar en su tanque de aguas grises y negras - como limpieza b\u00e1sica o prevenidor de olores.<\/strong><\/li>\n<\/ul>","protected":false},"excerpt":{"rendered":"<p>Reis ecologisch met de frisse Solbio Original toiletvloeistof. Je toiletervaring in de motorhome of caravan zal nooit meer hetzelfde zijn na Solbio. Met een heerlijke frisse geur van Eucalyptus maken de onfrisse geuren geen schijn van kans! 3 liter toiletvloeistof 75 doseringen Goed voor 7 maanden kamperen (met een tank van 20 liter) 100% natuurlijke [&hellip;]<\/p>\n","protected":false},"featured_media":373,"comment_status":"closed","ping_status":"closed","template":"","meta":{"inline_featured_image":false,"_genesis_hide_title":false,"_genesis_hide_breadcrumbs":false,"_genesis_hide_singular_image":false,"_genesis_hide_footer_widgets":false,"_genesis_custom_body_class":"","_genesis_custom_post_class":"","_genesis_layout":""},"product_brand":[],"product_cat":[28],"product_tag":[76,29,30,32],"class_list":{"0":"post-372","1":"product","2":"type-product","3":"status-publish","4":"has-post-thumbnail","6":"product_cat-toiletfluid","7":"product_tag-eucalyptus","8":"product_tag-mint","9":"product_tag-original","10":"product_tag-solbio","11":"entry","13":"first","14":"instock","15":"taxable","16":"shipping-taxable","17":"purchasable","18":"product-type-simple"},"yoast_head":"<!-- This site is optimized with the Yoast SEO plugin v27.4 - https:\/\/yoast.com\/product\/yoast-seo-wordpress\/ -->\n<title>Original (225 dagen) - Solbio<\/title>\n<meta name=\"robots\" content=\"index, follow, max-snippet:-1, max-image-preview:large, max-video-preview:-1\" \/>\n<link rel=\"canonical\" href=\"https:\/\/getsolbio.com\/es\/producto\/original-3l\/\" \/>\n<meta property=\"og:locale\" content=\"es_ES\" \/>\n<meta property=\"og:type\" content=\"article\" \/>\n<meta property=\"og:title\" content=\"Original (225 dagen) - Solbio\" \/>\n<meta property=\"og:description\" content=\"Reis ecologisch met de frisse Solbio Original toiletvloeistof. Je toiletervaring in de motorhome of caravan zal nooit meer hetzelfde zijn na Solbio. Met een heerlijke frisse geur van Eucalyptus maken de onfrisse geuren geen schijn van kans! 3 liter toiletvloeistof 75 doseringen Goed voor 7 maanden kamperen (met een tank van 20 liter) 100% natuurlijke [&hellip;]\" \/>\n<meta property=\"og:url\" content=\"https:\/\/getsolbio.com\/es\/producto\/original-3l\/\" \/>\n<meta property=\"og:site_name\" content=\"Solbio\" \/>\n<meta property=\"article:publisher\" content=\"https:\/\/www.facebook.com\/getsolbio\/\" \/>\n<meta property=\"article:modified_time\" content=\"2026-04-19T09:26:52+00:00\" \/>\n<meta property=\"og:image\" content=\"https:\/\/getsolbio.com\/wp-content\/uploads\/2025\/01\/tap-front-side-1.png\" \/>\n\t<meta property=\"og:image:width\" content=\"972\" \/>\n\t<meta property=\"og:image:height\" content=\"972\" \/>\n\t<meta property=\"og:image:type\" content=\"image\/png\" \/>\n<meta name=\"twitter:card\" content=\"summary_large_image\" \/>\n<script type=\"application\/ld+json\" class=\"yoast-schema-graph\">{\"@context\":\"https:\\\/\\\/schema.org\",\"@graph\":[{\"@type\":\"WebPage\",\"@id\":\"https:\\\/\\\/getsolbio.com\\\/product\\\/original-3l\\\/\",\"url\":\"https:\\\/\\\/getsolbio.com\\\/product\\\/original-3l\\\/\",\"name\":\"Original (225 dagen) - Solbio\",\"isPartOf\":{\"@id\":\"https:\\\/\\\/getsolbio.com\\\/#website\"},\"primaryImageOfPage\":{\"@id\":\"https:\\\/\\\/getsolbio.com\\\/product\\\/original-3l\\\/#primaryimage\"},\"image\":{\"@id\":\"https:\\\/\\\/getsolbio.com\\\/product\\\/original-3l\\\/#primaryimage\"},\"thumbnailUrl\":\"https:\\\/\\\/getsolbio.com\\\/wp-content\\\/uploads\\\/2025\\\/01\\\/tap-front-side-1.png\",\"datePublished\":\"2024-07-30T22:00:00+00:00\",\"dateModified\":\"2026-04-19T09:26:52+00:00\",\"breadcrumb\":{\"@id\":\"https:\\\/\\\/getsolbio.com\\\/product\\\/original-3l\\\/#breadcrumb\"},\"inLanguage\":\"es\",\"potentialAction\":[{\"@type\":\"ReadAction\",\"target\":[\"https:\\\/\\\/getsolbio.com\\\/product\\\/original-3l\\\/\"]}]},{\"@type\":\"ImageObject\",\"inLanguage\":\"es\",\"@id\":\"https:\\\/\\\/getsolbio.com\\\/product\\\/original-3l\\\/#primaryimage\",\"url\":\"https:\\\/\\\/getsolbio.com\\\/wp-content\\\/uploads\\\/2025\\\/01\\\/tap-front-side-1.png\",\"contentUrl\":\"https:\\\/\\\/getsolbio.com\\\/wp-content\\\/uploads\\\/2025\\\/01\\\/tap-front-side-1.png\",\"width\":972,\"height\":972},{\"@type\":\"BreadcrumbList\",\"@id\":\"https:\\\/\\\/getsolbio.com\\\/product\\\/original-3l\\\/#breadcrumb\",\"itemListElement\":[{\"@type\":\"ListItem\",\"position\":1,\"name\":\"Home\",\"item\":\"https:\\\/\\\/getsolbio.com\\\/\"},{\"@type\":\"ListItem\",\"position\":2,\"name\":\"Winkel\",\"item\":\"https:\\\/\\\/getsolbio.com\\\/winkel\\\/\"},{\"@type\":\"ListItem\",\"position\":3,\"name\":\"Toiletfluid\",\"item\":\"https:\\\/\\\/getsolbio.com\\\/product-categorie\\\/toiletfluid\\\/\"},{\"@type\":\"ListItem\",\"position\":4,\"name\":\"Original (225 dagen)\"}]},{\"@type\":\"WebSite\",\"@id\":\"https:\\\/\\\/getsolbio.com\\\/#website\",\"url\":\"https:\\\/\\\/getsolbio.com\\\/\",\"name\":\"Getsolbio\",\"description\":\"Take the green road\",\"publisher\":{\"@id\":\"https:\\\/\\\/getsolbio.com\\\/#organization\"},\"potentialAction\":[{\"@type\":\"SearchAction\",\"target\":{\"@type\":\"EntryPoint\",\"urlTemplate\":\"https:\\\/\\\/getsolbio.com\\\/?s={search_term_string}\"},\"query-input\":{\"@type\":\"PropertyValueSpecification\",\"valueRequired\":true,\"valueName\":\"search_term_string\"}}],\"inLanguage\":\"es\"},{\"@type\":\"Organization\",\"@id\":\"https:\\\/\\\/getsolbio.com\\\/#organization\",\"name\":\"Getsolbio\",\"url\":\"https:\\\/\\\/getsolbio.com\\\/\",\"logo\":{\"@type\":\"ImageObject\",\"inLanguage\":\"es\",\"@id\":\"https:\\\/\\\/getsolbio.com\\\/#\\\/schema\\\/logo\\\/image\\\/\",\"url\":\"https:\\\/\\\/getsolbio.com\\\/wp-content\\\/uploads\\\/2025\\\/02\\\/solbio-logo-website.png\",\"contentUrl\":\"https:\\\/\\\/getsolbio.com\\\/wp-content\\\/uploads\\\/2025\\\/02\\\/solbio-logo-website.png\",\"width\":110,\"height\":111,\"caption\":\"Getsolbio\"},\"image\":{\"@id\":\"https:\\\/\\\/getsolbio.com\\\/#\\\/schema\\\/logo\\\/image\\\/\"},\"sameAs\":[\"https:\\\/\\\/www.facebook.com\\\/getsolbio\\\/\",\"https:\\\/\\\/www.instagram.com\\\/solbio\\\/\",\"https:\\\/\\\/www.linkedin.com\\\/company\\\/solbio\\\/\"]}]}<\/script>\n<!-- \/ Yoast SEO plugin. -->","yoast_head_json":{"title":"Original (225 dagen) - Solbio","robots":{"index":"index","follow":"follow","max-snippet":"max-snippet:-1","max-image-preview":"max-image-preview:large","max-video-preview":"max-video-preview:-1"},"canonical":"https:\/\/getsolbio.com\/es\/producto\/original-3l\/","og_locale":"es_ES","og_type":"article","og_title":"Original (225 dagen) - Solbio","og_description":"Reis ecologisch met de frisse Solbio Original toiletvloeistof. Je toiletervaring in de motorhome of caravan zal nooit meer hetzelfde zijn na Solbio. Met een heerlijke frisse geur van Eucalyptus maken de onfrisse geuren geen schijn van kans! 3 liter toiletvloeistof 75 doseringen Goed voor 7 maanden kamperen (met een tank van 20 liter) 100% natuurlijke [&hellip;]","og_url":"https:\/\/getsolbio.com\/es\/producto\/original-3l\/","og_site_name":"Solbio","article_publisher":"https:\/\/www.facebook.com\/getsolbio\/","article_modified_time":"2026-04-19T09:26:52+00:00","og_image":[{"width":972,"height":972,"url":"https:\/\/getsolbio.com\/wp-content\/uploads\/2025\/01\/tap-front-side-1.png","type":"image\/png"}],"twitter_card":"summary_large_image","schema":{"@context":"https:\/\/schema.org","@graph":[{"@type":"WebPage","@id":"https:\/\/getsolbio.com\/product\/original-3l\/","url":"https:\/\/getsolbio.com\/product\/original-3l\/","name":"Original (225 dagen) - Solbio","isPartOf":{"@id":"https:\/\/getsolbio.com\/#website"},"primaryImageOfPage":{"@id":"https:\/\/getsolbio.com\/product\/original-3l\/#primaryimage"},"image":{"@id":"https:\/\/getsolbio.com\/product\/original-3l\/#primaryimage"},"thumbnailUrl":"https:\/\/getsolbio.com\/wp-content\/uploads\/2025\/01\/tap-front-side-1.png","datePublished":"2024-07-30T22:00:00+00:00","dateModified":"2026-04-19T09:26:52+00:00","breadcrumb":{"@id":"https:\/\/getsolbio.com\/product\/original-3l\/#breadcrumb"},"inLanguage":"es","potentialAction":[{"@type":"ReadAction","target":["https:\/\/getsolbio.com\/product\/original-3l\/"]}]},{"@type":"ImageObject","inLanguage":"es","@id":"https:\/\/getsolbio.com\/product\/original-3l\/#primaryimage","url":"https:\/\/getsolbio.com\/wp-content\/uploads\/2025\/01\/tap-front-side-1.png","contentUrl":"https:\/\/getsolbio.com\/wp-content\/uploads\/2025\/01\/tap-front-side-1.png","width":972,"height":972},{"@type":"BreadcrumbList","@id":"https:\/\/getsolbio.com\/product\/original-3l\/#breadcrumb","itemListElement":[{"@type":"ListItem","position":1,"name":"Home","item":"https:\/\/getsolbio.com\/"},{"@type":"ListItem","position":2,"name":"Winkel","item":"https:\/\/getsolbio.com\/winkel\/"},{"@type":"ListItem","position":3,"name":"Toiletfluid","item":"https:\/\/getsolbio.com\/product-categorie\/toiletfluid\/"},{"@type":"ListItem","position":4,"name":"Original (225 dagen)"}]},{"@type":"WebSite","@id":"https:\/\/getsolbio.com\/#website","url":"https:\/\/getsolbio.com\/","name":"Getsolbio","description":"Take the green road","publisher":{"@id":"https:\/\/getsolbio.com\/#organization"},"potentialAction":[{"@type":"SearchAction","target":{"@type":"EntryPoint","urlTemplate":"https:\/\/getsolbio.com\/?s={search_term_string}"},"query-input":{"@type":"PropertyValueSpecification","valueRequired":true,"valueName":"search_term_string"}}],"inLanguage":"es"},{"@type":"Organization","@id":"https:\/\/getsolbio.com\/#organization","name":"Getsolbio","url":"https:\/\/getsolbio.com\/","logo":{"@type":"ImageObject","inLanguage":"es","@id":"https:\/\/getsolbio.com\/#\/schema\/logo\/image\/","url":"https:\/\/getsolbio.com\/wp-content\/uploads\/2025\/02\/solbio-logo-website.png","contentUrl":"https:\/\/getsolbio.com\/wp-content\/uploads\/2025\/02\/solbio-logo-website.png","width":110,"height":111,"caption":"Getsolbio"},"image":{"@id":"https:\/\/getsolbio.com\/#\/schema\/logo\/image\/"},"sameAs":["https:\/\/www.facebook.com\/getsolbio\/","https:\/\/www.instagram.com\/solbio\/","https:\/\/www.linkedin.com\/company\/solbio\/"]}]}},"_links":{"self":[{"href":"https:\/\/getsolbio.com\/es\/wp-json\/wp\/v2\/product\/372","targetHints":{"allow":["GET"]}}],"collection":[{"href":"https:\/\/getsolbio.com\/es\/wp-json\/wp\/v2\/product"}],"about":[{"href":"https:\/\/getsolbio.com\/es\/wp-json\/wp\/v2\/types\/product"}],"replies":[{"embeddable":true,"href":"https:\/\/getsolbio.com\/es\/wp-json\/wp\/v2\/comments?post=372"}],"wp:featuredmedia":[{"embeddable":true,"href":"https:\/\/getsolbio.com\/es\/wp-json\/wp\/v2\/media\/373"}],"wp:attachment":[{"href":"https:\/\/getsolbio.com\/es\/wp-json\/wp\/v2\/media?parent=372"}],"wp:term":[{"taxonomy":"product_brand","embeddable":true,"href":"https:\/\/getsolbio.com\/es\/wp-json\/wp\/v2\/product_brand?post=372"},{"taxonomy":"product_cat","embeddable":true,"href":"https:\/\/getsolbio.com\/es\/wp-json\/wp\/v2\/product_cat?post=372"},{"taxonomy":"product_tag","embeddable":true,"href":"https:\/\/getsolbio.com\/es\/wp-json\/wp\/v2\/product_tag?post=372"}],"curies":[{"name":"wp","href":"https:\/\/api.w.org\/{rel}","templated":true}]}}