{"id":383,"date":"2025-01-07T00:00:00","date_gmt":"2025-01-06T23:00:00","guid":{"rendered":"https:\/\/getsolbio.com\/product\/streak-remover2\/"},"modified":"2026-04-19T14:43:50","modified_gmt":"2026-04-19T12:43:50","slug":"streak-remover","status":"publish","type":"product","link":"https:\/\/getsolbio.com\/es\/product\/streak-remover\/","title":{"rendered":"Eliminador de rayas negras"},"content":{"rendered":"<ul>\n<li>Pulverizar, frotar con una esponja, limpiar y admirar.<\/li>\n<li>Para limpiar superficies m\u00e1s grandes, tambi\u00e9n puedes diluirlo m\u00e1s con agua<\/li>\n<li>No contiene colorantes, parabenos, fosfatos, cloro ni amoniaco.<\/li>\n<li>De origen vegetal, potente y eficaz<\/li>\n<\/ul>\n<p>Las rayas negras en el exterior de tu autocaravana, caravana o barco son inevitables cuando te lanzas a la aventura. Probablemente maldigas en voz baja cuando los notas, o en voz alta cuando sabes que no pueden o\u00edrte all\u00ed. Con nuestro Black Streak Remover a partir de ahora como mucho te encoger\u00e1s de hombros. La f\u00f3rmula totalmente natural elimina las rayas de forma r\u00e1pida y eficaz, incluso sin frotar. S\u00f3lo buenas vibraciones.<\/p>","protected":false},"excerpt":{"rendered":"<p>Sprayen, met een spons inwrijven, afnemen en bewonderen. Om grotere oppervlakten te reinigen kan je het ook verder verdunnen met water Bevat geen kleurstoffen, parabenen, fosfaten, chloor of ammoniak Plantaardig, Krachtig en Doeltreffend Zwarte strepen op de buitenkant van je motorhome, caravan of boot zijn onvermijdelijk als je op avontuur gaat. Je vloekt waarschijnlijk wel [&hellip;]<\/p>\n","protected":false},"featured_media":384,"comment_status":"closed","ping_status":"closed","template":"","meta":{"inline_featured_image":false,"_genesis_hide_title":false,"_genesis_hide_breadcrumbs":false,"_genesis_hide_singular_image":false,"_genesis_hide_footer_widgets":false,"_genesis_custom_body_class":"","_genesis_custom_post_class":"","_genesis_layout":""},"product_brand":[],"product_cat":[33],"product_tag":[],"class_list":{"0":"post-383","1":"product","2":"type-product","3":"status-publish","4":"has-post-thumbnail","6":"product_cat-care-cleaning","7":"entry","9":"first","10":"instock","11":"taxable","12":"shipping-taxable","13":"purchasable","14":"product-type-simple"},"yoast_head":"<!-- This site is optimized with the Yoast SEO plugin v27.4 - https:\/\/yoast.com\/product\/yoast-seo-wordpress\/ -->\n<title>Zwarte Streep Reiniger - Solbio<\/title>\n<meta name=\"robots\" content=\"index, follow, max-snippet:-1, max-image-preview:large, max-video-preview:-1\" \/>\n<link rel=\"canonical\" href=\"https:\/\/getsolbio.com\/es\/producto\/streak-remover\/\" \/>\n<meta property=\"og:locale\" content=\"es_ES\" \/>\n<meta property=\"og:type\" content=\"article\" \/>\n<meta property=\"og:title\" content=\"Zwarte Streep Reiniger - Solbio\" \/>\n<meta property=\"og:description\" content=\"Sprayen, met een spons inwrijven, afnemen en bewonderen. Om grotere oppervlakten te reinigen kan je het ook verder verdunnen met water Bevat geen kleurstoffen, parabenen, fosfaten, chloor of ammoniak Plantaardig, Krachtig en Doeltreffend Zwarte strepen op de buitenkant van je motorhome, caravan of boot zijn onvermijdelijk als je op avontuur gaat. Je vloekt waarschijnlijk wel [&hellip;]\" \/>\n<meta property=\"og:url\" content=\"https:\/\/getsolbio.com\/es\/producto\/streak-remover\/\" \/>\n<meta property=\"og:site_name\" content=\"Solbio\" \/>\n<meta property=\"article:publisher\" content=\"https:\/\/www.facebook.com\/getsolbio\/\" \/>\n<meta property=\"article:modified_time\" content=\"2026-04-19T12:43:50+00:00\" \/>\n<meta property=\"og:image\" content=\"https:\/\/getsolbio.com\/wp-content\/uploads\/2025\/01\/black-stripe-cleaner-EN-left-low-res.png\" \/>\n\t<meta property=\"og:image:width\" content=\"384\" \/>\n\t<meta property=\"og:image:height\" content=\"972\" \/>\n\t<meta property=\"og:image:type\" content=\"image\/png\" \/>\n<meta name=\"twitter:card\" content=\"summary_large_image\" \/>\n<script type=\"application\/ld+json\" class=\"yoast-schema-graph\">{\"@context\":\"https:\\\/\\\/schema.org\",\"@graph\":[{\"@type\":\"WebPage\",\"@id\":\"https:\\\/\\\/getsolbio.com\\\/product\\\/streak-remover\\\/\",\"url\":\"https:\\\/\\\/getsolbio.com\\\/product\\\/streak-remover\\\/\",\"name\":\"Zwarte Streep Reiniger - Solbio\",\"isPartOf\":{\"@id\":\"https:\\\/\\\/getsolbio.com\\\/#website\"},\"primaryImageOfPage\":{\"@id\":\"https:\\\/\\\/getsolbio.com\\\/product\\\/streak-remover\\\/#primaryimage\"},\"image\":{\"@id\":\"https:\\\/\\\/getsolbio.com\\\/product\\\/streak-remover\\\/#primaryimage\"},\"thumbnailUrl\":\"https:\\\/\\\/getsolbio.com\\\/wp-content\\\/uploads\\\/2025\\\/01\\\/black-stripe-cleaner-EN-left-low-res.png\",\"datePublished\":\"2025-01-06T23:00:00+00:00\",\"dateModified\":\"2026-04-19T12:43:50+00:00\",\"breadcrumb\":{\"@id\":\"https:\\\/\\\/getsolbio.com\\\/product\\\/streak-remover\\\/#breadcrumb\"},\"inLanguage\":\"es\",\"potentialAction\":[{\"@type\":\"ReadAction\",\"target\":[\"https:\\\/\\\/getsolbio.com\\\/product\\\/streak-remover\\\/\"]}]},{\"@type\":\"ImageObject\",\"inLanguage\":\"es\",\"@id\":\"https:\\\/\\\/getsolbio.com\\\/product\\\/streak-remover\\\/#primaryimage\",\"url\":\"https:\\\/\\\/getsolbio.com\\\/wp-content\\\/uploads\\\/2025\\\/01\\\/black-stripe-cleaner-EN-left-low-res.png\",\"contentUrl\":\"https:\\\/\\\/getsolbio.com\\\/wp-content\\\/uploads\\\/2025\\\/01\\\/black-stripe-cleaner-EN-left-low-res.png\",\"width\":384,\"height\":972},{\"@type\":\"BreadcrumbList\",\"@id\":\"https:\\\/\\\/getsolbio.com\\\/product\\\/streak-remover\\\/#breadcrumb\",\"itemListElement\":[{\"@type\":\"ListItem\",\"position\":1,\"name\":\"Home\",\"item\":\"https:\\\/\\\/getsolbio.com\\\/\"},{\"@type\":\"ListItem\",\"position\":2,\"name\":\"Winkel\",\"item\":\"https:\\\/\\\/getsolbio.com\\\/winkel\\\/\"},{\"@type\":\"ListItem\",\"position\":3,\"name\":\"Care &amp; Cleaning\",\"item\":\"https:\\\/\\\/getsolbio.com\\\/es\\\/categoria-producto\\\/care-cleaning\\\/\"},{\"@type\":\"ListItem\",\"position\":4,\"name\":\"Zwarte Streep Reiniger\"}]},{\"@type\":\"WebSite\",\"@id\":\"https:\\\/\\\/getsolbio.com\\\/#website\",\"url\":\"https:\\\/\\\/getsolbio.com\\\/\",\"name\":\"Getsolbio\",\"description\":\"Take the green road\",\"publisher\":{\"@id\":\"https:\\\/\\\/getsolbio.com\\\/#organization\"},\"potentialAction\":[{\"@type\":\"SearchAction\",\"target\":{\"@type\":\"EntryPoint\",\"urlTemplate\":\"https:\\\/\\\/getsolbio.com\\\/?s={search_term_string}\"},\"query-input\":{\"@type\":\"PropertyValueSpecification\",\"valueRequired\":true,\"valueName\":\"search_term_string\"}}],\"inLanguage\":\"es\"},{\"@type\":\"Organization\",\"@id\":\"https:\\\/\\\/getsolbio.com\\\/#organization\",\"name\":\"Getsolbio\",\"url\":\"https:\\\/\\\/getsolbio.com\\\/\",\"logo\":{\"@type\":\"ImageObject\",\"inLanguage\":\"es\",\"@id\":\"https:\\\/\\\/getsolbio.com\\\/#\\\/schema\\\/logo\\\/image\\\/\",\"url\":\"https:\\\/\\\/getsolbio.com\\\/wp-content\\\/uploads\\\/2025\\\/02\\\/solbio-logo-website.png\",\"contentUrl\":\"https:\\\/\\\/getsolbio.com\\\/wp-content\\\/uploads\\\/2025\\\/02\\\/solbio-logo-website.png\",\"width\":110,\"height\":111,\"caption\":\"Getsolbio\"},\"image\":{\"@id\":\"https:\\\/\\\/getsolbio.com\\\/#\\\/schema\\\/logo\\\/image\\\/\"},\"sameAs\":[\"https:\\\/\\\/www.facebook.com\\\/getsolbio\\\/\",\"https:\\\/\\\/www.instagram.com\\\/solbio\\\/\",\"https:\\\/\\\/www.linkedin.com\\\/company\\\/solbio\\\/\"]}]}<\/script>\n<!-- \/ Yoast SEO plugin. -->","yoast_head_json":{"title":"Zwarte Streep Reiniger - Solbio","robots":{"index":"index","follow":"follow","max-snippet":"max-snippet:-1","max-image-preview":"max-image-preview:large","max-video-preview":"max-video-preview:-1"},"canonical":"https:\/\/getsolbio.com\/es\/producto\/streak-remover\/","og_locale":"es_ES","og_type":"article","og_title":"Zwarte Streep Reiniger - Solbio","og_description":"Sprayen, met een spons inwrijven, afnemen en bewonderen. Om grotere oppervlakten te reinigen kan je het ook verder verdunnen met water Bevat geen kleurstoffen, parabenen, fosfaten, chloor of ammoniak Plantaardig, Krachtig en Doeltreffend Zwarte strepen op de buitenkant van je motorhome, caravan of boot zijn onvermijdelijk als je op avontuur gaat. Je vloekt waarschijnlijk wel [&hellip;]","og_url":"https:\/\/getsolbio.com\/es\/producto\/streak-remover\/","og_site_name":"Solbio","article_publisher":"https:\/\/www.facebook.com\/getsolbio\/","article_modified_time":"2026-04-19T12:43:50+00:00","og_image":[{"width":384,"height":972,"url":"https:\/\/getsolbio.com\/wp-content\/uploads\/2025\/01\/black-stripe-cleaner-EN-left-low-res.png","type":"image\/png"}],"twitter_card":"summary_large_image","schema":{"@context":"https:\/\/schema.org","@graph":[{"@type":"WebPage","@id":"https:\/\/getsolbio.com\/product\/streak-remover\/","url":"https:\/\/getsolbio.com\/product\/streak-remover\/","name":"Zwarte Streep Reiniger - Solbio","isPartOf":{"@id":"https:\/\/getsolbio.com\/#website"},"primaryImageOfPage":{"@id":"https:\/\/getsolbio.com\/product\/streak-remover\/#primaryimage"},"image":{"@id":"https:\/\/getsolbio.com\/product\/streak-remover\/#primaryimage"},"thumbnailUrl":"https:\/\/getsolbio.com\/wp-content\/uploads\/2025\/01\/black-stripe-cleaner-EN-left-low-res.png","datePublished":"2025-01-06T23:00:00+00:00","dateModified":"2026-04-19T12:43:50+00:00","breadcrumb":{"@id":"https:\/\/getsolbio.com\/product\/streak-remover\/#breadcrumb"},"inLanguage":"es","potentialAction":[{"@type":"ReadAction","target":["https:\/\/getsolbio.com\/product\/streak-remover\/"]}]},{"@type":"ImageObject","inLanguage":"es","@id":"https:\/\/getsolbio.com\/product\/streak-remover\/#primaryimage","url":"https:\/\/getsolbio.com\/wp-content\/uploads\/2025\/01\/black-stripe-cleaner-EN-left-low-res.png","contentUrl":"https:\/\/getsolbio.com\/wp-content\/uploads\/2025\/01\/black-stripe-cleaner-EN-left-low-res.png","width":384,"height":972},{"@type":"BreadcrumbList","@id":"https:\/\/getsolbio.com\/product\/streak-remover\/#breadcrumb","itemListElement":[{"@type":"ListItem","position":1,"name":"Home","item":"https:\/\/getsolbio.com\/"},{"@type":"ListItem","position":2,"name":"Winkel","item":"https:\/\/getsolbio.com\/winkel\/"},{"@type":"ListItem","position":3,"name":"Care &amp; Cleaning","item":"https:\/\/getsolbio.com\/es\/categoria-producto\/care-cleaning\/"},{"@type":"ListItem","position":4,"name":"Zwarte Streep Reiniger"}]},{"@type":"WebSite","@id":"https:\/\/getsolbio.com\/#website","url":"https:\/\/getsolbio.com\/","name":"Getsolbio","description":"Take the green road","publisher":{"@id":"https:\/\/getsolbio.com\/#organization"},"potentialAction":[{"@type":"SearchAction","target":{"@type":"EntryPoint","urlTemplate":"https:\/\/getsolbio.com\/?s={search_term_string}"},"query-input":{"@type":"PropertyValueSpecification","valueRequired":true,"valueName":"search_term_string"}}],"inLanguage":"es"},{"@type":"Organization","@id":"https:\/\/getsolbio.com\/#organization","name":"Getsolbio","url":"https:\/\/getsolbio.com\/","logo":{"@type":"ImageObject","inLanguage":"es","@id":"https:\/\/getsolbio.com\/#\/schema\/logo\/image\/","url":"https:\/\/getsolbio.com\/wp-content\/uploads\/2025\/02\/solbio-logo-website.png","contentUrl":"https:\/\/getsolbio.com\/wp-content\/uploads\/2025\/02\/solbio-logo-website.png","width":110,"height":111,"caption":"Getsolbio"},"image":{"@id":"https:\/\/getsolbio.com\/#\/schema\/logo\/image\/"},"sameAs":["https:\/\/www.facebook.com\/getsolbio\/","https:\/\/www.instagram.com\/solbio\/","https:\/\/www.linkedin.com\/company\/solbio\/"]}]}},"_links":{"self":[{"href":"https:\/\/getsolbio.com\/es\/wp-json\/wp\/v2\/product\/383","targetHints":{"allow":["GET"]}}],"collection":[{"href":"https:\/\/getsolbio.com\/es\/wp-json\/wp\/v2\/product"}],"about":[{"href":"https:\/\/getsolbio.com\/es\/wp-json\/wp\/v2\/types\/product"}],"replies":[{"embeddable":true,"href":"https:\/\/getsolbio.com\/es\/wp-json\/wp\/v2\/comments?post=383"}],"wp:featuredmedia":[{"embeddable":true,"href":"https:\/\/getsolbio.com\/es\/wp-json\/wp\/v2\/media\/384"}],"wp:attachment":[{"href":"https:\/\/getsolbio.com\/es\/wp-json\/wp\/v2\/media?parent=383"}],"wp:term":[{"taxonomy":"product_brand","embeddable":true,"href":"https:\/\/getsolbio.com\/es\/wp-json\/wp\/v2\/product_brand?post=383"},{"taxonomy":"product_cat","embeddable":true,"href":"https:\/\/getsolbio.com\/es\/wp-json\/wp\/v2\/product_cat?post=383"},{"taxonomy":"product_tag","embeddable":true,"href":"https:\/\/getsolbio.com\/es\/wp-json\/wp\/v2\/product_tag?post=383"}],"curies":[{"name":"wp","href":"https:\/\/api.w.org\/{rel}","templated":true}]}}