{"id":387,"date":"2025-01-07T00:00:00","date_gmt":"2025-01-06T23:00:00","guid":{"rendered":"https:\/\/getsolbio.com\/product\/badkamer\/"},"modified":"2026-05-12T19:49:51","modified_gmt":"2026-05-12T17:49:51","slug":"bathroom-kitchen","status":"publish","type":"product","link":"https:\/\/getsolbio.com\/es\/product\/bathroom-kitchen\/","title":{"rendered":"Limpiador de ba\u00f1os y cocinas"},"content":{"rendered":"<ul>\n<li>Aroma fresco de c\u00edtricos y rosa.<\/li>\n<li>Lleno de poder natural, nuestro limpiador est\u00e1 aqu\u00ed para combatir la cal, la grasa y los restos de jab\u00f3n.<\/li>\n<li>Biodegradable<\/li>\n<li>No contiene colorantes, parabenos, fosfatos, cloro ni amoniaco.<\/li>\n<li>Con ingredientes de origen vegetal<\/li>\n<\/ul>\n<p><br><strong>Limpiador de ba\u00f1os y cocinas: para un viaje fresco y limpio<\/p>\n<p>Menos es m\u00e1s. Los viajes compactos son ideales si quieres volver a lo esencial, pero tu olfato tambi\u00e9n est\u00e1 m\u00e1s cerca de esos olores desagradables. Nuestro Limpiador de Ba\u00f1o y Cocina elimina la suciedad y la grasa en un instante, para que puedas disfrutar de un frescor maravilloso y duradero durante tus vacaciones.<br \/>\nY lo mejor de todo: nuestro limpiador est\u00e1 elaborado con ingredientes naturales y, por tanto, completamente libre de productos qu\u00edmicos nocivos. Disfrute del poder de la naturaleza, tanto en el exterior como en el interior.<\/p>","protected":false},"excerpt":{"rendered":"<p>Frisse geur van citrus &amp; roze Onze reiniger, boordevol natuurlijke kracht, is hier om kalk, vet en zeepresten te verslaan Biologisch afbreekbaar Bevat geen kleurstoffen, parabenen, fosfaten, chloor of ammoniak Met ingredi\u00ebnten van plantaardige oorsprong Badkamer- en Keukenreiniger: voor een frisse &amp; propere trip Less is more. Compact reizen is ideaal als je even helemaal [&hellip;]<\/p>\n","protected":false},"featured_media":388,"comment_status":"closed","ping_status":"closed","template":"","meta":{"inline_featured_image":false,"_genesis_hide_title":false,"_genesis_hide_breadcrumbs":false,"_genesis_hide_singular_image":false,"_genesis_hide_footer_widgets":false,"_genesis_custom_body_class":"","_genesis_custom_post_class":"","_genesis_layout":""},"product_brand":[],"product_cat":[33],"product_tag":[],"class_list":{"0":"post-387","1":"product","2":"type-product","3":"status-publish","4":"has-post-thumbnail","6":"product_cat-care-cleaning","7":"entry","9":"first","10":"instock","11":"taxable","12":"shipping-taxable","13":"purchasable","14":"product-type-simple"},"yoast_head":"<!-- This site is optimized with the Yoast SEO plugin v27.5 - https:\/\/yoast.com\/product\/yoast-seo-wordpress\/ -->\n<title>Badkamer &amp; Keukenreiniger - Solbio<\/title>\n<meta name=\"robots\" content=\"index, follow, max-snippet:-1, max-image-preview:large, max-video-preview:-1\" \/>\n<link rel=\"canonical\" href=\"https:\/\/getsolbio.com\/es\/producto\/bathroom-kitchen\/\" \/>\n<meta property=\"og:locale\" content=\"es_ES\" \/>\n<meta property=\"og:type\" content=\"article\" \/>\n<meta property=\"og:title\" content=\"Badkamer &amp; Keukenreiniger - Solbio\" \/>\n<meta property=\"og:description\" content=\"Frisse geur van citrus &amp; roze Onze reiniger, boordevol natuurlijke kracht, is hier om kalk, vet en zeepresten te verslaan Biologisch afbreekbaar Bevat geen kleurstoffen, parabenen, fosfaten, chloor of ammoniak Met ingredi\u00ebnten van plantaardige oorsprong Badkamer- en Keukenreiniger: voor een frisse &amp; propere trip Less is more. Compact reizen is ideaal als je even helemaal [&hellip;]\" \/>\n<meta property=\"og:url\" content=\"https:\/\/getsolbio.com\/es\/producto\/bathroom-kitchen\/\" \/>\n<meta property=\"og:site_name\" content=\"Solbio\" \/>\n<meta property=\"article:publisher\" content=\"https:\/\/www.facebook.com\/getsolbio\/\" \/>\n<meta property=\"article:modified_time\" content=\"2026-05-12T17:49:51+00:00\" \/>\n<meta property=\"og:image\" content=\"https:\/\/getsolbio.com\/wp-content\/uploads\/2025\/01\/bathroom-kitchen-cleaner-EN-left-low-res.png\" \/>\n\t<meta property=\"og:image:width\" content=\"384\" \/>\n\t<meta property=\"og:image:height\" content=\"972\" \/>\n\t<meta property=\"og:image:type\" content=\"image\/png\" \/>\n<meta name=\"twitter:card\" content=\"summary_large_image\" \/>\n<script type=\"application\/ld+json\" class=\"yoast-schema-graph\">{\"@context\":\"https:\\\/\\\/schema.org\",\"@graph\":[{\"@type\":\"WebPage\",\"@id\":\"https:\\\/\\\/getsolbio.com\\\/product\\\/bathroom-kitchen\\\/\",\"url\":\"https:\\\/\\\/getsolbio.com\\\/product\\\/bathroom-kitchen\\\/\",\"name\":\"Badkamer & Keukenreiniger - Solbio\",\"isPartOf\":{\"@id\":\"https:\\\/\\\/getsolbio.com\\\/#website\"},\"primaryImageOfPage\":{\"@id\":\"https:\\\/\\\/getsolbio.com\\\/product\\\/bathroom-kitchen\\\/#primaryimage\"},\"image\":{\"@id\":\"https:\\\/\\\/getsolbio.com\\\/product\\\/bathroom-kitchen\\\/#primaryimage\"},\"thumbnailUrl\":\"https:\\\/\\\/getsolbio.com\\\/wp-content\\\/uploads\\\/2025\\\/01\\\/bathroom-kitchen-cleaner-EN-left-low-res.png\",\"datePublished\":\"2025-01-06T23:00:00+00:00\",\"dateModified\":\"2026-05-12T17:49:51+00:00\",\"breadcrumb\":{\"@id\":\"https:\\\/\\\/getsolbio.com\\\/product\\\/bathroom-kitchen\\\/#breadcrumb\"},\"inLanguage\":\"es\",\"potentialAction\":[{\"@type\":\"ReadAction\",\"target\":[\"https:\\\/\\\/getsolbio.com\\\/product\\\/bathroom-kitchen\\\/\"]}]},{\"@type\":\"ImageObject\",\"inLanguage\":\"es\",\"@id\":\"https:\\\/\\\/getsolbio.com\\\/product\\\/bathroom-kitchen\\\/#primaryimage\",\"url\":\"https:\\\/\\\/getsolbio.com\\\/wp-content\\\/uploads\\\/2025\\\/01\\\/bathroom-kitchen-cleaner-EN-left-low-res.png\",\"contentUrl\":\"https:\\\/\\\/getsolbio.com\\\/wp-content\\\/uploads\\\/2025\\\/01\\\/bathroom-kitchen-cleaner-EN-left-low-res.png\",\"width\":384,\"height\":972},{\"@type\":\"BreadcrumbList\",\"@id\":\"https:\\\/\\\/getsolbio.com\\\/product\\\/bathroom-kitchen\\\/#breadcrumb\",\"itemListElement\":[{\"@type\":\"ListItem\",\"position\":1,\"name\":\"Home\",\"item\":\"https:\\\/\\\/getsolbio.com\\\/\"},{\"@type\":\"ListItem\",\"position\":2,\"name\":\"Winkel\",\"item\":\"https:\\\/\\\/getsolbio.com\\\/winkel\\\/\"},{\"@type\":\"ListItem\",\"position\":3,\"name\":\"Care &amp; Cleaning\",\"item\":\"https:\\\/\\\/getsolbio.com\\\/es\\\/categoria-producto\\\/care-cleaning\\\/\"},{\"@type\":\"ListItem\",\"position\":4,\"name\":\"Badkamer &#038; Keukenreiniger\"}]},{\"@type\":\"WebSite\",\"@id\":\"https:\\\/\\\/getsolbio.com\\\/#website\",\"url\":\"https:\\\/\\\/getsolbio.com\\\/\",\"name\":\"Getsolbio\",\"description\":\"Take the green road\",\"publisher\":{\"@id\":\"https:\\\/\\\/getsolbio.com\\\/#organization\"},\"potentialAction\":[{\"@type\":\"SearchAction\",\"target\":{\"@type\":\"EntryPoint\",\"urlTemplate\":\"https:\\\/\\\/getsolbio.com\\\/?s={search_term_string}\"},\"query-input\":{\"@type\":\"PropertyValueSpecification\",\"valueRequired\":true,\"valueName\":\"search_term_string\"}}],\"inLanguage\":\"es\"},{\"@type\":\"Organization\",\"@id\":\"https:\\\/\\\/getsolbio.com\\\/#organization\",\"name\":\"Getsolbio\",\"url\":\"https:\\\/\\\/getsolbio.com\\\/\",\"logo\":{\"@type\":\"ImageObject\",\"inLanguage\":\"es\",\"@id\":\"https:\\\/\\\/getsolbio.com\\\/#\\\/schema\\\/logo\\\/image\\\/\",\"url\":\"https:\\\/\\\/getsolbio.com\\\/wp-content\\\/uploads\\\/2025\\\/02\\\/solbio-logo-website.png\",\"contentUrl\":\"https:\\\/\\\/getsolbio.com\\\/wp-content\\\/uploads\\\/2025\\\/02\\\/solbio-logo-website.png\",\"width\":110,\"height\":111,\"caption\":\"Getsolbio\"},\"image\":{\"@id\":\"https:\\\/\\\/getsolbio.com\\\/#\\\/schema\\\/logo\\\/image\\\/\"},\"sameAs\":[\"https:\\\/\\\/www.facebook.com\\\/getsolbio\\\/\",\"https:\\\/\\\/www.instagram.com\\\/solbio\\\/\",\"https:\\\/\\\/www.linkedin.com\\\/company\\\/solbio\\\/\"]}]}<\/script>\n<!-- \/ Yoast SEO plugin. -->","yoast_head_json":{"title":"Limpiador de ba\u00f1os y cocinas","robots":{"index":"index","follow":"follow","max-snippet":"max-snippet:-1","max-image-preview":"max-image-preview:large","max-video-preview":"max-video-preview:-1"},"canonical":"https:\/\/getsolbio.com\/es\/producto\/bathroom-kitchen\/","og_locale":"es_ES","og_type":"article","og_title":"Badkamer & Keukenreiniger - Solbio","og_description":"Frisse geur van citrus &amp; roze Onze reiniger, boordevol natuurlijke kracht, is hier om kalk, vet en zeepresten te verslaan Biologisch afbreekbaar Bevat geen kleurstoffen, parabenen, fosfaten, chloor of ammoniak Met ingredi\u00ebnten van plantaardige oorsprong Badkamer- en Keukenreiniger: voor een frisse &amp; propere trip Less is more. Compact reizen is ideaal als je even helemaal [&hellip;]","og_url":"https:\/\/getsolbio.com\/es\/producto\/bathroom-kitchen\/","og_site_name":"Solbio","article_publisher":"https:\/\/www.facebook.com\/getsolbio\/","article_modified_time":"2026-05-12T17:49:51+00:00","og_image":[{"width":384,"height":972,"url":"https:\/\/getsolbio.com\/wp-content\/uploads\/2025\/01\/bathroom-kitchen-cleaner-EN-left-low-res.png","type":"image\/png"}],"twitter_card":"summary_large_image","schema":{"@context":"https:\/\/schema.org","@graph":[{"@type":"WebPage","@id":"https:\/\/getsolbio.com\/product\/bathroom-kitchen\/","url":"https:\/\/getsolbio.com\/product\/bathroom-kitchen\/","name":"Limpiador de ba\u00f1os y cocinas","isPartOf":{"@id":"https:\/\/getsolbio.com\/#website"},"primaryImageOfPage":{"@id":"https:\/\/getsolbio.com\/product\/bathroom-kitchen\/#primaryimage"},"image":{"@id":"https:\/\/getsolbio.com\/product\/bathroom-kitchen\/#primaryimage"},"thumbnailUrl":"https:\/\/getsolbio.com\/wp-content\/uploads\/2025\/01\/bathroom-kitchen-cleaner-EN-left-low-res.png","datePublished":"2025-01-06T23:00:00+00:00","dateModified":"2026-05-12T17:49:51+00:00","breadcrumb":{"@id":"https:\/\/getsolbio.com\/product\/bathroom-kitchen\/#breadcrumb"},"inLanguage":"es","potentialAction":[{"@type":"ReadAction","target":["https:\/\/getsolbio.com\/product\/bathroom-kitchen\/"]}]},{"@type":"ImageObject","inLanguage":"es","@id":"https:\/\/getsolbio.com\/product\/bathroom-kitchen\/#primaryimage","url":"https:\/\/getsolbio.com\/wp-content\/uploads\/2025\/01\/bathroom-kitchen-cleaner-EN-left-low-res.png","contentUrl":"https:\/\/getsolbio.com\/wp-content\/uploads\/2025\/01\/bathroom-kitchen-cleaner-EN-left-low-res.png","width":384,"height":972},{"@type":"BreadcrumbList","@id":"https:\/\/getsolbio.com\/product\/bathroom-kitchen\/#breadcrumb","itemListElement":[{"@type":"ListItem","position":1,"name":"Home","item":"https:\/\/getsolbio.com\/"},{"@type":"ListItem","position":2,"name":"Winkel","item":"https:\/\/getsolbio.com\/winkel\/"},{"@type":"ListItem","position":3,"name":"Care &amp; Cleaning","item":"https:\/\/getsolbio.com\/es\/categoria-producto\/care-cleaning\/"},{"@type":"ListItem","position":4,"name":"Badkamer &#038; Keukenreiniger"}]},{"@type":"WebSite","@id":"https:\/\/getsolbio.com\/#website","url":"https:\/\/getsolbio.com\/","name":"Getsolbio","description":"Take the green road","publisher":{"@id":"https:\/\/getsolbio.com\/#organization"},"potentialAction":[{"@type":"SearchAction","target":{"@type":"EntryPoint","urlTemplate":"https:\/\/getsolbio.com\/?s={search_term_string}"},"query-input":{"@type":"PropertyValueSpecification","valueRequired":true,"valueName":"search_term_string"}}],"inLanguage":"es"},{"@type":"Organization","@id":"https:\/\/getsolbio.com\/#organization","name":"Getsolbio","url":"https:\/\/getsolbio.com\/","logo":{"@type":"ImageObject","inLanguage":"es","@id":"https:\/\/getsolbio.com\/#\/schema\/logo\/image\/","url":"https:\/\/getsolbio.com\/wp-content\/uploads\/2025\/02\/solbio-logo-website.png","contentUrl":"https:\/\/getsolbio.com\/wp-content\/uploads\/2025\/02\/solbio-logo-website.png","width":110,"height":111,"caption":"Getsolbio"},"image":{"@id":"https:\/\/getsolbio.com\/#\/schema\/logo\/image\/"},"sameAs":["https:\/\/www.facebook.com\/getsolbio\/","https:\/\/www.instagram.com\/solbio\/","https:\/\/www.linkedin.com\/company\/solbio\/"]}]}},"_links":{"self":[{"href":"https:\/\/getsolbio.com\/es\/wp-json\/wp\/v2\/product\/387","targetHints":{"allow":["GET"]}}],"collection":[{"href":"https:\/\/getsolbio.com\/es\/wp-json\/wp\/v2\/product"}],"about":[{"href":"https:\/\/getsolbio.com\/es\/wp-json\/wp\/v2\/types\/product"}],"replies":[{"embeddable":true,"href":"https:\/\/getsolbio.com\/es\/wp-json\/wp\/v2\/comments?post=387"}],"wp:featuredmedia":[{"embeddable":true,"href":"https:\/\/getsolbio.com\/es\/wp-json\/wp\/v2\/media\/388"}],"wp:attachment":[{"href":"https:\/\/getsolbio.com\/es\/wp-json\/wp\/v2\/media?parent=387"}],"wp:term":[{"taxonomy":"product_brand","embeddable":true,"href":"https:\/\/getsolbio.com\/es\/wp-json\/wp\/v2\/product_brand?post=387"},{"taxonomy":"product_cat","embeddable":true,"href":"https:\/\/getsolbio.com\/es\/wp-json\/wp\/v2\/product_cat?post=387"},{"taxonomy":"product_tag","embeddable":true,"href":"https:\/\/getsolbio.com\/es\/wp-json\/wp\/v2\/product_tag?post=387"}],"curies":[{"name":"wp","href":"https:\/\/api.w.org\/{rel}","templated":true}]}}