{"id":16022,"date":"2025-01-13T11:04:23","date_gmt":"2025-01-13T10:04:23","guid":{"rendered":"https:\/\/getsolbio.com\/?post_type=product&#038;p=16022"},"modified":"2026-05-12T13:11:51","modified_gmt":"2026-05-12T11:11:51","slug":"starterkit","status":"publish","type":"product","link":"https:\/\/getsolbio.com\/fr\/product\/starterkit\/","title":{"rendered":"StarterKit"},"content":{"rendered":"<p><strong>Le Solbio StarterKit se compose de :<\/strong><\/p>\n<p><strong>1 x 10L Emmer, transparent<\/strong><\/p>\n<p><strong>1 x 0,8L Solbio Original 4 in 1 voor 20 toepassingen.<\/strong><\/p>\n<p>Gr\u00e2ce \u00e0 la formule 4 en 1, Solbio Original sert d'additif pour le r\u00e9servoir de la cour, d'additif pour le r\u00e9servoir d'eau de rin\u00e7age des toilettes, de nettoyant de base pour le r\u00e9servoir des eaux us\u00e9es et des eaux grises, et d'agent de neutralisation des odeurs entre-temps.<\/p>\n<p><strong>1 x 500 ml \u00e9liminateur de traces noir.<\/strong><\/p>\n<p>Ce produit naturel \u00e9limine sans effort les traces de pluie et la salet\u00e9 du v\u00e9hicule, sans qu'il soit n\u00e9cessaire de frotter. <strong>Ne mangez pas les fen\u00eatres en acrylique !<\/strong><\/p>\n<p><strong>1 x 500 ml Nettoyant pour salle de bain et cuisine. <\/strong><\/p>\n<p>Pour des espaces frais et propres en cours de route. Il \u00e9limine sans effort la salet\u00e9 et la graisse, vous permettant ainsi de profiter rapidement d'un environnement propre. Il laisse un parfum agr\u00e9ablement frais, enti\u00e8rement sans produits chimiques nocifs. Biod\u00e9gradable. Ne contient pas de colorants, de parab\u00e8nes, de phosphates, de chlore ou d'ammoniac. Avec des ingr\u00e9dients d'origine v\u00e9g\u00e9tale.<\/p>\n<p><strong>1 rouleau de papier toilette en bambou 3 couches. <\/strong><\/p>\n<p>doux au toucher, absorbant et se d\u00e9composant rapidement<\/p>","protected":false},"excerpt":{"rendered":"<p>Solbio StarterKit bestaat uit: 1 x 10L Emmer, transparent 1 x 0,8L Solbio Original 4 in 1 voor 20 toepassingen. Dankzij de 4 in 1 formule dient Solbio Original als toevoeging voor de hoftank, als toevoeging voor de spoelwatertank voor het toilet, als basisreiniger voor de fecale en grijswatertank, en als geuronderdrukker voor tussendoor. 1 [&hellip;]<\/p>\n","protected":false},"featured_media":16024,"comment_status":"open","ping_status":"closed","template":"","meta":{"inline_featured_image":false,"_genesis_hide_title":false,"_genesis_hide_breadcrumbs":false,"_genesis_hide_singular_image":false,"_genesis_hide_footer_widgets":false,"_genesis_custom_body_class":"","_genesis_custom_post_class":"","_genesis_layout":""},"product_brand":[],"product_cat":[33],"product_tag":[],"class_list":{"0":"post-16022","1":"product","2":"type-product","3":"status-publish","4":"has-post-thumbnail","6":"product_cat-care-cleaning","7":"entry","9":"first","10":"instock","11":"taxable","12":"shipping-taxable","13":"purchasable","14":"product-type-simple"},"yoast_head":"<!-- This site is optimized with the Yoast SEO plugin v27.5 - https:\/\/yoast.com\/product\/yoast-seo-wordpress\/ -->\n<title>Starterkit - Solbio<\/title>\n<meta name=\"robots\" content=\"index, follow, max-snippet:-1, max-image-preview:large, max-video-preview:-1\" \/>\n<link rel=\"canonical\" href=\"https:\/\/getsolbio.com\/fr\/produit\/starterkit\/\" \/>\n<meta property=\"og:locale\" content=\"fr_FR\" \/>\n<meta property=\"og:type\" content=\"article\" \/>\n<meta property=\"og:title\" content=\"Starterkit - Solbio\" \/>\n<meta property=\"og:description\" content=\"Solbio StarterKit bestaat uit: 1 x 10L Emmer, transparent 1 x 0,8L Solbio Original 4 in 1 voor 20 toepassingen. Dankzij de 4 in 1 formule dient Solbio Original als toevoeging voor de hoftank, als toevoeging voor de spoelwatertank voor het toilet, als basisreiniger voor de fecale en grijswatertank, en als geuronderdrukker voor tussendoor. 1 [&hellip;]\" \/>\n<meta property=\"og:url\" content=\"https:\/\/getsolbio.com\/fr\/produit\/starterkit\/\" \/>\n<meta property=\"og:site_name\" content=\"Solbio\" \/>\n<meta property=\"article:publisher\" content=\"https:\/\/www.facebook.com\/getsolbio\/\" \/>\n<meta property=\"article:modified_time\" content=\"2026-05-12T11:11:51+00:00\" \/>\n<meta property=\"og:image\" content=\"https:\/\/getsolbio.com\/wp-content\/uploads\/2025\/05\/box-front-small.png\" \/>\n\t<meta property=\"og:image:width\" content=\"972\" \/>\n\t<meta property=\"og:image:height\" content=\"972\" \/>\n\t<meta property=\"og:image:type\" content=\"image\/png\" \/>\n<meta name=\"twitter:card\" content=\"summary_large_image\" \/>\n<script type=\"application\/ld+json\" class=\"yoast-schema-graph\">{\"@context\":\"https:\\\/\\\/schema.org\",\"@graph\":[{\"@type\":\"WebPage\",\"@id\":\"https:\\\/\\\/getsolbio.com\\\/product\\\/starterkit\\\/\",\"url\":\"https:\\\/\\\/getsolbio.com\\\/product\\\/starterkit\\\/\",\"name\":\"Starterkit - Solbio\",\"isPartOf\":{\"@id\":\"https:\\\/\\\/getsolbio.com\\\/#website\"},\"primaryImageOfPage\":{\"@id\":\"https:\\\/\\\/getsolbio.com\\\/product\\\/starterkit\\\/#primaryimage\"},\"image\":{\"@id\":\"https:\\\/\\\/getsolbio.com\\\/product\\\/starterkit\\\/#primaryimage\"},\"thumbnailUrl\":\"https:\\\/\\\/getsolbio.com\\\/wp-content\\\/uploads\\\/2025\\\/05\\\/box-front-small.png\",\"datePublished\":\"2025-01-13T10:04:23+00:00\",\"dateModified\":\"2026-05-12T11:11:51+00:00\",\"breadcrumb\":{\"@id\":\"https:\\\/\\\/getsolbio.com\\\/product\\\/starterkit\\\/#breadcrumb\"},\"inLanguage\":\"fr-FR\",\"potentialAction\":[{\"@type\":\"ReadAction\",\"target\":[\"https:\\\/\\\/getsolbio.com\\\/product\\\/starterkit\\\/\"]}]},{\"@type\":\"ImageObject\",\"inLanguage\":\"fr-FR\",\"@id\":\"https:\\\/\\\/getsolbio.com\\\/product\\\/starterkit\\\/#primaryimage\",\"url\":\"https:\\\/\\\/getsolbio.com\\\/wp-content\\\/uploads\\\/2025\\\/05\\\/box-front-small.png\",\"contentUrl\":\"https:\\\/\\\/getsolbio.com\\\/wp-content\\\/uploads\\\/2025\\\/05\\\/box-front-small.png\",\"width\":972,\"height\":972},{\"@type\":\"BreadcrumbList\",\"@id\":\"https:\\\/\\\/getsolbio.com\\\/product\\\/starterkit\\\/#breadcrumb\",\"itemListElement\":[{\"@type\":\"ListItem\",\"position\":1,\"name\":\"Home\",\"item\":\"https:\\\/\\\/getsolbio.com\\\/\"},{\"@type\":\"ListItem\",\"position\":2,\"name\":\"Winkel\",\"item\":\"https:\\\/\\\/getsolbio.com\\\/winkel\\\/\"},{\"@type\":\"ListItem\",\"position\":3,\"name\":\"Care &amp; Cleaning\",\"item\":\"https:\\\/\\\/getsolbio.com\\\/es\\\/categoria-producto\\\/care-cleaning\\\/\"},{\"@type\":\"ListItem\",\"position\":4,\"name\":\"Starterkit\"}]},{\"@type\":\"WebSite\",\"@id\":\"https:\\\/\\\/getsolbio.com\\\/#website\",\"url\":\"https:\\\/\\\/getsolbio.com\\\/\",\"name\":\"Getsolbio\",\"description\":\"Take the green road\",\"publisher\":{\"@id\":\"https:\\\/\\\/getsolbio.com\\\/#organization\"},\"potentialAction\":[{\"@type\":\"SearchAction\",\"target\":{\"@type\":\"EntryPoint\",\"urlTemplate\":\"https:\\\/\\\/getsolbio.com\\\/?s={search_term_string}\"},\"query-input\":{\"@type\":\"PropertyValueSpecification\",\"valueRequired\":true,\"valueName\":\"search_term_string\"}}],\"inLanguage\":\"fr-FR\"},{\"@type\":\"Organization\",\"@id\":\"https:\\\/\\\/getsolbio.com\\\/#organization\",\"name\":\"Getsolbio\",\"url\":\"https:\\\/\\\/getsolbio.com\\\/\",\"logo\":{\"@type\":\"ImageObject\",\"inLanguage\":\"fr-FR\",\"@id\":\"https:\\\/\\\/getsolbio.com\\\/#\\\/schema\\\/logo\\\/image\\\/\",\"url\":\"https:\\\/\\\/getsolbio.com\\\/wp-content\\\/uploads\\\/2025\\\/02\\\/solbio-logo-website.png\",\"contentUrl\":\"https:\\\/\\\/getsolbio.com\\\/wp-content\\\/uploads\\\/2025\\\/02\\\/solbio-logo-website.png\",\"width\":110,\"height\":111,\"caption\":\"Getsolbio\"},\"image\":{\"@id\":\"https:\\\/\\\/getsolbio.com\\\/#\\\/schema\\\/logo\\\/image\\\/\"},\"sameAs\":[\"https:\\\/\\\/www.facebook.com\\\/getsolbio\\\/\",\"https:\\\/\\\/www.instagram.com\\\/solbio\\\/\",\"https:\\\/\\\/www.linkedin.com\\\/company\\\/solbio\\\/\"]}]}<\/script>\n<!-- \/ Yoast SEO plugin. -->","yoast_head_json":{"title":"Starterkit - Solbio","robots":{"index":"index","follow":"follow","max-snippet":"max-snippet:-1","max-image-preview":"max-image-preview:large","max-video-preview":"max-video-preview:-1"},"canonical":"https:\/\/getsolbio.com\/fr\/produit\/starterkit\/","og_locale":"fr_FR","og_type":"article","og_title":"Starterkit - Solbio","og_description":"Solbio StarterKit bestaat uit: 1 x 10L Emmer, transparent 1 x 0,8L Solbio Original 4 in 1 voor 20 toepassingen. Dankzij de 4 in 1 formule dient Solbio Original als toevoeging voor de hoftank, als toevoeging voor de spoelwatertank voor het toilet, als basisreiniger voor de fecale en grijswatertank, en als geuronderdrukker voor tussendoor. 1 [&hellip;]","og_url":"https:\/\/getsolbio.com\/fr\/produit\/starterkit\/","og_site_name":"Solbio","article_publisher":"https:\/\/www.facebook.com\/getsolbio\/","article_modified_time":"2026-05-12T11:11:51+00:00","og_image":[{"width":972,"height":972,"url":"https:\/\/getsolbio.com\/wp-content\/uploads\/2025\/05\/box-front-small.png","type":"image\/png"}],"twitter_card":"summary_large_image","schema":{"@context":"https:\/\/schema.org","@graph":[{"@type":"WebPage","@id":"https:\/\/getsolbio.com\/product\/starterkit\/","url":"https:\/\/getsolbio.com\/product\/starterkit\/","name":"Starterkit - Solbio","isPartOf":{"@id":"https:\/\/getsolbio.com\/#website"},"primaryImageOfPage":{"@id":"https:\/\/getsolbio.com\/product\/starterkit\/#primaryimage"},"image":{"@id":"https:\/\/getsolbio.com\/product\/starterkit\/#primaryimage"},"thumbnailUrl":"https:\/\/getsolbio.com\/wp-content\/uploads\/2025\/05\/box-front-small.png","datePublished":"2025-01-13T10:04:23+00:00","dateModified":"2026-05-12T11:11:51+00:00","breadcrumb":{"@id":"https:\/\/getsolbio.com\/product\/starterkit\/#breadcrumb"},"inLanguage":"fr-FR","potentialAction":[{"@type":"ReadAction","target":["https:\/\/getsolbio.com\/product\/starterkit\/"]}]},{"@type":"ImageObject","inLanguage":"fr-FR","@id":"https:\/\/getsolbio.com\/product\/starterkit\/#primaryimage","url":"https:\/\/getsolbio.com\/wp-content\/uploads\/2025\/05\/box-front-small.png","contentUrl":"https:\/\/getsolbio.com\/wp-content\/uploads\/2025\/05\/box-front-small.png","width":972,"height":972},{"@type":"BreadcrumbList","@id":"https:\/\/getsolbio.com\/product\/starterkit\/#breadcrumb","itemListElement":[{"@type":"ListItem","position":1,"name":"Home","item":"https:\/\/getsolbio.com\/"},{"@type":"ListItem","position":2,"name":"Winkel","item":"https:\/\/getsolbio.com\/winkel\/"},{"@type":"ListItem","position":3,"name":"Care &amp; Cleaning","item":"https:\/\/getsolbio.com\/es\/categoria-producto\/care-cleaning\/"},{"@type":"ListItem","position":4,"name":"Starterkit"}]},{"@type":"WebSite","@id":"https:\/\/getsolbio.com\/#website","url":"https:\/\/getsolbio.com\/","name":"Getsolbio","description":"Take the green road","publisher":{"@id":"https:\/\/getsolbio.com\/#organization"},"potentialAction":[{"@type":"SearchAction","target":{"@type":"EntryPoint","urlTemplate":"https:\/\/getsolbio.com\/?s={search_term_string}"},"query-input":{"@type":"PropertyValueSpecification","valueRequired":true,"valueName":"search_term_string"}}],"inLanguage":"fr-FR"},{"@type":"Organization","@id":"https:\/\/getsolbio.com\/#organization","name":"Getsolbio","url":"https:\/\/getsolbio.com\/","logo":{"@type":"ImageObject","inLanguage":"fr-FR","@id":"https:\/\/getsolbio.com\/#\/schema\/logo\/image\/","url":"https:\/\/getsolbio.com\/wp-content\/uploads\/2025\/02\/solbio-logo-website.png","contentUrl":"https:\/\/getsolbio.com\/wp-content\/uploads\/2025\/02\/solbio-logo-website.png","width":110,"height":111,"caption":"Getsolbio"},"image":{"@id":"https:\/\/getsolbio.com\/#\/schema\/logo\/image\/"},"sameAs":["https:\/\/www.facebook.com\/getsolbio\/","https:\/\/www.instagram.com\/solbio\/","https:\/\/www.linkedin.com\/company\/solbio\/"]}]}},"_links":{"self":[{"href":"https:\/\/getsolbio.com\/fr\/wp-json\/wp\/v2\/product\/16022","targetHints":{"allow":["GET"]}}],"collection":[{"href":"https:\/\/getsolbio.com\/fr\/wp-json\/wp\/v2\/product"}],"about":[{"href":"https:\/\/getsolbio.com\/fr\/wp-json\/wp\/v2\/types\/product"}],"replies":[{"embeddable":true,"href":"https:\/\/getsolbio.com\/fr\/wp-json\/wp\/v2\/comments?post=16022"}],"wp:featuredmedia":[{"embeddable":true,"href":"https:\/\/getsolbio.com\/fr\/wp-json\/wp\/v2\/media\/16024"}],"wp:attachment":[{"href":"https:\/\/getsolbio.com\/fr\/wp-json\/wp\/v2\/media?parent=16022"}],"wp:term":[{"taxonomy":"product_brand","embeddable":true,"href":"https:\/\/getsolbio.com\/fr\/wp-json\/wp\/v2\/product_brand?post=16022"},{"taxonomy":"product_cat","embeddable":true,"href":"https:\/\/getsolbio.com\/fr\/wp-json\/wp\/v2\/product_cat?post=16022"},{"taxonomy":"product_tag","embeddable":true,"href":"https:\/\/getsolbio.com\/fr\/wp-json\/wp\/v2\/product_tag?post=16022"}],"curies":[{"name":"wp","href":"https:\/\/api.w.org\/{rel}","templated":true}]}}