{"id":16142,"date":"2025-01-21T12:41:37","date_gmt":"2025-01-21T11:41:37","guid":{"rendered":"https:\/\/getsolbio.com\/?post_type=product&#038;p=16142"},"modified":"2026-04-22T10:55:00","modified_gmt":"2026-04-22T08:55:00","slug":"compost-toilet","status":"publish","type":"product","link":"https:\/\/getsolbio.com\/fr\/product\/compost-toilet\/","title":{"rendered":"Nettoyant &amp; Rafra\u00eechisseur pour toilettes \u00e0 compost"},"content":{"rendered":"<p data-start=\"279\" data-end=\"320\"><strong data-start=\"279\" data-end=\"318\">Fra\u00eecheur naturelle \u2013 o\u00f9 que vous soyez.<\/strong><\/p>\n<p data-start=\"322\" data-end=\"574\">Ce <strong data-start=\"327\" data-end=\"353\">nettoyant et rafra\u00eechisseur<\/strong> a \u00e9t\u00e9 sp\u00e9cialement con\u00e7u pour les toilettes \u00e0 compost et les toilettes s\u00e8ches. Sa formule 100\u202f% v\u00e9g\u00e9tale neutralise les odeurs de mani\u00e8re naturelle, sans produits chimiques agressifs.<\/p>\n<p data-start=\"576\" data-end=\"687\">Facile \u00e0 utiliser gr\u00e2ce \u00e0 son flacon pulv\u00e9risateur pratique \u2013 id\u00e9al \u00e0 la maison comme en voyage.<\/p>\n<ul>\n<li data-start=\"689\" data-end=\"892\">Ingr\u00e9dients d\u2019origine naturelle<\/li>\n<li data-start=\"689\" data-end=\"892\">Sans produits chimiques<\/li>\n<li data-start=\"689\" data-end=\"892\">Convient aux toilettes \u00e0 compost et toilettes s\u00e8ches<\/li>\n<li data-start=\"689\" data-end=\"892\">V\u00e9gan &amp; biod\u00e9gradable<\/li>\n<li data-start=\"689\" data-end=\"892\">Pr\u00eat \u00e0 l\u2019emploi dans un spray pratique<\/li>\n<\/ul>","protected":false},"excerpt":{"rendered":"<p>Krachtige reiniger en verfrisser voor<br \/>\ncomposttoiletten. 100% natuurlijk en<br \/>\nbiologisch afbreekbaar. Verwijdert effectief<br \/>\nvuil en geuren.<\/p>","protected":false},"featured_media":16668,"comment_status":"open","ping_status":"closed","template":"","meta":{"inline_featured_image":false,"_genesis_hide_title":false,"_genesis_hide_breadcrumbs":false,"_genesis_hide_singular_image":false,"_genesis_hide_footer_widgets":false,"_genesis_custom_body_class":"","_genesis_custom_post_class":"","_genesis_layout":""},"product_brand":[],"product_cat":[33],"product_tag":[],"class_list":{"0":"post-16142","1":"product","2":"type-product","3":"status-publish","4":"has-post-thumbnail","6":"product_cat-care-cleaning","7":"entry","9":"first","10":"instock","11":"taxable","12":"shipping-taxable","13":"purchasable","14":"product-type-simple"},"yoast_head":"<!-- This site is optimized with the Yoast SEO plugin v27.4 - https:\/\/yoast.com\/product\/yoast-seo-wordpress\/ -->\n<title>Reiniger en Verfrisser voor Composttoiletten - Solbio<\/title>\n<meta name=\"robots\" content=\"index, follow, max-snippet:-1, max-image-preview:large, max-video-preview:-1\" \/>\n<link rel=\"canonical\" href=\"https:\/\/getsolbio.com\/fr\/produit\/compost-toilet\/\" \/>\n<meta property=\"og:locale\" content=\"fr_FR\" \/>\n<meta property=\"og:type\" content=\"article\" \/>\n<meta property=\"og:title\" content=\"Reiniger en Verfrisser voor Composttoiletten - Solbio\" \/>\n<meta property=\"og:description\" content=\"Krachtige reiniger en verfrisser voor composttoiletten. 100% natuurlijk en biologisch afbreekbaar. Verwijdert effectief vuil en geuren.\" \/>\n<meta property=\"og:url\" content=\"https:\/\/getsolbio.com\/fr\/produit\/compost-toilet\/\" \/>\n<meta property=\"og:site_name\" content=\"Solbio\" \/>\n<meta property=\"article:publisher\" content=\"https:\/\/www.facebook.com\/getsolbio\/\" \/>\n<meta property=\"article:modified_time\" content=\"2026-04-22T08:55:00+00:00\" \/>\n<meta property=\"og:image\" content=\"https:\/\/getsolbio.com\/wp-content\/uploads\/2025\/06\/compost-EN_DE_FR_NL-website-322x759px.png\" \/>\n\t<meta property=\"og:image:width\" content=\"322\" \/>\n\t<meta property=\"og:image:height\" content=\"759\" \/>\n\t<meta property=\"og:image:type\" content=\"image\/png\" \/>\n<meta name=\"twitter:card\" content=\"summary_large_image\" \/>\n<script type=\"application\/ld+json\" class=\"yoast-schema-graph\">{\"@context\":\"https:\\\/\\\/schema.org\",\"@graph\":[{\"@type\":\"WebPage\",\"@id\":\"https:\\\/\\\/getsolbio.com\\\/product\\\/compost-toilet\\\/\",\"url\":\"https:\\\/\\\/getsolbio.com\\\/product\\\/compost-toilet\\\/\",\"name\":\"Reiniger en Verfrisser voor Composttoiletten - Solbio\",\"isPartOf\":{\"@id\":\"https:\\\/\\\/getsolbio.com\\\/#website\"},\"primaryImageOfPage\":{\"@id\":\"https:\\\/\\\/getsolbio.com\\\/product\\\/compost-toilet\\\/#primaryimage\"},\"image\":{\"@id\":\"https:\\\/\\\/getsolbio.com\\\/product\\\/compost-toilet\\\/#primaryimage\"},\"thumbnailUrl\":\"https:\\\/\\\/getsolbio.com\\\/wp-content\\\/uploads\\\/2025\\\/06\\\/compost-EN_DE_FR_NL-website-322x759px.png\",\"datePublished\":\"2025-01-21T11:41:37+00:00\",\"dateModified\":\"2026-04-22T08:55:00+00:00\",\"breadcrumb\":{\"@id\":\"https:\\\/\\\/getsolbio.com\\\/product\\\/compost-toilet\\\/#breadcrumb\"},\"inLanguage\":\"fr-FR\",\"potentialAction\":[{\"@type\":\"ReadAction\",\"target\":[\"https:\\\/\\\/getsolbio.com\\\/product\\\/compost-toilet\\\/\"]}]},{\"@type\":\"ImageObject\",\"inLanguage\":\"fr-FR\",\"@id\":\"https:\\\/\\\/getsolbio.com\\\/product\\\/compost-toilet\\\/#primaryimage\",\"url\":\"https:\\\/\\\/getsolbio.com\\\/wp-content\\\/uploads\\\/2025\\\/06\\\/compost-EN_DE_FR_NL-website-322x759px.png\",\"contentUrl\":\"https:\\\/\\\/getsolbio.com\\\/wp-content\\\/uploads\\\/2025\\\/06\\\/compost-EN_DE_FR_NL-website-322x759px.png\",\"width\":322,\"height\":759},{\"@type\":\"BreadcrumbList\",\"@id\":\"https:\\\/\\\/getsolbio.com\\\/product\\\/compost-toilet\\\/#breadcrumb\",\"itemListElement\":[{\"@type\":\"ListItem\",\"position\":1,\"name\":\"Home\",\"item\":\"https:\\\/\\\/getsolbio.com\\\/\"},{\"@type\":\"ListItem\",\"position\":2,\"name\":\"Winkel\",\"item\":\"https:\\\/\\\/getsolbio.com\\\/winkel\\\/\"},{\"@type\":\"ListItem\",\"position\":3,\"name\":\"Care &amp; Cleaning\",\"item\":\"https:\\\/\\\/getsolbio.com\\\/es\\\/categoria-producto\\\/care-cleaning\\\/\"},{\"@type\":\"ListItem\",\"position\":4,\"name\":\"Reiniger en Verfrisser voor Composttoiletten\"}]},{\"@type\":\"WebSite\",\"@id\":\"https:\\\/\\\/getsolbio.com\\\/#website\",\"url\":\"https:\\\/\\\/getsolbio.com\\\/\",\"name\":\"Getsolbio\",\"description\":\"Take the green road\",\"publisher\":{\"@id\":\"https:\\\/\\\/getsolbio.com\\\/#organization\"},\"potentialAction\":[{\"@type\":\"SearchAction\",\"target\":{\"@type\":\"EntryPoint\",\"urlTemplate\":\"https:\\\/\\\/getsolbio.com\\\/?s={search_term_string}\"},\"query-input\":{\"@type\":\"PropertyValueSpecification\",\"valueRequired\":true,\"valueName\":\"search_term_string\"}}],\"inLanguage\":\"fr-FR\"},{\"@type\":\"Organization\",\"@id\":\"https:\\\/\\\/getsolbio.com\\\/#organization\",\"name\":\"Getsolbio\",\"url\":\"https:\\\/\\\/getsolbio.com\\\/\",\"logo\":{\"@type\":\"ImageObject\",\"inLanguage\":\"fr-FR\",\"@id\":\"https:\\\/\\\/getsolbio.com\\\/#\\\/schema\\\/logo\\\/image\\\/\",\"url\":\"https:\\\/\\\/getsolbio.com\\\/wp-content\\\/uploads\\\/2025\\\/02\\\/solbio-logo-website.png\",\"contentUrl\":\"https:\\\/\\\/getsolbio.com\\\/wp-content\\\/uploads\\\/2025\\\/02\\\/solbio-logo-website.png\",\"width\":110,\"height\":111,\"caption\":\"Getsolbio\"},\"image\":{\"@id\":\"https:\\\/\\\/getsolbio.com\\\/#\\\/schema\\\/logo\\\/image\\\/\"},\"sameAs\":[\"https:\\\/\\\/www.facebook.com\\\/getsolbio\\\/\",\"https:\\\/\\\/www.instagram.com\\\/solbio\\\/\",\"https:\\\/\\\/www.linkedin.com\\\/company\\\/solbio\\\/\"]}]}<\/script>\n<!-- \/ Yoast SEO plugin. -->","yoast_head_json":{"title":"Reiniger en Verfrisser voor Composttoiletten - Solbio","robots":{"index":"index","follow":"follow","max-snippet":"max-snippet:-1","max-image-preview":"max-image-preview:large","max-video-preview":"max-video-preview:-1"},"canonical":"https:\/\/getsolbio.com\/fr\/produit\/compost-toilet\/","og_locale":"fr_FR","og_type":"article","og_title":"Reiniger en Verfrisser voor Composttoiletten - Solbio","og_description":"Krachtige reiniger en verfrisser voor composttoiletten. 100% natuurlijk en biologisch afbreekbaar. Verwijdert effectief vuil en geuren.","og_url":"https:\/\/getsolbio.com\/fr\/produit\/compost-toilet\/","og_site_name":"Solbio","article_publisher":"https:\/\/www.facebook.com\/getsolbio\/","article_modified_time":"2026-04-22T08:55:00+00:00","og_image":[{"width":322,"height":759,"url":"https:\/\/getsolbio.com\/wp-content\/uploads\/2025\/06\/compost-EN_DE_FR_NL-website-322x759px.png","type":"image\/png"}],"twitter_card":"summary_large_image","schema":{"@context":"https:\/\/schema.org","@graph":[{"@type":"WebPage","@id":"https:\/\/getsolbio.com\/product\/compost-toilet\/","url":"https:\/\/getsolbio.com\/product\/compost-toilet\/","name":"Reiniger en Verfrisser voor Composttoiletten - Solbio","isPartOf":{"@id":"https:\/\/getsolbio.com\/#website"},"primaryImageOfPage":{"@id":"https:\/\/getsolbio.com\/product\/compost-toilet\/#primaryimage"},"image":{"@id":"https:\/\/getsolbio.com\/product\/compost-toilet\/#primaryimage"},"thumbnailUrl":"https:\/\/getsolbio.com\/wp-content\/uploads\/2025\/06\/compost-EN_DE_FR_NL-website-322x759px.png","datePublished":"2025-01-21T11:41:37+00:00","dateModified":"2026-04-22T08:55:00+00:00","breadcrumb":{"@id":"https:\/\/getsolbio.com\/product\/compost-toilet\/#breadcrumb"},"inLanguage":"fr-FR","potentialAction":[{"@type":"ReadAction","target":["https:\/\/getsolbio.com\/product\/compost-toilet\/"]}]},{"@type":"ImageObject","inLanguage":"fr-FR","@id":"https:\/\/getsolbio.com\/product\/compost-toilet\/#primaryimage","url":"https:\/\/getsolbio.com\/wp-content\/uploads\/2025\/06\/compost-EN_DE_FR_NL-website-322x759px.png","contentUrl":"https:\/\/getsolbio.com\/wp-content\/uploads\/2025\/06\/compost-EN_DE_FR_NL-website-322x759px.png","width":322,"height":759},{"@type":"BreadcrumbList","@id":"https:\/\/getsolbio.com\/product\/compost-toilet\/#breadcrumb","itemListElement":[{"@type":"ListItem","position":1,"name":"Home","item":"https:\/\/getsolbio.com\/"},{"@type":"ListItem","position":2,"name":"Winkel","item":"https:\/\/getsolbio.com\/winkel\/"},{"@type":"ListItem","position":3,"name":"Care &amp; Cleaning","item":"https:\/\/getsolbio.com\/es\/categoria-producto\/care-cleaning\/"},{"@type":"ListItem","position":4,"name":"Reiniger en Verfrisser voor Composttoiletten"}]},{"@type":"WebSite","@id":"https:\/\/getsolbio.com\/#website","url":"https:\/\/getsolbio.com\/","name":"Getsolbio","description":"Take the green road","publisher":{"@id":"https:\/\/getsolbio.com\/#organization"},"potentialAction":[{"@type":"SearchAction","target":{"@type":"EntryPoint","urlTemplate":"https:\/\/getsolbio.com\/?s={search_term_string}"},"query-input":{"@type":"PropertyValueSpecification","valueRequired":true,"valueName":"search_term_string"}}],"inLanguage":"fr-FR"},{"@type":"Organization","@id":"https:\/\/getsolbio.com\/#organization","name":"Getsolbio","url":"https:\/\/getsolbio.com\/","logo":{"@type":"ImageObject","inLanguage":"fr-FR","@id":"https:\/\/getsolbio.com\/#\/schema\/logo\/image\/","url":"https:\/\/getsolbio.com\/wp-content\/uploads\/2025\/02\/solbio-logo-website.png","contentUrl":"https:\/\/getsolbio.com\/wp-content\/uploads\/2025\/02\/solbio-logo-website.png","width":110,"height":111,"caption":"Getsolbio"},"image":{"@id":"https:\/\/getsolbio.com\/#\/schema\/logo\/image\/"},"sameAs":["https:\/\/www.facebook.com\/getsolbio\/","https:\/\/www.instagram.com\/solbio\/","https:\/\/www.linkedin.com\/company\/solbio\/"]}]}},"_links":{"self":[{"href":"https:\/\/getsolbio.com\/fr\/wp-json\/wp\/v2\/product\/16142","targetHints":{"allow":["GET"]}}],"collection":[{"href":"https:\/\/getsolbio.com\/fr\/wp-json\/wp\/v2\/product"}],"about":[{"href":"https:\/\/getsolbio.com\/fr\/wp-json\/wp\/v2\/types\/product"}],"replies":[{"embeddable":true,"href":"https:\/\/getsolbio.com\/fr\/wp-json\/wp\/v2\/comments?post=16142"}],"wp:featuredmedia":[{"embeddable":true,"href":"https:\/\/getsolbio.com\/fr\/wp-json\/wp\/v2\/media\/16668"}],"wp:attachment":[{"href":"https:\/\/getsolbio.com\/fr\/wp-json\/wp\/v2\/media?parent=16142"}],"wp:term":[{"taxonomy":"product_brand","embeddable":true,"href":"https:\/\/getsolbio.com\/fr\/wp-json\/wp\/v2\/product_brand?post=16142"},{"taxonomy":"product_cat","embeddable":true,"href":"https:\/\/getsolbio.com\/fr\/wp-json\/wp\/v2\/product_cat?post=16142"},{"taxonomy":"product_tag","embeddable":true,"href":"https:\/\/getsolbio.com\/fr\/wp-json\/wp\/v2\/product_tag?post=16142"}],"curies":[{"name":"wp","href":"https:\/\/api.w.org\/{rel}","templated":true}]}}