{"id":17405,"date":"2025-08-29T10:00:50","date_gmt":"2025-08-29T08:00:50","guid":{"rendered":"https:\/\/getsolbio.com\/?post_type=product&#038;p=17405"},"modified":"2026-04-21T04:05:12","modified_gmt":"2026-04-21T02:05:12","slug":"botanic","status":"publish","type":"product","link":"https:\/\/getsolbio.com\/fr\/product\/botanic\/","title":{"rendered":"Botanic &#8211; Limited Edition &#8211;"},"content":{"rendered":"<p><strong>Vous ne campez que rarement ou occasionnellement ?<\/strong><br \/>\n<strong>Voyagez durablement avec notre Solbio Botanic frais \u00e0 partir de 0,32 \u20ac\/jour.<\/strong><\/p>\n<ul>\n<li>0,8 litre de liquide sanitaire<\/li>\n<li>20 doses<\/li>\n<li>Id\u00e9al pour deux mois de camping (avec un r\u00e9servoir standard de 20 litres)<\/li>\n<li>Ingr\u00e9dients 100 % naturels<\/li>\n<li>100 % biod\u00e9gradable<\/li>\n<li>Ruikt naar wilde kruiden en wilde bloemen<\/li>\n<li>D\u00e9compose les d\u00e9chets et le papier hygi\u00e9nique<\/li>\n<li>Autonettoyant pour r\u00e9servoir de toilettes<\/li>\n<li>Changement tous les trois jours<\/li>\n<li>Jetable en toute s\u00e9curit\u00e9 dans des toilettes<\/li>\n<li><strong>Gr\u00e2ce \u00e0 la formule 4 en 1, elle peut \u00e9galement \u00eatre utilis\u00e9e dans votre r\u00e9servoir d'eaux grises et noires - en tant que nettoyage de base ou pr\u00e9ventif des odeurs.<\/strong><\/li>\n<\/ul>","protected":false},"excerpt":{"rendered":"<p><strong>Vous ne campez que rarement ou occasionnellement ?<\/strong><br \/>\nReis ecologisch met onze kleinste Solbio\u00a0 vanaf 0,32 euro\/dag.<\/p>","protected":false},"featured_media":17406,"comment_status":"closed","ping_status":"closed","template":"","meta":{"inline_featured_image":false,"_genesis_hide_title":false,"_genesis_hide_breadcrumbs":false,"_genesis_hide_singular_image":false,"_genesis_hide_footer_widgets":false,"_genesis_custom_body_class":"","_genesis_custom_post_class":"","_genesis_layout":""},"product_brand":[],"product_cat":[33,15,28],"product_tag":[78,31,32],"class_list":{"0":"post-17405","1":"product","2":"type-product","3":"status-publish","4":"has-post-thumbnail","6":"product_cat-care-cleaning","7":"product_cat-other","8":"product_cat-toiletfluid","9":"product_tag-herbal","10":"product_tag-pouch","11":"product_tag-solbio","12":"entry","14":"first","15":"instock","16":"taxable","17":"shipping-taxable","18":"purchasable","19":"product-type-simple"},"yoast_head":"<!-- This site is optimized with the Yoast SEO plugin v27.4 - https:\/\/yoast.com\/product\/yoast-seo-wordpress\/ -->\n<title>Botanic - Limited Edition - Solbio<\/title>\n<meta name=\"robots\" content=\"index, follow, max-snippet:-1, max-image-preview:large, max-video-preview:-1\" \/>\n<link rel=\"canonical\" href=\"https:\/\/getsolbio.com\/fr\/produit\/botanic\/\" \/>\n<meta property=\"og:locale\" content=\"fr_FR\" \/>\n<meta property=\"og:type\" content=\"article\" \/>\n<meta property=\"og:title\" content=\"Botanic - Limited Edition - Solbio\" \/>\n<meta property=\"og:description\" content=\"Ben je een compacte of sporadische kampeerder? Reis ecologisch met onze kleinste Solbio\u00a0 vanaf 0,32 euro\/dag.\" \/>\n<meta property=\"og:url\" content=\"https:\/\/getsolbio.com\/fr\/produit\/botanic\/\" \/>\n<meta property=\"og:site_name\" content=\"Solbio\" \/>\n<meta property=\"article:publisher\" content=\"https:\/\/www.facebook.com\/getsolbio\/\" \/>\n<meta property=\"article:modified_time\" content=\"2026-04-21T02:05:12+00:00\" \/>\n<meta property=\"og:image\" content=\"https:\/\/getsolbio.com\/wp-content\/uploads\/2025\/08\/mockupSOLBIO_800ml_cu_sticker_Botanic_smart_object-699x1024.png\" \/>\n\t<meta property=\"og:image:width\" content=\"699\" \/>\n\t<meta property=\"og:image:height\" content=\"1024\" \/>\n\t<meta property=\"og:image:type\" content=\"image\/png\" \/>\n<meta name=\"twitter:card\" content=\"summary_large_image\" \/>\n<script type=\"application\/ld+json\" class=\"yoast-schema-graph\">{\"@context\":\"https:\\\/\\\/schema.org\",\"@graph\":[{\"@type\":\"WebPage\",\"@id\":\"https:\\\/\\\/getsolbio.com\\\/product\\\/botanic\\\/\",\"url\":\"https:\\\/\\\/getsolbio.com\\\/product\\\/botanic\\\/\",\"name\":\"Botanic - Limited Edition - Solbio\",\"isPartOf\":{\"@id\":\"https:\\\/\\\/getsolbio.com\\\/#website\"},\"primaryImageOfPage\":{\"@id\":\"https:\\\/\\\/getsolbio.com\\\/product\\\/botanic\\\/#primaryimage\"},\"image\":{\"@id\":\"https:\\\/\\\/getsolbio.com\\\/product\\\/botanic\\\/#primaryimage\"},\"thumbnailUrl\":\"https:\\\/\\\/getsolbio.com\\\/wp-content\\\/uploads\\\/2025\\\/08\\\/mockupSOLBIO_800ml_cu_sticker_Botanic_smart_object.png\",\"datePublished\":\"2025-08-29T08:00:50+00:00\",\"dateModified\":\"2026-04-21T02:05:12+00:00\",\"breadcrumb\":{\"@id\":\"https:\\\/\\\/getsolbio.com\\\/product\\\/botanic\\\/#breadcrumb\"},\"inLanguage\":\"fr-FR\",\"potentialAction\":[{\"@type\":\"ReadAction\",\"target\":[\"https:\\\/\\\/getsolbio.com\\\/product\\\/botanic\\\/\"]}]},{\"@type\":\"ImageObject\",\"inLanguage\":\"fr-FR\",\"@id\":\"https:\\\/\\\/getsolbio.com\\\/product\\\/botanic\\\/#primaryimage\",\"url\":\"https:\\\/\\\/getsolbio.com\\\/wp-content\\\/uploads\\\/2025\\\/08\\\/mockupSOLBIO_800ml_cu_sticker_Botanic_smart_object.png\",\"contentUrl\":\"https:\\\/\\\/getsolbio.com\\\/wp-content\\\/uploads\\\/2025\\\/08\\\/mockupSOLBIO_800ml_cu_sticker_Botanic_smart_object.png\",\"width\":1318,\"height\":1930},{\"@type\":\"BreadcrumbList\",\"@id\":\"https:\\\/\\\/getsolbio.com\\\/product\\\/botanic\\\/#breadcrumb\",\"itemListElement\":[{\"@type\":\"ListItem\",\"position\":1,\"name\":\"Home\",\"item\":\"https:\\\/\\\/getsolbio.com\\\/\"},{\"@type\":\"ListItem\",\"position\":2,\"name\":\"Winkel\",\"item\":\"https:\\\/\\\/getsolbio.com\\\/winkel\\\/\"},{\"@type\":\"ListItem\",\"position\":3,\"name\":\"Toiletfluid\",\"item\":\"https:\\\/\\\/getsolbio.com\\\/product-categorie\\\/toiletfluid\\\/\"},{\"@type\":\"ListItem\",\"position\":4,\"name\":\"Botanic &#8211; Limited Edition &#8211;\"}]},{\"@type\":\"WebSite\",\"@id\":\"https:\\\/\\\/getsolbio.com\\\/#website\",\"url\":\"https:\\\/\\\/getsolbio.com\\\/\",\"name\":\"Getsolbio\",\"description\":\"Take the green road\",\"publisher\":{\"@id\":\"https:\\\/\\\/getsolbio.com\\\/#organization\"},\"potentialAction\":[{\"@type\":\"SearchAction\",\"target\":{\"@type\":\"EntryPoint\",\"urlTemplate\":\"https:\\\/\\\/getsolbio.com\\\/?s={search_term_string}\"},\"query-input\":{\"@type\":\"PropertyValueSpecification\",\"valueRequired\":true,\"valueName\":\"search_term_string\"}}],\"inLanguage\":\"fr-FR\"},{\"@type\":\"Organization\",\"@id\":\"https:\\\/\\\/getsolbio.com\\\/#organization\",\"name\":\"Getsolbio\",\"url\":\"https:\\\/\\\/getsolbio.com\\\/\",\"logo\":{\"@type\":\"ImageObject\",\"inLanguage\":\"fr-FR\",\"@id\":\"https:\\\/\\\/getsolbio.com\\\/#\\\/schema\\\/logo\\\/image\\\/\",\"url\":\"https:\\\/\\\/getsolbio.com\\\/wp-content\\\/uploads\\\/2025\\\/02\\\/solbio-logo-website.png\",\"contentUrl\":\"https:\\\/\\\/getsolbio.com\\\/wp-content\\\/uploads\\\/2025\\\/02\\\/solbio-logo-website.png\",\"width\":110,\"height\":111,\"caption\":\"Getsolbio\"},\"image\":{\"@id\":\"https:\\\/\\\/getsolbio.com\\\/#\\\/schema\\\/logo\\\/image\\\/\"},\"sameAs\":[\"https:\\\/\\\/www.facebook.com\\\/getsolbio\\\/\",\"https:\\\/\\\/www.instagram.com\\\/solbio\\\/\",\"https:\\\/\\\/www.linkedin.com\\\/company\\\/solbio\\\/\"]}]}<\/script>\n<!-- \/ Yoast SEO plugin. -->","yoast_head_json":{"title":"Botanic - Limited Edition - Solbio","robots":{"index":"index","follow":"follow","max-snippet":"max-snippet:-1","max-image-preview":"max-image-preview:large","max-video-preview":"max-video-preview:-1"},"canonical":"https:\/\/getsolbio.com\/fr\/produit\/botanic\/","og_locale":"fr_FR","og_type":"article","og_title":"Botanic - Limited Edition - Solbio","og_description":"Ben je een compacte of sporadische kampeerder? Reis ecologisch met onze kleinste Solbio\u00a0 vanaf 0,32 euro\/dag.","og_url":"https:\/\/getsolbio.com\/fr\/produit\/botanic\/","og_site_name":"Solbio","article_publisher":"https:\/\/www.facebook.com\/getsolbio\/","article_modified_time":"2026-04-21T02:05:12+00:00","og_image":[{"width":699,"height":1024,"url":"https:\/\/getsolbio.com\/wp-content\/uploads\/2025\/08\/mockupSOLBIO_800ml_cu_sticker_Botanic_smart_object-699x1024.png","type":"image\/png"}],"twitter_card":"summary_large_image","schema":{"@context":"https:\/\/schema.org","@graph":[{"@type":"WebPage","@id":"https:\/\/getsolbio.com\/product\/botanic\/","url":"https:\/\/getsolbio.com\/product\/botanic\/","name":"Botanic - Limited Edition - Solbio","isPartOf":{"@id":"https:\/\/getsolbio.com\/#website"},"primaryImageOfPage":{"@id":"https:\/\/getsolbio.com\/product\/botanic\/#primaryimage"},"image":{"@id":"https:\/\/getsolbio.com\/product\/botanic\/#primaryimage"},"thumbnailUrl":"https:\/\/getsolbio.com\/wp-content\/uploads\/2025\/08\/mockupSOLBIO_800ml_cu_sticker_Botanic_smart_object.png","datePublished":"2025-08-29T08:00:50+00:00","dateModified":"2026-04-21T02:05:12+00:00","breadcrumb":{"@id":"https:\/\/getsolbio.com\/product\/botanic\/#breadcrumb"},"inLanguage":"fr-FR","potentialAction":[{"@type":"ReadAction","target":["https:\/\/getsolbio.com\/product\/botanic\/"]}]},{"@type":"ImageObject","inLanguage":"fr-FR","@id":"https:\/\/getsolbio.com\/product\/botanic\/#primaryimage","url":"https:\/\/getsolbio.com\/wp-content\/uploads\/2025\/08\/mockupSOLBIO_800ml_cu_sticker_Botanic_smart_object.png","contentUrl":"https:\/\/getsolbio.com\/wp-content\/uploads\/2025\/08\/mockupSOLBIO_800ml_cu_sticker_Botanic_smart_object.png","width":1318,"height":1930},{"@type":"BreadcrumbList","@id":"https:\/\/getsolbio.com\/product\/botanic\/#breadcrumb","itemListElement":[{"@type":"ListItem","position":1,"name":"Home","item":"https:\/\/getsolbio.com\/"},{"@type":"ListItem","position":2,"name":"Winkel","item":"https:\/\/getsolbio.com\/winkel\/"},{"@type":"ListItem","position":3,"name":"Toiletfluid","item":"https:\/\/getsolbio.com\/product-categorie\/toiletfluid\/"},{"@type":"ListItem","position":4,"name":"Botanic &#8211; Limited Edition &#8211;"}]},{"@type":"WebSite","@id":"https:\/\/getsolbio.com\/#website","url":"https:\/\/getsolbio.com\/","name":"Getsolbio","description":"Take the green road","publisher":{"@id":"https:\/\/getsolbio.com\/#organization"},"potentialAction":[{"@type":"SearchAction","target":{"@type":"EntryPoint","urlTemplate":"https:\/\/getsolbio.com\/?s={search_term_string}"},"query-input":{"@type":"PropertyValueSpecification","valueRequired":true,"valueName":"search_term_string"}}],"inLanguage":"fr-FR"},{"@type":"Organization","@id":"https:\/\/getsolbio.com\/#organization","name":"Getsolbio","url":"https:\/\/getsolbio.com\/","logo":{"@type":"ImageObject","inLanguage":"fr-FR","@id":"https:\/\/getsolbio.com\/#\/schema\/logo\/image\/","url":"https:\/\/getsolbio.com\/wp-content\/uploads\/2025\/02\/solbio-logo-website.png","contentUrl":"https:\/\/getsolbio.com\/wp-content\/uploads\/2025\/02\/solbio-logo-website.png","width":110,"height":111,"caption":"Getsolbio"},"image":{"@id":"https:\/\/getsolbio.com\/#\/schema\/logo\/image\/"},"sameAs":["https:\/\/www.facebook.com\/getsolbio\/","https:\/\/www.instagram.com\/solbio\/","https:\/\/www.linkedin.com\/company\/solbio\/"]}]}},"_links":{"self":[{"href":"https:\/\/getsolbio.com\/fr\/wp-json\/wp\/v2\/product\/17405","targetHints":{"allow":["GET"]}}],"collection":[{"href":"https:\/\/getsolbio.com\/fr\/wp-json\/wp\/v2\/product"}],"about":[{"href":"https:\/\/getsolbio.com\/fr\/wp-json\/wp\/v2\/types\/product"}],"replies":[{"embeddable":true,"href":"https:\/\/getsolbio.com\/fr\/wp-json\/wp\/v2\/comments?post=17405"}],"wp:featuredmedia":[{"embeddable":true,"href":"https:\/\/getsolbio.com\/fr\/wp-json\/wp\/v2\/media\/17406"}],"wp:attachment":[{"href":"https:\/\/getsolbio.com\/fr\/wp-json\/wp\/v2\/media?parent=17405"}],"wp:term":[{"taxonomy":"product_brand","embeddable":true,"href":"https:\/\/getsolbio.com\/fr\/wp-json\/wp\/v2\/product_brand?post=17405"},{"taxonomy":"product_cat","embeddable":true,"href":"https:\/\/getsolbio.com\/fr\/wp-json\/wp\/v2\/product_cat?post=17405"},{"taxonomy":"product_tag","embeddable":true,"href":"https:\/\/getsolbio.com\/fr\/wp-json\/wp\/v2\/product_tag?post=17405"}],"curies":[{"name":"wp","href":"https:\/\/api.w.org\/{rel}","templated":true}]}}