{"id":372,"date":"2024-07-31T00:00:00","date_gmt":"2024-07-30T22:00:00","guid":{"rendered":"https:\/\/getsolbio.com\/product\/original-3l\/"},"modified":"2026-04-19T11:26:52","modified_gmt":"2026-04-19T09:26:52","slug":"original-3l","status":"publish","type":"product","link":"https:\/\/getsolbio.com\/fr\/product\/original-3l\/","title":{"rendered":"Original (225 jours)"},"content":{"rendered":"<p><strong>Voyagez \u00e9cologiquement avec le liquide de toilette frais Solbio Original.<\/strong><br \/>\nVotre exp\u00e9rience des toilettes en camping-car ou en caravane ne sera plus jamais la m\u00eame apr\u00e8s Solbio.<br \/>\nAvec un parfum merveilleusement frais d'eucalyptus, les odeurs d\u00e9sagr\u00e9ables n'ont aucune chance !<\/p>\n<ul>\n<li>3 litre de liquide sanitaire<\/li>\n<li>75 doses<\/li>\n<li>Id\u00e9al pour sept mois de camping (avec un r\u00e9servoir standard de 20 litres)<\/li>\n<li>Ingr\u00e9dients 100 % naturels<\/li>\n<li>100 % biod\u00e9gradable<\/li>\n<li>Parfum d\u2019eucalyptus et de menthe<\/li>\n<li>D\u00e9compose les d\u00e9chets et le papier hygi\u00e9nique<\/li>\n<li>Autonettoyant pour votre r\u00e9servoir de toilettes<\/li>\n<li>Changement tous les trois jours<\/li>\n<li>Jetable en toute s\u00e9curit\u00e9 dans des toilettes<\/li>\n<li><strong>Gr\u00e2ce \u00e0 la formule 4 en 1, elle peut \u00e9galement \u00eatre utilis\u00e9e dans votre r\u00e9servoir d'eaux grises et noires - en tant que nettoyage de base ou pr\u00e9ventif des odeurs.<\/strong><\/li>\n<\/ul>","protected":false},"excerpt":{"rendered":"<p>Reis ecologisch met de frisse Solbio Original toiletvloeistof. Je toiletervaring in de motorhome of caravan zal nooit meer hetzelfde zijn na Solbio. Met een heerlijke frisse geur van Eucalyptus maken de onfrisse geuren geen schijn van kans! 3 liter toiletvloeistof 75 doseringen Goed voor 7 maanden kamperen (met een tank van 20 liter) 100% natuurlijke [&hellip;]<\/p>\n","protected":false},"featured_media":373,"comment_status":"closed","ping_status":"closed","template":"","meta":{"inline_featured_image":false,"_genesis_hide_title":false,"_genesis_hide_breadcrumbs":false,"_genesis_hide_singular_image":false,"_genesis_hide_footer_widgets":false,"_genesis_custom_body_class":"","_genesis_custom_post_class":"","_genesis_layout":""},"product_brand":[],"product_cat":[28],"product_tag":[76,29,30,32],"class_list":{"0":"post-372","1":"product","2":"type-product","3":"status-publish","4":"has-post-thumbnail","6":"product_cat-toiletfluid","7":"product_tag-eucalyptus","8":"product_tag-mint","9":"product_tag-original","10":"product_tag-solbio","11":"entry","13":"first","14":"instock","15":"taxable","16":"shipping-taxable","17":"purchasable","18":"product-type-simple"},"yoast_head":"<!-- This site is optimized with the Yoast SEO plugin v27.4 - https:\/\/yoast.com\/product\/yoast-seo-wordpress\/ -->\n<title>Original (225 dagen) - Solbio<\/title>\n<meta name=\"robots\" content=\"index, follow, max-snippet:-1, max-image-preview:large, max-video-preview:-1\" \/>\n<link rel=\"canonical\" href=\"https:\/\/getsolbio.com\/fr\/produit\/original-3l\/\" \/>\n<meta property=\"og:locale\" content=\"fr_FR\" \/>\n<meta property=\"og:type\" content=\"article\" \/>\n<meta property=\"og:title\" content=\"Original (225 dagen) - Solbio\" \/>\n<meta property=\"og:description\" content=\"Reis ecologisch met de frisse Solbio Original toiletvloeistof. Je toiletervaring in de motorhome of caravan zal nooit meer hetzelfde zijn na Solbio. Met een heerlijke frisse geur van Eucalyptus maken de onfrisse geuren geen schijn van kans! 3 liter toiletvloeistof 75 doseringen Goed voor 7 maanden kamperen (met een tank van 20 liter) 100% natuurlijke [&hellip;]\" \/>\n<meta property=\"og:url\" content=\"https:\/\/getsolbio.com\/fr\/produit\/original-3l\/\" \/>\n<meta property=\"og:site_name\" content=\"Solbio\" \/>\n<meta property=\"article:publisher\" content=\"https:\/\/www.facebook.com\/getsolbio\/\" \/>\n<meta property=\"article:modified_time\" content=\"2026-04-19T09:26:52+00:00\" \/>\n<meta property=\"og:image\" content=\"https:\/\/getsolbio.com\/wp-content\/uploads\/2025\/01\/tap-front-side-1.png\" \/>\n\t<meta property=\"og:image:width\" content=\"972\" \/>\n\t<meta property=\"og:image:height\" content=\"972\" \/>\n\t<meta property=\"og:image:type\" content=\"image\/png\" \/>\n<meta name=\"twitter:card\" content=\"summary_large_image\" \/>\n<script type=\"application\/ld+json\" class=\"yoast-schema-graph\">{\"@context\":\"https:\\\/\\\/schema.org\",\"@graph\":[{\"@type\":\"WebPage\",\"@id\":\"https:\\\/\\\/getsolbio.com\\\/product\\\/original-3l\\\/\",\"url\":\"https:\\\/\\\/getsolbio.com\\\/product\\\/original-3l\\\/\",\"name\":\"Original (225 dagen) - Solbio\",\"isPartOf\":{\"@id\":\"https:\\\/\\\/getsolbio.com\\\/#website\"},\"primaryImageOfPage\":{\"@id\":\"https:\\\/\\\/getsolbio.com\\\/product\\\/original-3l\\\/#primaryimage\"},\"image\":{\"@id\":\"https:\\\/\\\/getsolbio.com\\\/product\\\/original-3l\\\/#primaryimage\"},\"thumbnailUrl\":\"https:\\\/\\\/getsolbio.com\\\/wp-content\\\/uploads\\\/2025\\\/01\\\/tap-front-side-1.png\",\"datePublished\":\"2024-07-30T22:00:00+00:00\",\"dateModified\":\"2026-04-19T09:26:52+00:00\",\"breadcrumb\":{\"@id\":\"https:\\\/\\\/getsolbio.com\\\/product\\\/original-3l\\\/#breadcrumb\"},\"inLanguage\":\"fr-FR\",\"potentialAction\":[{\"@type\":\"ReadAction\",\"target\":[\"https:\\\/\\\/getsolbio.com\\\/product\\\/original-3l\\\/\"]}]},{\"@type\":\"ImageObject\",\"inLanguage\":\"fr-FR\",\"@id\":\"https:\\\/\\\/getsolbio.com\\\/product\\\/original-3l\\\/#primaryimage\",\"url\":\"https:\\\/\\\/getsolbio.com\\\/wp-content\\\/uploads\\\/2025\\\/01\\\/tap-front-side-1.png\",\"contentUrl\":\"https:\\\/\\\/getsolbio.com\\\/wp-content\\\/uploads\\\/2025\\\/01\\\/tap-front-side-1.png\",\"width\":972,\"height\":972},{\"@type\":\"BreadcrumbList\",\"@id\":\"https:\\\/\\\/getsolbio.com\\\/product\\\/original-3l\\\/#breadcrumb\",\"itemListElement\":[{\"@type\":\"ListItem\",\"position\":1,\"name\":\"Home\",\"item\":\"https:\\\/\\\/getsolbio.com\\\/\"},{\"@type\":\"ListItem\",\"position\":2,\"name\":\"Winkel\",\"item\":\"https:\\\/\\\/getsolbio.com\\\/winkel\\\/\"},{\"@type\":\"ListItem\",\"position\":3,\"name\":\"Toiletfluid\",\"item\":\"https:\\\/\\\/getsolbio.com\\\/product-categorie\\\/toiletfluid\\\/\"},{\"@type\":\"ListItem\",\"position\":4,\"name\":\"Original (225 dagen)\"}]},{\"@type\":\"WebSite\",\"@id\":\"https:\\\/\\\/getsolbio.com\\\/#website\",\"url\":\"https:\\\/\\\/getsolbio.com\\\/\",\"name\":\"Getsolbio\",\"description\":\"Take the green road\",\"publisher\":{\"@id\":\"https:\\\/\\\/getsolbio.com\\\/#organization\"},\"potentialAction\":[{\"@type\":\"SearchAction\",\"target\":{\"@type\":\"EntryPoint\",\"urlTemplate\":\"https:\\\/\\\/getsolbio.com\\\/?s={search_term_string}\"},\"query-input\":{\"@type\":\"PropertyValueSpecification\",\"valueRequired\":true,\"valueName\":\"search_term_string\"}}],\"inLanguage\":\"fr-FR\"},{\"@type\":\"Organization\",\"@id\":\"https:\\\/\\\/getsolbio.com\\\/#organization\",\"name\":\"Getsolbio\",\"url\":\"https:\\\/\\\/getsolbio.com\\\/\",\"logo\":{\"@type\":\"ImageObject\",\"inLanguage\":\"fr-FR\",\"@id\":\"https:\\\/\\\/getsolbio.com\\\/#\\\/schema\\\/logo\\\/image\\\/\",\"url\":\"https:\\\/\\\/getsolbio.com\\\/wp-content\\\/uploads\\\/2025\\\/02\\\/solbio-logo-website.png\",\"contentUrl\":\"https:\\\/\\\/getsolbio.com\\\/wp-content\\\/uploads\\\/2025\\\/02\\\/solbio-logo-website.png\",\"width\":110,\"height\":111,\"caption\":\"Getsolbio\"},\"image\":{\"@id\":\"https:\\\/\\\/getsolbio.com\\\/#\\\/schema\\\/logo\\\/image\\\/\"},\"sameAs\":[\"https:\\\/\\\/www.facebook.com\\\/getsolbio\\\/\",\"https:\\\/\\\/www.instagram.com\\\/solbio\\\/\",\"https:\\\/\\\/www.linkedin.com\\\/company\\\/solbio\\\/\"]}]}<\/script>\n<!-- \/ Yoast SEO plugin. -->","yoast_head_json":{"title":"Original (225 dagen) - Solbio","robots":{"index":"index","follow":"follow","max-snippet":"max-snippet:-1","max-image-preview":"max-image-preview:large","max-video-preview":"max-video-preview:-1"},"canonical":"https:\/\/getsolbio.com\/fr\/produit\/original-3l\/","og_locale":"fr_FR","og_type":"article","og_title":"Original (225 dagen) - Solbio","og_description":"Reis ecologisch met de frisse Solbio Original toiletvloeistof. Je toiletervaring in de motorhome of caravan zal nooit meer hetzelfde zijn na Solbio. Met een heerlijke frisse geur van Eucalyptus maken de onfrisse geuren geen schijn van kans! 3 liter toiletvloeistof 75 doseringen Goed voor 7 maanden kamperen (met een tank van 20 liter) 100% natuurlijke [&hellip;]","og_url":"https:\/\/getsolbio.com\/fr\/produit\/original-3l\/","og_site_name":"Solbio","article_publisher":"https:\/\/www.facebook.com\/getsolbio\/","article_modified_time":"2026-04-19T09:26:52+00:00","og_image":[{"width":972,"height":972,"url":"https:\/\/getsolbio.com\/wp-content\/uploads\/2025\/01\/tap-front-side-1.png","type":"image\/png"}],"twitter_card":"summary_large_image","schema":{"@context":"https:\/\/schema.org","@graph":[{"@type":"WebPage","@id":"https:\/\/getsolbio.com\/product\/original-3l\/","url":"https:\/\/getsolbio.com\/product\/original-3l\/","name":"Original (225 dagen) - Solbio","isPartOf":{"@id":"https:\/\/getsolbio.com\/#website"},"primaryImageOfPage":{"@id":"https:\/\/getsolbio.com\/product\/original-3l\/#primaryimage"},"image":{"@id":"https:\/\/getsolbio.com\/product\/original-3l\/#primaryimage"},"thumbnailUrl":"https:\/\/getsolbio.com\/wp-content\/uploads\/2025\/01\/tap-front-side-1.png","datePublished":"2024-07-30T22:00:00+00:00","dateModified":"2026-04-19T09:26:52+00:00","breadcrumb":{"@id":"https:\/\/getsolbio.com\/product\/original-3l\/#breadcrumb"},"inLanguage":"fr-FR","potentialAction":[{"@type":"ReadAction","target":["https:\/\/getsolbio.com\/product\/original-3l\/"]}]},{"@type":"ImageObject","inLanguage":"fr-FR","@id":"https:\/\/getsolbio.com\/product\/original-3l\/#primaryimage","url":"https:\/\/getsolbio.com\/wp-content\/uploads\/2025\/01\/tap-front-side-1.png","contentUrl":"https:\/\/getsolbio.com\/wp-content\/uploads\/2025\/01\/tap-front-side-1.png","width":972,"height":972},{"@type":"BreadcrumbList","@id":"https:\/\/getsolbio.com\/product\/original-3l\/#breadcrumb","itemListElement":[{"@type":"ListItem","position":1,"name":"Home","item":"https:\/\/getsolbio.com\/"},{"@type":"ListItem","position":2,"name":"Winkel","item":"https:\/\/getsolbio.com\/winkel\/"},{"@type":"ListItem","position":3,"name":"Toiletfluid","item":"https:\/\/getsolbio.com\/product-categorie\/toiletfluid\/"},{"@type":"ListItem","position":4,"name":"Original (225 dagen)"}]},{"@type":"WebSite","@id":"https:\/\/getsolbio.com\/#website","url":"https:\/\/getsolbio.com\/","name":"Getsolbio","description":"Take the green road","publisher":{"@id":"https:\/\/getsolbio.com\/#organization"},"potentialAction":[{"@type":"SearchAction","target":{"@type":"EntryPoint","urlTemplate":"https:\/\/getsolbio.com\/?s={search_term_string}"},"query-input":{"@type":"PropertyValueSpecification","valueRequired":true,"valueName":"search_term_string"}}],"inLanguage":"fr-FR"},{"@type":"Organization","@id":"https:\/\/getsolbio.com\/#organization","name":"Getsolbio","url":"https:\/\/getsolbio.com\/","logo":{"@type":"ImageObject","inLanguage":"fr-FR","@id":"https:\/\/getsolbio.com\/#\/schema\/logo\/image\/","url":"https:\/\/getsolbio.com\/wp-content\/uploads\/2025\/02\/solbio-logo-website.png","contentUrl":"https:\/\/getsolbio.com\/wp-content\/uploads\/2025\/02\/solbio-logo-website.png","width":110,"height":111,"caption":"Getsolbio"},"image":{"@id":"https:\/\/getsolbio.com\/#\/schema\/logo\/image\/"},"sameAs":["https:\/\/www.facebook.com\/getsolbio\/","https:\/\/www.instagram.com\/solbio\/","https:\/\/www.linkedin.com\/company\/solbio\/"]}]}},"_links":{"self":[{"href":"https:\/\/getsolbio.com\/fr\/wp-json\/wp\/v2\/product\/372","targetHints":{"allow":["GET"]}}],"collection":[{"href":"https:\/\/getsolbio.com\/fr\/wp-json\/wp\/v2\/product"}],"about":[{"href":"https:\/\/getsolbio.com\/fr\/wp-json\/wp\/v2\/types\/product"}],"replies":[{"embeddable":true,"href":"https:\/\/getsolbio.com\/fr\/wp-json\/wp\/v2\/comments?post=372"}],"wp:featuredmedia":[{"embeddable":true,"href":"https:\/\/getsolbio.com\/fr\/wp-json\/wp\/v2\/media\/373"}],"wp:attachment":[{"href":"https:\/\/getsolbio.com\/fr\/wp-json\/wp\/v2\/media?parent=372"}],"wp:term":[{"taxonomy":"product_brand","embeddable":true,"href":"https:\/\/getsolbio.com\/fr\/wp-json\/wp\/v2\/product_brand?post=372"},{"taxonomy":"product_cat","embeddable":true,"href":"https:\/\/getsolbio.com\/fr\/wp-json\/wp\/v2\/product_cat?post=372"},{"taxonomy":"product_tag","embeddable":true,"href":"https:\/\/getsolbio.com\/fr\/wp-json\/wp\/v2\/product_tag?post=372"}],"curies":[{"name":"wp","href":"https:\/\/api.w.org\/{rel}","templated":true}]}}