{"id":385,"date":"2025-01-07T00:00:00","date_gmt":"2025-01-06T23:00:00","guid":{"rendered":"https:\/\/getsolbio.com\/product\/15331\/"},"modified":"2026-04-21T11:30:11","modified_gmt":"2026-04-21T09:30:11","slug":"watertank","status":"publish","type":"product","link":"https:\/\/getsolbio.com\/fr\/product\/watertank\/","title":{"rendered":"Nettoyant r\u00e9servoir d'eau"},"content":{"rendered":"<ul>\n<li>D\u00e9velopp\u00e9 pour nettoyer en profondeur votre r\u00e9servoir d'eau douce et vos tuyaux. Suffisant pour des tailles de r\u00e9servoir allant jusqu'\u00e0 160L.<\/li>\n<li>Le produit est approuv\u00e9 pour une utilisation dans la technologie alimentaire<\/li>\n<li><strong>Ne contient ni ions argent ni chlore<\/strong><\/li>\n<li>100% Naturel \u2013 Puissant \u2013 S\u00fbr<\/li>\n<li>Il est \u00e9cologique et puissant, pour que vous puissiez profiter de vos voyages en toute s\u00e9r\u00e9nit\u00e9.<\/li>\n<li>\u00c0 base de peroxyde d'hydrog\u00e8ne<br><\/li>\n<\/ul>\n<p><br><strong>Nettoyant pour r\u00e9servoir d'eau : pour de l'eau potable pure en d\u00e9placement<\/strong><\/p>\n<p>Nettoyant pour r\u00e9servoir d'eau : pour de l'eau potable pure en d\u00e9placement\nL'eau potable est un luxe merveilleux dans votre camping-car. Il offre une libert\u00e9 ultime. Vous pourrez \u00e9tancher votre soif, cuisiner vos spaghettis et vous brosser les dents o\u00f9 vous le souhaitez. Il est donc essentiel de garder votre eau potable propre et pure. Avec notre nettoyant pour r\u00e9servoir d'eau, vous pouvez entretenir votre r\u00e9servoir d'eau et votre syst\u00e8me sans chlore ni ions d'argent. Comme vous en avez l'habitude chez Solbio, nous le faisons de mani\u00e8re tout \u00e0 fait naturelle. Nous n\u2019avons rien \u00e0 apprendre du pouvoir purificateur de la nature. Sant\u00e9!<\/p>","protected":false},"excerpt":{"rendered":"<p>Reinigt schoonwatertank en leidingen. Neutraliseert geuren. Product is goedgekeurd voor gebruik levensmiddelentechnologie Bevat g\u00e9\u00e9n zilver noch chloor ionen 100% Natuurlijk &#8211; Krachtig &#8211; Veilig Het is milieuvriendelijk en krachtig, dus je kan met een gerust hart genieten van je reizen Op basis van waterstofperoxide Watertankreiniger: voor puur drinkwater onderweg Schoon drinkwater is een heerlijke luxe [&hellip;]<\/p>\n","protected":false},"featured_media":386,"comment_status":"closed","ping_status":"closed","template":"","meta":{"inline_featured_image":false,"_genesis_hide_title":false,"_genesis_hide_breadcrumbs":false,"_genesis_hide_singular_image":false,"_genesis_hide_footer_widgets":false,"_genesis_custom_body_class":"","_genesis_custom_post_class":"","_genesis_layout":""},"product_brand":[],"product_cat":[33],"product_tag":[],"class_list":{"0":"post-385","1":"product","2":"type-product","3":"status-publish","4":"has-post-thumbnail","6":"product_cat-care-cleaning","7":"entry","9":"first","10":"instock","11":"taxable","12":"shipping-taxable","13":"purchasable","14":"product-type-simple"},"yoast_head":"<!-- This site is optimized with the Yoast SEO plugin v27.4 - https:\/\/yoast.com\/product\/yoast-seo-wordpress\/ -->\n<title>Watertankreiniger - Solbio<\/title>\n<meta name=\"robots\" content=\"index, follow, max-snippet:-1, max-image-preview:large, max-video-preview:-1\" \/>\n<link rel=\"canonical\" href=\"https:\/\/getsolbio.com\/fr\/produit\/watertank\/\" \/>\n<meta property=\"og:locale\" content=\"fr_FR\" \/>\n<meta property=\"og:type\" content=\"article\" \/>\n<meta property=\"og:title\" content=\"Watertankreiniger - Solbio\" \/>\n<meta property=\"og:description\" content=\"Reinigt schoonwatertank en leidingen. Neutraliseert geuren. Product is goedgekeurd voor gebruik levensmiddelentechnologie Bevat g\u00e9\u00e9n zilver noch chloor ionen 100% Natuurlijk &#8211; Krachtig &#8211; Veilig Het is milieuvriendelijk en krachtig, dus je kan met een gerust hart genieten van je reizen Op basis van waterstofperoxide Watertankreiniger: voor puur drinkwater onderweg Schoon drinkwater is een heerlijke luxe [&hellip;]\" \/>\n<meta property=\"og:url\" content=\"https:\/\/getsolbio.com\/fr\/produit\/watertank\/\" \/>\n<meta property=\"og:site_name\" content=\"Solbio\" \/>\n<meta property=\"article:publisher\" content=\"https:\/\/www.facebook.com\/getsolbio\/\" \/>\n<meta property=\"article:modified_time\" content=\"2026-04-21T09:30:11+00:00\" \/>\n<meta property=\"og:image\" content=\"https:\/\/getsolbio.com\/wp-content\/uploads\/2025\/01\/Watertank-cleaner-EN-center-low-res.png\" \/>\n\t<meta property=\"og:image:width\" content=\"412\" \/>\n\t<meta property=\"og:image:height\" content=\"972\" \/>\n\t<meta property=\"og:image:type\" content=\"image\/png\" \/>\n<meta name=\"twitter:card\" content=\"summary_large_image\" \/>\n<script type=\"application\/ld+json\" class=\"yoast-schema-graph\">{\"@context\":\"https:\\\/\\\/schema.org\",\"@graph\":[{\"@type\":\"WebPage\",\"@id\":\"https:\\\/\\\/getsolbio.com\\\/product\\\/watertank\\\/\",\"url\":\"https:\\\/\\\/getsolbio.com\\\/product\\\/watertank\\\/\",\"name\":\"Watertankreiniger - Solbio\",\"isPartOf\":{\"@id\":\"https:\\\/\\\/getsolbio.com\\\/#website\"},\"primaryImageOfPage\":{\"@id\":\"https:\\\/\\\/getsolbio.com\\\/product\\\/watertank\\\/#primaryimage\"},\"image\":{\"@id\":\"https:\\\/\\\/getsolbio.com\\\/product\\\/watertank\\\/#primaryimage\"},\"thumbnailUrl\":\"https:\\\/\\\/getsolbio.com\\\/wp-content\\\/uploads\\\/2025\\\/01\\\/Watertank-cleaner-EN-center-low-res.png\",\"datePublished\":\"2025-01-06T23:00:00+00:00\",\"dateModified\":\"2026-04-21T09:30:11+00:00\",\"breadcrumb\":{\"@id\":\"https:\\\/\\\/getsolbio.com\\\/product\\\/watertank\\\/#breadcrumb\"},\"inLanguage\":\"fr-FR\",\"potentialAction\":[{\"@type\":\"ReadAction\",\"target\":[\"https:\\\/\\\/getsolbio.com\\\/product\\\/watertank\\\/\"]}]},{\"@type\":\"ImageObject\",\"inLanguage\":\"fr-FR\",\"@id\":\"https:\\\/\\\/getsolbio.com\\\/product\\\/watertank\\\/#primaryimage\",\"url\":\"https:\\\/\\\/getsolbio.com\\\/wp-content\\\/uploads\\\/2025\\\/01\\\/Watertank-cleaner-EN-center-low-res.png\",\"contentUrl\":\"https:\\\/\\\/getsolbio.com\\\/wp-content\\\/uploads\\\/2025\\\/01\\\/Watertank-cleaner-EN-center-low-res.png\",\"width\":412,\"height\":972},{\"@type\":\"BreadcrumbList\",\"@id\":\"https:\\\/\\\/getsolbio.com\\\/product\\\/watertank\\\/#breadcrumb\",\"itemListElement\":[{\"@type\":\"ListItem\",\"position\":1,\"name\":\"Home\",\"item\":\"https:\\\/\\\/getsolbio.com\\\/\"},{\"@type\":\"ListItem\",\"position\":2,\"name\":\"Winkel\",\"item\":\"https:\\\/\\\/getsolbio.com\\\/winkel\\\/\"},{\"@type\":\"ListItem\",\"position\":3,\"name\":\"Care &amp; Cleaning\",\"item\":\"https:\\\/\\\/getsolbio.com\\\/es\\\/categoria-producto\\\/care-cleaning\\\/\"},{\"@type\":\"ListItem\",\"position\":4,\"name\":\"Watertankreiniger\"}]},{\"@type\":\"WebSite\",\"@id\":\"https:\\\/\\\/getsolbio.com\\\/#website\",\"url\":\"https:\\\/\\\/getsolbio.com\\\/\",\"name\":\"Getsolbio\",\"description\":\"Take the green road\",\"publisher\":{\"@id\":\"https:\\\/\\\/getsolbio.com\\\/#organization\"},\"potentialAction\":[{\"@type\":\"SearchAction\",\"target\":{\"@type\":\"EntryPoint\",\"urlTemplate\":\"https:\\\/\\\/getsolbio.com\\\/?s={search_term_string}\"},\"query-input\":{\"@type\":\"PropertyValueSpecification\",\"valueRequired\":true,\"valueName\":\"search_term_string\"}}],\"inLanguage\":\"fr-FR\"},{\"@type\":\"Organization\",\"@id\":\"https:\\\/\\\/getsolbio.com\\\/#organization\",\"name\":\"Getsolbio\",\"url\":\"https:\\\/\\\/getsolbio.com\\\/\",\"logo\":{\"@type\":\"ImageObject\",\"inLanguage\":\"fr-FR\",\"@id\":\"https:\\\/\\\/getsolbio.com\\\/#\\\/schema\\\/logo\\\/image\\\/\",\"url\":\"https:\\\/\\\/getsolbio.com\\\/wp-content\\\/uploads\\\/2025\\\/02\\\/solbio-logo-website.png\",\"contentUrl\":\"https:\\\/\\\/getsolbio.com\\\/wp-content\\\/uploads\\\/2025\\\/02\\\/solbio-logo-website.png\",\"width\":110,\"height\":111,\"caption\":\"Getsolbio\"},\"image\":{\"@id\":\"https:\\\/\\\/getsolbio.com\\\/#\\\/schema\\\/logo\\\/image\\\/\"},\"sameAs\":[\"https:\\\/\\\/www.facebook.com\\\/getsolbio\\\/\",\"https:\\\/\\\/www.instagram.com\\\/solbio\\\/\",\"https:\\\/\\\/www.linkedin.com\\\/company\\\/solbio\\\/\"]}]}<\/script>\n<!-- \/ Yoast SEO plugin. -->","yoast_head_json":{"title":"Nettoyant r\u00e9servoir d'eau - Solbio","robots":{"index":"index","follow":"follow","max-snippet":"max-snippet:-1","max-image-preview":"max-image-preview:large","max-video-preview":"max-video-preview:-1"},"canonical":"https:\/\/getsolbio.com\/fr\/produit\/watertank\/","og_locale":"fr_FR","og_type":"article","og_title":"Watertankreiniger - Solbio","og_description":"Reinigt schoonwatertank en leidingen. Neutraliseert geuren. Product is goedgekeurd voor gebruik levensmiddelentechnologie Bevat g\u00e9\u00e9n zilver noch chloor ionen 100% Natuurlijk &#8211; Krachtig &#8211; Veilig Het is milieuvriendelijk en krachtig, dus je kan met een gerust hart genieten van je reizen Op basis van waterstofperoxide Watertankreiniger: voor puur drinkwater onderweg Schoon drinkwater is een heerlijke luxe [&hellip;]","og_url":"https:\/\/getsolbio.com\/fr\/produit\/watertank\/","og_site_name":"Solbio","article_publisher":"https:\/\/www.facebook.com\/getsolbio\/","article_modified_time":"2026-04-21T09:30:11+00:00","og_image":[{"width":412,"height":972,"url":"https:\/\/getsolbio.com\/wp-content\/uploads\/2025\/01\/Watertank-cleaner-EN-center-low-res.png","type":"image\/png"}],"twitter_card":"summary_large_image","schema":{"@context":"https:\/\/schema.org","@graph":[{"@type":"WebPage","@id":"https:\/\/getsolbio.com\/product\/watertank\/","url":"https:\/\/getsolbio.com\/product\/watertank\/","name":"Nettoyant r\u00e9servoir d'eau - Solbio","isPartOf":{"@id":"https:\/\/getsolbio.com\/#website"},"primaryImageOfPage":{"@id":"https:\/\/getsolbio.com\/product\/watertank\/#primaryimage"},"image":{"@id":"https:\/\/getsolbio.com\/product\/watertank\/#primaryimage"},"thumbnailUrl":"https:\/\/getsolbio.com\/wp-content\/uploads\/2025\/01\/Watertank-cleaner-EN-center-low-res.png","datePublished":"2025-01-06T23:00:00+00:00","dateModified":"2026-04-21T09:30:11+00:00","breadcrumb":{"@id":"https:\/\/getsolbio.com\/product\/watertank\/#breadcrumb"},"inLanguage":"fr-FR","potentialAction":[{"@type":"ReadAction","target":["https:\/\/getsolbio.com\/product\/watertank\/"]}]},{"@type":"ImageObject","inLanguage":"fr-FR","@id":"https:\/\/getsolbio.com\/product\/watertank\/#primaryimage","url":"https:\/\/getsolbio.com\/wp-content\/uploads\/2025\/01\/Watertank-cleaner-EN-center-low-res.png","contentUrl":"https:\/\/getsolbio.com\/wp-content\/uploads\/2025\/01\/Watertank-cleaner-EN-center-low-res.png","width":412,"height":972},{"@type":"BreadcrumbList","@id":"https:\/\/getsolbio.com\/product\/watertank\/#breadcrumb","itemListElement":[{"@type":"ListItem","position":1,"name":"Home","item":"https:\/\/getsolbio.com\/"},{"@type":"ListItem","position":2,"name":"Winkel","item":"https:\/\/getsolbio.com\/winkel\/"},{"@type":"ListItem","position":3,"name":"Care &amp; Cleaning","item":"https:\/\/getsolbio.com\/es\/categoria-producto\/care-cleaning\/"},{"@type":"ListItem","position":4,"name":"Watertankreiniger"}]},{"@type":"WebSite","@id":"https:\/\/getsolbio.com\/#website","url":"https:\/\/getsolbio.com\/","name":"Getsolbio","description":"Take the green road","publisher":{"@id":"https:\/\/getsolbio.com\/#organization"},"potentialAction":[{"@type":"SearchAction","target":{"@type":"EntryPoint","urlTemplate":"https:\/\/getsolbio.com\/?s={search_term_string}"},"query-input":{"@type":"PropertyValueSpecification","valueRequired":true,"valueName":"search_term_string"}}],"inLanguage":"fr-FR"},{"@type":"Organization","@id":"https:\/\/getsolbio.com\/#organization","name":"Getsolbio","url":"https:\/\/getsolbio.com\/","logo":{"@type":"ImageObject","inLanguage":"fr-FR","@id":"https:\/\/getsolbio.com\/#\/schema\/logo\/image\/","url":"https:\/\/getsolbio.com\/wp-content\/uploads\/2025\/02\/solbio-logo-website.png","contentUrl":"https:\/\/getsolbio.com\/wp-content\/uploads\/2025\/02\/solbio-logo-website.png","width":110,"height":111,"caption":"Getsolbio"},"image":{"@id":"https:\/\/getsolbio.com\/#\/schema\/logo\/image\/"},"sameAs":["https:\/\/www.facebook.com\/getsolbio\/","https:\/\/www.instagram.com\/solbio\/","https:\/\/www.linkedin.com\/company\/solbio\/"]}]}},"_links":{"self":[{"href":"https:\/\/getsolbio.com\/fr\/wp-json\/wp\/v2\/product\/385","targetHints":{"allow":["GET"]}}],"collection":[{"href":"https:\/\/getsolbio.com\/fr\/wp-json\/wp\/v2\/product"}],"about":[{"href":"https:\/\/getsolbio.com\/fr\/wp-json\/wp\/v2\/types\/product"}],"replies":[{"embeddable":true,"href":"https:\/\/getsolbio.com\/fr\/wp-json\/wp\/v2\/comments?post=385"}],"wp:featuredmedia":[{"embeddable":true,"href":"https:\/\/getsolbio.com\/fr\/wp-json\/wp\/v2\/media\/386"}],"wp:attachment":[{"href":"https:\/\/getsolbio.com\/fr\/wp-json\/wp\/v2\/media?parent=385"}],"wp:term":[{"taxonomy":"product_brand","embeddable":true,"href":"https:\/\/getsolbio.com\/fr\/wp-json\/wp\/v2\/product_brand?post=385"},{"taxonomy":"product_cat","embeddable":true,"href":"https:\/\/getsolbio.com\/fr\/wp-json\/wp\/v2\/product_cat?post=385"},{"taxonomy":"product_tag","embeddable":true,"href":"https:\/\/getsolbio.com\/fr\/wp-json\/wp\/v2\/product_tag?post=385"}],"curies":[{"name":"wp","href":"https:\/\/api.w.org\/{rel}","templated":true}]}}