{"id":387,"date":"2025-01-07T00:00:00","date_gmt":"2025-01-06T23:00:00","guid":{"rendered":"https:\/\/getsolbio.com\/product\/badkamer\/"},"modified":"2026-04-23T04:06:12","modified_gmt":"2026-04-23T02:06:12","slug":"bathroom-kitchen","status":"publish","type":"product","link":"https:\/\/getsolbio.com\/fr\/product\/bathroom-kitchen\/","title":{"rendered":"Nettoyant pour cuisine et salle de bain"},"content":{"rendered":"<ul>\n<li>Parfum frais d'agrumes et de rose<\/li>\n<li>Dot\u00e9 d'un pouvoir naturel, notre nettoyant est l\u00e0 pour vaincre le calcaire, la graisse et les r\u00e9sidus de savon.<\/li>\n<li>Biod\u00e9gradable<\/li>\n<li>Ne contient pas de colorants, de parab\u00e8nes, de phosphates, de chlore ou d'ammoniaque<\/li>\n<li>Avec des ingr\u00e9dients d'origine v\u00e9g\u00e9tale<\/li>\n<\/ul>\n<p><br><strong>Nettoyant salle de bain et cuisine : pour un voyage frais et propre<\/strong><\/p>\n<p>Moins c'est plus. Le voyage compact est id\u00e9al si vous souhaitez revenir \u00e0 l'essentiel, mais votre nez est aussi plus proche de ces odeurs d\u00e9sagr\u00e9ables. Notre nettoyant pour salle de bains et cuisine \u00e9limine la salet\u00e9 et la graisse en un instant, afin que vous puissiez profiter d'une fra\u00eecheur merveilleuse et durable pendant vos vacances.<br \/>\nEt le meilleur : notre nettoyant est compos\u00e9 d'ingr\u00e9dients naturels et donc totalement exempt de produits chimiques nocifs. Profitez de la puissance de la nature, tant \u00e0 l\u2019ext\u00e9rieur qu\u2019\u00e0 l\u2019int\u00e9rieur.<\/p>","protected":false},"excerpt":{"rendered":"<p>Frisse geur van citrus &amp; roze Onze reiniger, boordevol natuurlijke kracht, is hier om kalk, vet en zeepresten te verslaan Biologisch afbreekbaar Bevat geen kleurstoffen, parabenen, fosfaten, chloor of ammoniak Met ingredi\u00ebnten van plantaardige oorsprong Badkamer- en Keukenreiniger: voor een frisse &amp; propere trip Less is more. Compact reizen is ideaal als je even helemaal [&hellip;]<\/p>\n","protected":false},"featured_media":388,"comment_status":"closed","ping_status":"closed","template":"","meta":{"inline_featured_image":false,"_genesis_hide_title":false,"_genesis_hide_breadcrumbs":false,"_genesis_hide_singular_image":false,"_genesis_hide_footer_widgets":false,"_genesis_custom_body_class":"","_genesis_custom_post_class":"","_genesis_layout":""},"product_brand":[],"product_cat":[33],"product_tag":[],"class_list":{"0":"post-387","1":"product","2":"type-product","3":"status-publish","4":"has-post-thumbnail","6":"product_cat-care-cleaning","7":"entry","9":"first","10":"instock","11":"taxable","12":"shipping-taxable","13":"purchasable","14":"product-type-simple"},"yoast_head":"<!-- This site is optimized with the Yoast SEO plugin v27.4 - https:\/\/yoast.com\/product\/yoast-seo-wordpress\/ -->\n<title>Badkamer &amp; Keukenreiniger - Solbio<\/title>\n<meta name=\"robots\" content=\"index, follow, max-snippet:-1, max-image-preview:large, max-video-preview:-1\" \/>\n<link rel=\"canonical\" href=\"https:\/\/getsolbio.com\/fr\/produit\/bathroom-kitchen\/\" \/>\n<meta property=\"og:locale\" content=\"fr_FR\" \/>\n<meta property=\"og:type\" content=\"article\" \/>\n<meta property=\"og:title\" content=\"Badkamer &amp; Keukenreiniger - Solbio\" \/>\n<meta property=\"og:description\" content=\"Frisse geur van citrus &amp; roze Onze reiniger, boordevol natuurlijke kracht, is hier om kalk, vet en zeepresten te verslaan Biologisch afbreekbaar Bevat geen kleurstoffen, parabenen, fosfaten, chloor of ammoniak Met ingredi\u00ebnten van plantaardige oorsprong Badkamer- en Keukenreiniger: voor een frisse &amp; propere trip Less is more. Compact reizen is ideaal als je even helemaal [&hellip;]\" \/>\n<meta property=\"og:url\" content=\"https:\/\/getsolbio.com\/fr\/produit\/bathroom-kitchen\/\" \/>\n<meta property=\"og:site_name\" content=\"Solbio\" \/>\n<meta property=\"article:publisher\" content=\"https:\/\/www.facebook.com\/getsolbio\/\" \/>\n<meta property=\"article:modified_time\" content=\"2026-04-23T02:06:12+00:00\" \/>\n<meta property=\"og:image\" content=\"https:\/\/getsolbio.com\/wp-content\/uploads\/2025\/01\/bathroom-kitchen-cleaner-EN-left-low-res.png\" \/>\n\t<meta property=\"og:image:width\" content=\"384\" \/>\n\t<meta property=\"og:image:height\" content=\"972\" \/>\n\t<meta property=\"og:image:type\" content=\"image\/png\" \/>\n<meta name=\"twitter:card\" content=\"summary_large_image\" \/>\n<script type=\"application\/ld+json\" class=\"yoast-schema-graph\">{\"@context\":\"https:\\\/\\\/schema.org\",\"@graph\":[{\"@type\":\"WebPage\",\"@id\":\"https:\\\/\\\/getsolbio.com\\\/product\\\/bathroom-kitchen\\\/\",\"url\":\"https:\\\/\\\/getsolbio.com\\\/product\\\/bathroom-kitchen\\\/\",\"name\":\"Badkamer & Keukenreiniger - Solbio\",\"isPartOf\":{\"@id\":\"https:\\\/\\\/getsolbio.com\\\/#website\"},\"primaryImageOfPage\":{\"@id\":\"https:\\\/\\\/getsolbio.com\\\/product\\\/bathroom-kitchen\\\/#primaryimage\"},\"image\":{\"@id\":\"https:\\\/\\\/getsolbio.com\\\/product\\\/bathroom-kitchen\\\/#primaryimage\"},\"thumbnailUrl\":\"https:\\\/\\\/getsolbio.com\\\/wp-content\\\/uploads\\\/2025\\\/01\\\/bathroom-kitchen-cleaner-EN-left-low-res.png\",\"datePublished\":\"2025-01-06T23:00:00+00:00\",\"dateModified\":\"2026-04-23T02:06:12+00:00\",\"breadcrumb\":{\"@id\":\"https:\\\/\\\/getsolbio.com\\\/product\\\/bathroom-kitchen\\\/#breadcrumb\"},\"inLanguage\":\"fr-FR\",\"potentialAction\":[{\"@type\":\"ReadAction\",\"target\":[\"https:\\\/\\\/getsolbio.com\\\/product\\\/bathroom-kitchen\\\/\"]}]},{\"@type\":\"ImageObject\",\"inLanguage\":\"fr-FR\",\"@id\":\"https:\\\/\\\/getsolbio.com\\\/product\\\/bathroom-kitchen\\\/#primaryimage\",\"url\":\"https:\\\/\\\/getsolbio.com\\\/wp-content\\\/uploads\\\/2025\\\/01\\\/bathroom-kitchen-cleaner-EN-left-low-res.png\",\"contentUrl\":\"https:\\\/\\\/getsolbio.com\\\/wp-content\\\/uploads\\\/2025\\\/01\\\/bathroom-kitchen-cleaner-EN-left-low-res.png\",\"width\":384,\"height\":972},{\"@type\":\"BreadcrumbList\",\"@id\":\"https:\\\/\\\/getsolbio.com\\\/product\\\/bathroom-kitchen\\\/#breadcrumb\",\"itemListElement\":[{\"@type\":\"ListItem\",\"position\":1,\"name\":\"Home\",\"item\":\"https:\\\/\\\/getsolbio.com\\\/\"},{\"@type\":\"ListItem\",\"position\":2,\"name\":\"Winkel\",\"item\":\"https:\\\/\\\/getsolbio.com\\\/winkel\\\/\"},{\"@type\":\"ListItem\",\"position\":3,\"name\":\"Care &amp; Cleaning\",\"item\":\"https:\\\/\\\/getsolbio.com\\\/es\\\/categoria-producto\\\/care-cleaning\\\/\"},{\"@type\":\"ListItem\",\"position\":4,\"name\":\"Badkamer &#038; Keukenreiniger\"}]},{\"@type\":\"WebSite\",\"@id\":\"https:\\\/\\\/getsolbio.com\\\/#website\",\"url\":\"https:\\\/\\\/getsolbio.com\\\/\",\"name\":\"Getsolbio\",\"description\":\"Take the green road\",\"publisher\":{\"@id\":\"https:\\\/\\\/getsolbio.com\\\/#organization\"},\"potentialAction\":[{\"@type\":\"SearchAction\",\"target\":{\"@type\":\"EntryPoint\",\"urlTemplate\":\"https:\\\/\\\/getsolbio.com\\\/?s={search_term_string}\"},\"query-input\":{\"@type\":\"PropertyValueSpecification\",\"valueRequired\":true,\"valueName\":\"search_term_string\"}}],\"inLanguage\":\"fr-FR\"},{\"@type\":\"Organization\",\"@id\":\"https:\\\/\\\/getsolbio.com\\\/#organization\",\"name\":\"Getsolbio\",\"url\":\"https:\\\/\\\/getsolbio.com\\\/\",\"logo\":{\"@type\":\"ImageObject\",\"inLanguage\":\"fr-FR\",\"@id\":\"https:\\\/\\\/getsolbio.com\\\/#\\\/schema\\\/logo\\\/image\\\/\",\"url\":\"https:\\\/\\\/getsolbio.com\\\/wp-content\\\/uploads\\\/2025\\\/02\\\/solbio-logo-website.png\",\"contentUrl\":\"https:\\\/\\\/getsolbio.com\\\/wp-content\\\/uploads\\\/2025\\\/02\\\/solbio-logo-website.png\",\"width\":110,\"height\":111,\"caption\":\"Getsolbio\"},\"image\":{\"@id\":\"https:\\\/\\\/getsolbio.com\\\/#\\\/schema\\\/logo\\\/image\\\/\"},\"sameAs\":[\"https:\\\/\\\/www.facebook.com\\\/getsolbio\\\/\",\"https:\\\/\\\/www.instagram.com\\\/solbio\\\/\",\"https:\\\/\\\/www.linkedin.com\\\/company\\\/solbio\\\/\"]}]}<\/script>\n<!-- \/ Yoast SEO plugin. -->","yoast_head_json":{"title":"Nettoyant pour salle de bain et cuisine","robots":{"index":"index","follow":"follow","max-snippet":"max-snippet:-1","max-image-preview":"max-image-preview:large","max-video-preview":"max-video-preview:-1"},"canonical":"https:\/\/getsolbio.com\/fr\/produit\/bathroom-kitchen\/","og_locale":"fr_FR","og_type":"article","og_title":"Badkamer & Keukenreiniger - Solbio","og_description":"Frisse geur van citrus &amp; roze Onze reiniger, boordevol natuurlijke kracht, is hier om kalk, vet en zeepresten te verslaan Biologisch afbreekbaar Bevat geen kleurstoffen, parabenen, fosfaten, chloor of ammoniak Met ingredi\u00ebnten van plantaardige oorsprong Badkamer- en Keukenreiniger: voor een frisse &amp; propere trip Less is more. Compact reizen is ideaal als je even helemaal [&hellip;]","og_url":"https:\/\/getsolbio.com\/fr\/produit\/bathroom-kitchen\/","og_site_name":"Solbio","article_publisher":"https:\/\/www.facebook.com\/getsolbio\/","article_modified_time":"2026-04-23T02:06:12+00:00","og_image":[{"width":384,"height":972,"url":"https:\/\/getsolbio.com\/wp-content\/uploads\/2025\/01\/bathroom-kitchen-cleaner-EN-left-low-res.png","type":"image\/png"}],"twitter_card":"summary_large_image","schema":{"@context":"https:\/\/schema.org","@graph":[{"@type":"WebPage","@id":"https:\/\/getsolbio.com\/product\/bathroom-kitchen\/","url":"https:\/\/getsolbio.com\/product\/bathroom-kitchen\/","name":"Nettoyant pour salle de bain et cuisine","isPartOf":{"@id":"https:\/\/getsolbio.com\/#website"},"primaryImageOfPage":{"@id":"https:\/\/getsolbio.com\/product\/bathroom-kitchen\/#primaryimage"},"image":{"@id":"https:\/\/getsolbio.com\/product\/bathroom-kitchen\/#primaryimage"},"thumbnailUrl":"https:\/\/getsolbio.com\/wp-content\/uploads\/2025\/01\/bathroom-kitchen-cleaner-EN-left-low-res.png","datePublished":"2025-01-06T23:00:00+00:00","dateModified":"2026-04-23T02:06:12+00:00","breadcrumb":{"@id":"https:\/\/getsolbio.com\/product\/bathroom-kitchen\/#breadcrumb"},"inLanguage":"fr-FR","potentialAction":[{"@type":"ReadAction","target":["https:\/\/getsolbio.com\/product\/bathroom-kitchen\/"]}]},{"@type":"ImageObject","inLanguage":"fr-FR","@id":"https:\/\/getsolbio.com\/product\/bathroom-kitchen\/#primaryimage","url":"https:\/\/getsolbio.com\/wp-content\/uploads\/2025\/01\/bathroom-kitchen-cleaner-EN-left-low-res.png","contentUrl":"https:\/\/getsolbio.com\/wp-content\/uploads\/2025\/01\/bathroom-kitchen-cleaner-EN-left-low-res.png","width":384,"height":972},{"@type":"BreadcrumbList","@id":"https:\/\/getsolbio.com\/product\/bathroom-kitchen\/#breadcrumb","itemListElement":[{"@type":"ListItem","position":1,"name":"Home","item":"https:\/\/getsolbio.com\/"},{"@type":"ListItem","position":2,"name":"Winkel","item":"https:\/\/getsolbio.com\/winkel\/"},{"@type":"ListItem","position":3,"name":"Care &amp; Cleaning","item":"https:\/\/getsolbio.com\/es\/categoria-producto\/care-cleaning\/"},{"@type":"ListItem","position":4,"name":"Badkamer &#038; Keukenreiniger"}]},{"@type":"WebSite","@id":"https:\/\/getsolbio.com\/#website","url":"https:\/\/getsolbio.com\/","name":"Getsolbio","description":"Take the green road","publisher":{"@id":"https:\/\/getsolbio.com\/#organization"},"potentialAction":[{"@type":"SearchAction","target":{"@type":"EntryPoint","urlTemplate":"https:\/\/getsolbio.com\/?s={search_term_string}"},"query-input":{"@type":"PropertyValueSpecification","valueRequired":true,"valueName":"search_term_string"}}],"inLanguage":"fr-FR"},{"@type":"Organization","@id":"https:\/\/getsolbio.com\/#organization","name":"Getsolbio","url":"https:\/\/getsolbio.com\/","logo":{"@type":"ImageObject","inLanguage":"fr-FR","@id":"https:\/\/getsolbio.com\/#\/schema\/logo\/image\/","url":"https:\/\/getsolbio.com\/wp-content\/uploads\/2025\/02\/solbio-logo-website.png","contentUrl":"https:\/\/getsolbio.com\/wp-content\/uploads\/2025\/02\/solbio-logo-website.png","width":110,"height":111,"caption":"Getsolbio"},"image":{"@id":"https:\/\/getsolbio.com\/#\/schema\/logo\/image\/"},"sameAs":["https:\/\/www.facebook.com\/getsolbio\/","https:\/\/www.instagram.com\/solbio\/","https:\/\/www.linkedin.com\/company\/solbio\/"]}]}},"_links":{"self":[{"href":"https:\/\/getsolbio.com\/fr\/wp-json\/wp\/v2\/product\/387","targetHints":{"allow":["GET"]}}],"collection":[{"href":"https:\/\/getsolbio.com\/fr\/wp-json\/wp\/v2\/product"}],"about":[{"href":"https:\/\/getsolbio.com\/fr\/wp-json\/wp\/v2\/types\/product"}],"replies":[{"embeddable":true,"href":"https:\/\/getsolbio.com\/fr\/wp-json\/wp\/v2\/comments?post=387"}],"wp:featuredmedia":[{"embeddable":true,"href":"https:\/\/getsolbio.com\/fr\/wp-json\/wp\/v2\/media\/388"}],"wp:attachment":[{"href":"https:\/\/getsolbio.com\/fr\/wp-json\/wp\/v2\/media?parent=387"}],"wp:term":[{"taxonomy":"product_brand","embeddable":true,"href":"https:\/\/getsolbio.com\/fr\/wp-json\/wp\/v2\/product_brand?post=387"},{"taxonomy":"product_cat","embeddable":true,"href":"https:\/\/getsolbio.com\/fr\/wp-json\/wp\/v2\/product_cat?post=387"},{"taxonomy":"product_tag","embeddable":true,"href":"https:\/\/getsolbio.com\/fr\/wp-json\/wp\/v2\/product_tag?post=387"}],"curies":[{"name":"wp","href":"https:\/\/api.w.org\/{rel}","templated":true}]}}